{"id":10103,"date":"2024-05-20T10:14:37","date_gmt":"2024-05-20T07:14:37","guid":{"rendered":"https:\/\/roysis.com\/tr\/?page_id=10103"},"modified":"2024-06-03T15:11:30","modified_gmt":"2024-06-03T12:11:30","slug":"rfid-cozumleri","status":"publish","type":"page","link":"https:\/\/roysis.com\/tr\/rfid-cozumleri\/","title":{"rendered":"RFID \u00c7\u00f6z\u00fcmleri"},"content":{"rendered":"<section class=\"l-section wpb_row height_small\"><div class=\"l-section-h i-cf\"><div class=\"g-cols vc_row via_grid cols_1 laptops-cols_inherit tablets-cols_inherit mobiles-cols_1 valign_top type_default stacking_default\"><div class=\"wpb_column vc_column_container\"><div class=\"vc_column-inner\"><div class=\"g-cols wpb_row via_grid cols_2-1 laptops-cols_inherit tablets-cols_inherit mobiles-cols_1 valign_top type_default stacking_default\" style=\"--gap:3rem;\"><div class=\"wpb_column vc_column_container\"><div class=\"vc_column-inner\"><div class=\"wpb_text_column us_custom_7e20fa79 us_animate_this\"><div class=\"wpb_wrapper\"><p>RF\u0130D Teknik a\u00e7\u0131l\u0131m\u0131 Rad\u0131o Frequency Id Technology &#8216;dir. \u00d6zellikle \u00fcr\u00fcn say\u0131mlar\u0131nda zaman kazanmak amac\u0131yla geli\u015ftirilmi\u015f h\u0131zl\u0131 bir sistemdir. Radyo Frekans\u0131 Tan\u0131mlama, teorik olarak barkod tan\u0131mlamaya benzeyen bir teknolojidir. Nesnelere ekli etiketleri otomatik olarak tan\u0131mlamak, takip ve veri depolamak-aktarmak i\u00e7in radyo frekans elektromanyetik alanlar\u0131n\u0131n kablosuz temass\u0131z kullan\u0131m\u0131d\u0131r.<\/p>\n<p>ROYS\u0130S yaz\u0131l\u0131m ve donan\u0131m ekibi taraf\u0131ndan 2010 y\u0131l\u0131nda geli\u015ftirilen ROYS\u0130S RFID sistemi ile ROYS\u0130S Kap\u0131 G\u00fcvenlik Sistemi, El Terminali ve Mobil Tablet entegrasyonu sa\u011flanmas\u0131 halinde kapsaml\u0131 ve l\u00fcks bir g\u00fcvenlik yap\u0131s\u0131 sa\u011flar. ROYS\u0130S RFID ayr\u0131ca toplu \u00fcr\u00fcn \u00e7\u0131k\u0131\u015flar\u0131nda da kullan\u0131lan son derece h\u0131zl\u0131 ve g\u00fcvenli bir sistemdir.<\/p>\n<p>RFID \u00e7\u00f6z\u00fcmlerinin baz\u0131 sekt\u00f6rel faydalar\u0131ndan bahsedecek olursak;<\/p>\n<p>RFID, kimya end\u00fcstrileri, imalat, perakende, in\u015faat, m\u00fchendislik, kuyumculuk, lojistik, kamu ve di\u011fer pek \u00e7ok sekt\u00f6rde kullan\u0131lmaktad\u0131r. RFID&#8217;nin faydalar\u0131 sekt\u00f6rlere g\u00f6re farkl\u0131l\u0131k g\u00f6sterir.<\/p>\n<p>\u015e\u00f6yle ki;<\/p>\n<p>Verimlili\u011fi art\u0131rmak i\u00e7in RFID uygulamalar\u0131 stoklar\u0131n veya di\u011fer \u00f6\u011felerin hareketi ve konumu hakk\u0131nda bilgi toplanmas\u0131n\u0131 otomatikle\u015ftirebilir. Veri toplama, baz\u0131 manuel i\u015f y\u00fcklerini ortadan kald\u0131rarak di\u011fer etkinliklerin daha verimli yap\u0131lmas\u0131n\u0131 sa\u011flayabilir. RFID kullanarak \u00fcr\u00fcnleri tan\u0131mlamak, barkod taramas\u0131ndan veya \u00fcr\u00fcn ayr\u0131nt\u0131lar\u0131n\u0131n manuel olarak girilmesinden daha h\u0131zl\u0131d\u0131r.<\/p>\n<p>Veri Yakalama i\u00e7in RFID yakla\u015f\u0131m\u0131 kullanmak, verilerin h\u0131zl\u0131 ve do\u011fru bir \u015fekilde yakalanabilece\u011fi anlam\u0131na gelir. RFID ile elektronik veri toplama, ayn\u0131 anda \u00e7ok say\u0131da \u00f6\u011fe \u00fczerinde veri toplamak i\u00e7in kullan\u0131ld\u0131\u011f\u0131nda hatalar\u0131 \u00f6nler ve ka\u00e7\u0131r\u0131lan \u00f6\u011felerin say\u0131s\u0131n\u0131 minimize eder.<\/p>\n<p>Sermaye Maliyetlerini azaltmak i\u00e7in RFID teknolojileri, stoklar\u0131n veya varl\u0131klar\u0131n daha iyi kontrol edilmesini sa\u011flayarak maliyetleri d\u00fc\u015f\u00fcrmeye yard\u0131mc\u0131 olur. Test ekipman\u0131, nakliye ambalaj\u0131, bilgi i\u015flem teknolojisi gibi ticari varl\u0131klar\u0131n takibine yard\u0131mc\u0131 olabilir.<\/p>\n<p>G\u00fcvenlik i\u00e7in RFID \u00f6zellikli kontrol sistemleri ile i\u015fyeri g\u00fcvenli\u011fi art\u0131r\u0131labilir.<\/p>\n<p>Do\u011fru stok y\u00f6netimi ile gelir art\u0131\u015f\u0131 i\u00e7in; RFID sistemleri sistem sto\u011fu ile ger\u00e7ek stok aras\u0131ndaki g\u00fcvenilirli\u011fi sa\u011flayarak m\u00fc\u015fterilere \u00fcr\u00fcn hareketleri hakk\u0131nda iyile\u015ftirilmi\u015f bilgi sunar. B\u00f6ylece daha y\u00fcksek sat\u0131\u015f ve daha iyi marj f\u0131rsatlar\u0131 sa\u011flanabilir.<\/p>\n<p>\u00d6zetle RFID teknolojileri bir\u00e7ok end\u00fcstride farkl\u0131 faydalar sa\u011flamak i\u00e7in kullan\u0131labilir.<\/p>\n<p>RFID sistemleri ile ilgili t\u00fcm talep\/sorular\u0131n\u0131z i\u00e7in uzman ekibimizle irtibata ge\u00e7ebilirsiniz.<\/p>\n<\/div><\/div><\/div><\/div><div class=\"wpb_column vc_column_container\"><div class=\"vc_column-inner\"><div class=\"w-image us_custom_450f9266 us_animate_this hide_on_tablets hide_on_mobiles has_ratio align_none\"><div class=\"w-image-h\"><div style=\"padding-bottom:150%\"><\/div><img decoding=\"async\" width=\"1385\" height=\"2000\" src=\"https:\/\/roysis.com\/tr\/wp-content\/uploads\/2024\/06\/rfid-cozumleri.jpg\" class=\"attachment-full size-full\" alt=\"\" loading=\"lazy\" \/><\/div><\/div><div class=\"w-image us_custom_450f9266 us_animate_this hide_on_default hide_on_laptops has_ratio align_none\"><div class=\"w-image-h\"><div style=\"padding-bottom:66.6667%\"><\/div><img decoding=\"async\" width=\"1385\" height=\"2000\" src=\"https:\/\/roysis.com\/tr\/wp-content\/uploads\/2024\/06\/rfid-cozumleri.jpg\" class=\"attachment-full size-full\" alt=\"\" loading=\"lazy\" \/><\/div><\/div><\/div><\/div><\/div><\/div><\/div><\/div><\/div><\/section>\n","protected":false},"excerpt":{"rendered":"RF\u0130D Teknik a\u00e7\u0131l\u0131m\u0131 Rad\u0131o Frequency Id Technology &#8216;dir. \u00d6zellikle \u00fcr\u00fcn say\u0131mlar\u0131nda zaman kazanmak amac\u0131yla geli\u015ftirilmi\u015f h\u0131zl\u0131 bir sistemdir. Radyo Frekans\u0131 Tan\u0131mlama, teorik olarak barkod tan\u0131mlamaya benzeyen bir teknolojidir. Nesnelere ekli etiketleri otomatik olarak tan\u0131mlamak, takip ve veri depolamak-aktarmak i\u00e7in radyo frekans elektromanyetik alanlar\u0131n\u0131n kablosuz temass\u0131z kullan\u0131m\u0131d\u0131r. ROYS\u0130S yaz\u0131l\u0131m ve donan\u0131m ekibi taraf\u0131ndan 2010 y\u0131l\u0131nda geli\u015ftirilen...","protected":false},"author":1,"featured_media":0,"parent":0,"menu_order":0,"comment_status":"closed","ping_status":"closed","template":"","meta":{"_acf_changed":false,"footnotes":""},"class_list":["post-10103","page","type-page","status-publish","hentry"],"acf":[],"yoast_head":"<!-- This site is optimized with the Yoast SEO plugin v23.9 - https:\/\/yoast.com\/wordpress\/plugins\/seo\/ -->\n<title>RFID \u00c7\u00f6z\u00fcmleri | ROYS\u0130S | Etiket ve Barkod Bask\u0131 Sistemleri<\/title>\n<meta name=\"robots\" content=\"index, follow, max-snippet:-1, max-image-preview:large, max-video-preview:-1\" \/>\n<link rel=\"canonical\" href=\"https:\/\/roysis.com\/tr\/rfid-cozumleri\/\" \/>\n<meta property=\"og:locale\" content=\"tr_TR\" \/>\n<meta property=\"og:type\" content=\"article\" \/>\n<meta property=\"og:title\" content=\"RFID \u00c7\u00f6z\u00fcmleri | ROYS\u0130S | Etiket ve Barkod Bask\u0131 Sistemleri\" \/>\n<meta property=\"og:url\" content=\"https:\/\/roysis.com\/tr\/rfid-cozumleri\/\" \/>\n<meta property=\"og:site_name\" content=\"ROYS\u0130S | Etiket ve Barkod Bask\u0131 Sistemleri\" \/>\n<meta property=\"article:modified_time\" content=\"2024-06-03T12:11:30+00:00\" \/>\n<meta property=\"og:image\" content=\"https:\/\/roysis.com\/tr\/wp-content\/uploads\/2024\/06\/roysis.jpg\" \/>\n\t<meta property=\"og:image:width\" content=\"800\" \/>\n\t<meta property=\"og:image:height\" content=\"800\" \/>\n\t<meta property=\"og:image:type\" content=\"image\/jpeg\" \/>\n<meta name=\"twitter:card\" content=\"summary_large_image\" \/>\n<meta name=\"twitter:label1\" content=\"Tahmini okuma s\u00fcresi\" \/>\n\t<meta name=\"twitter:data1\" content=\"3 dakika\" \/>\n<script type=\"application\/ld+json\" class=\"yoast-schema-graph\">{\"@context\":\"https:\/\/schema.org\",\"@graph\":[{\"@type\":\"WebPage\",\"@id\":\"https:\/\/roysis.com\/tr\/rfid-cozumleri\/\",\"url\":\"https:\/\/roysis.com\/tr\/rfid-cozumleri\/\",\"name\":\"RFID \u00c7\u00f6z\u00fcmleri | ROYS\u0130S | Etiket ve Barkod Bask\u0131 Sistemleri\",\"isPartOf\":{\"@id\":\"https:\/\/roysis.com\/tr\/#website\"},\"datePublished\":\"2024-05-20T07:14:37+00:00\",\"dateModified\":\"2024-06-03T12:11:30+00:00\",\"breadcrumb\":{\"@id\":\"https:\/\/roysis.com\/tr\/rfid-cozumleri\/#breadcrumb\"},\"inLanguage\":\"tr\",\"potentialAction\":[{\"@type\":\"ReadAction\",\"target\":[\"https:\/\/roysis.com\/tr\/rfid-cozumleri\/\"]}]},{\"@type\":\"BreadcrumbList\",\"@id\":\"https:\/\/roysis.com\/tr\/rfid-cozumleri\/#breadcrumb\",\"itemListElement\":[{\"@type\":\"ListItem\",\"position\":1,\"name\":\"Anasayfa\",\"item\":\"https:\/\/roysis.com\/tr\/\"},{\"@type\":\"ListItem\",\"position\":2,\"name\":\"RFID \u00c7\u00f6z\u00fcmleri\"}]},{\"@type\":\"WebSite\",\"@id\":\"https:\/\/roysis.com\/tr\/#website\",\"url\":\"https:\/\/roysis.com\/tr\/\",\"name\":\"ROYS\u0130S | Etiket ve Barkod Bask\u0131 Sistemleri\",\"description\":\"\",\"publisher\":{\"@id\":\"https:\/\/roysis.com\/tr\/#organization\"},\"potentialAction\":[{\"@type\":\"SearchAction\",\"target\":{\"@type\":\"EntryPoint\",\"urlTemplate\":\"https:\/\/roysis.com\/tr\/?s={search_term_string}\"},\"query-input\":{\"@type\":\"PropertyValueSpecification\",\"valueRequired\":true,\"valueName\":\"search_term_string\"}}],\"inLanguage\":\"tr\"},{\"@type\":\"Organization\",\"@id\":\"https:\/\/roysis.com\/tr\/#organization\",\"name\":\"ROYS\u0130S | Etiket ve Barkod Bask\u0131 Sistemleri\",\"url\":\"https:\/\/roysis.com\/tr\/\",\"logo\":{\"@type\":\"ImageObject\",\"inLanguage\":\"tr\",\"@id\":\"https:\/\/roysis.com\/tr\/#\/schema\/logo\/image\/\",\"url\":\"https:\/\/roysis.com\/tr\/wp-content\/uploads\/2017\/07\/roysis-logo.png\",\"contentUrl\":\"https:\/\/roysis.com\/tr\/wp-content\/uploads\/2017\/07\/roysis-logo.png\",\"width\":4500,\"height\":1475,\"caption\":\"ROYS\u0130S | Etiket ve Barkod Bask\u0131 Sistemleri\"},\"image\":{\"@id\":\"https:\/\/roysis.com\/tr\/#\/schema\/logo\/image\/\"}}]}<\/script>\n<!-- \/ Yoast SEO plugin. -->","yoast_head_json":{"title":"RFID \u00c7\u00f6z\u00fcmleri | ROYS\u0130S | Etiket ve Barkod Bask\u0131 Sistemleri","robots":{"index":"index","follow":"follow","max-snippet":"max-snippet:-1","max-image-preview":"max-image-preview:large","max-video-preview":"max-video-preview:-1"},"canonical":"https:\/\/roysis.com\/tr\/rfid-cozumleri\/","og_locale":"tr_TR","og_type":"article","og_title":"RFID \u00c7\u00f6z\u00fcmleri | ROYS\u0130S | Etiket ve Barkod Bask\u0131 Sistemleri","og_url":"https:\/\/roysis.com\/tr\/rfid-cozumleri\/","og_site_name":"ROYS\u0130S | Etiket ve Barkod Bask\u0131 Sistemleri","article_modified_time":"2024-06-03T12:11:30+00:00","og_image":[{"width":800,"height":800,"url":"https:\/\/roysis.com\/tr\/wp-content\/uploads\/2024\/06\/roysis.jpg","type":"image\/jpeg"}],"twitter_card":"summary_large_image","twitter_misc":{"Tahmini okuma s\u00fcresi":"3 dakika"},"schema":{"@context":"https:\/\/schema.org","@graph":[{"@type":"WebPage","@id":"https:\/\/roysis.com\/tr\/rfid-cozumleri\/","url":"https:\/\/roysis.com\/tr\/rfid-cozumleri\/","name":"RFID \u00c7\u00f6z\u00fcmleri | ROYS\u0130S | Etiket ve Barkod Bask\u0131 Sistemleri","isPartOf":{"@id":"https:\/\/roysis.com\/tr\/#website"},"datePublished":"2024-05-20T07:14:37+00:00","dateModified":"2024-06-03T12:11:30+00:00","breadcrumb":{"@id":"https:\/\/roysis.com\/tr\/rfid-cozumleri\/#breadcrumb"},"inLanguage":"tr","potentialAction":[{"@type":"ReadAction","target":["https:\/\/roysis.com\/tr\/rfid-cozumleri\/"]}]},{"@type":"BreadcrumbList","@id":"https:\/\/roysis.com\/tr\/rfid-cozumleri\/#breadcrumb","itemListElement":[{"@type":"ListItem","position":1,"name":"Anasayfa","item":"https:\/\/roysis.com\/tr\/"},{"@type":"ListItem","position":2,"name":"RFID \u00c7\u00f6z\u00fcmleri"}]},{"@type":"WebSite","@id":"https:\/\/roysis.com\/tr\/#website","url":"https:\/\/roysis.com\/tr\/","name":"ROYS\u0130S | Etiket ve Barkod Bask\u0131 Sistemleri","description":"","publisher":{"@id":"https:\/\/roysis.com\/tr\/#organization"},"potentialAction":[{"@type":"SearchAction","target":{"@type":"EntryPoint","urlTemplate":"https:\/\/roysis.com\/tr\/?s={search_term_string}"},"query-input":{"@type":"PropertyValueSpecification","valueRequired":true,"valueName":"search_term_string"}}],"inLanguage":"tr"},{"@type":"Organization","@id":"https:\/\/roysis.com\/tr\/#organization","name":"ROYS\u0130S | Etiket ve Barkod Bask\u0131 Sistemleri","url":"https:\/\/roysis.com\/tr\/","logo":{"@type":"ImageObject","inLanguage":"tr","@id":"https:\/\/roysis.com\/tr\/#\/schema\/logo\/image\/","url":"https:\/\/roysis.com\/tr\/wp-content\/uploads\/2017\/07\/roysis-logo.png","contentUrl":"https:\/\/roysis.com\/tr\/wp-content\/uploads\/2017\/07\/roysis-logo.png","width":4500,"height":1475,"caption":"ROYS\u0130S | Etiket ve Barkod Bask\u0131 Sistemleri"},"image":{"@id":"https:\/\/roysis.com\/tr\/#\/schema\/logo\/image\/"}}]}},"_links":{"self":[{"href":"https:\/\/roysis.com\/tr\/wp-json\/wp\/v2\/pages\/10103","targetHints":{"allow":["GET"]}}],"collection":[{"href":"https:\/\/roysis.com\/tr\/wp-json\/wp\/v2\/pages"}],"about":[{"href":"https:\/\/roysis.com\/tr\/wp-json\/wp\/v2\/types\/page"}],"author":[{"embeddable":true,"href":"https:\/\/roysis.com\/tr\/wp-json\/wp\/v2\/users\/1"}],"replies":[{"embeddable":true,"href":"https:\/\/roysis.com\/tr\/wp-json\/wp\/v2\/comments?post=10103"}],"version-history":[{"count":13,"href":"https:\/\/roysis.com\/tr\/wp-json\/wp\/v2\/pages\/10103\/revisions"}],"predecessor-version":[{"id":10635,"href":"https:\/\/roysis.com\/tr\/wp-json\/wp\/v2\/pages\/10103\/revisions\/10635"}],"wp:attachment":[{"href":"https:\/\/roysis.com\/tr\/wp-json\/wp\/v2\/media?parent=10103"}],"curies":[{"name":"wp","href":"https:\/\/api.w.org\/{rel}","templated":true}]}}