{"id":8585,"date":"2024-02-20T14:19:50","date_gmt":"2024-02-20T11:19:50","guid":{"rendered":"https:\/\/roysis.com\/tr\/?page_id=8585"},"modified":"2024-07-31T09:37:11","modified_gmt":"2024-07-31T06:37:11","slug":"hakkimizda","status":"publish","type":"page","link":"https:\/\/roysis.com\/tr\/hakkimizda\/","title":{"rendered":"Hakk\u0131m\u0131zda"},"content":{"rendered":"<section class=\"l-section wpb_row height_small\"><div class=\"l-section-h i-cf\"><div class=\"g-cols vc_row via_grid cols_1 laptops-cols_inherit tablets-cols_inherit mobiles-cols_1 valign_top type_default stacking_default\"><div class=\"wpb_column vc_column_container\"><div class=\"vc_column-inner\"><div class=\"w-post-elm post_image us_custom_b4260776 hide_on_tablets hide_on_mobiles has_ratio\"><img loading=\"lazy\" decoding=\"async\" width=\"1500\" height=\"625\" src=\"https:\/\/roysis.com\/tr\/wp-content\/uploads\/2024\/06\/hakkimizda-1.jpg\" class=\"attachment-full size-full wp-post-image\" alt=\"\" \/><div style=\"padding-bottom:27.2727%\"><\/div><\/div><div class=\"w-post-elm post_image us_custom_b4260776 hide_on_default hide_on_laptops has_ratio\"><img loading=\"lazy\" decoding=\"async\" width=\"1500\" height=\"625\" src=\"https:\/\/roysis.com\/tr\/wp-content\/uploads\/2024\/06\/hakkimizda-1.jpg\" class=\"attachment-full size-full wp-post-image\" alt=\"\" \/><div style=\"padding-bottom:56.25%\"><\/div><\/div><div class=\"w-separator size_medium\"><\/div><div class=\"wpb_text_column\"><div class=\"wpb_wrapper\"><p>Roysis Etiket ve Barkod Bask\u0131 Sistemleri olarak sekt\u00f6rdeki istikrarl\u0131 ve g\u00fcvenilir duru\u015fumuzla m\u00fc\u015fterilerimize en kaliteli hizmeti sunmaya devam ediyoruz. 2010 y\u0131l\u0131ndan itibaren \u0130stanbul merkezli \u00fcretim tesisimizde barkod sistemleri ve etiket \u00fcretimi konusunda bilgi ve tecr\u00fcbemizi siz de\u011ferli m\u00fc\u015fterilerimizle payla\u015f\u0131yoruz. Y\u00fcksek \u00fcretim kapasitemizle yurti\u00e7i ve yurtd\u0131\u015f\u0131nda otomotiv, kozmetik, kuyumculuk, tekstil, g\u0131da, sa\u011fl\u0131k, mobilya, seramik ve tar\u0131m gibi geni\u015f bir sekt\u00f6r yelpazesinde faaliyet g\u00f6steren 1000&#8217;in \u00fczerinde m\u00fc\u015fterimize \u00e7\u00f6z\u00fcm orta\u011f\u0131 olmaktan gurur duyuyoruz.<\/p>\n<p>Roysis olarak, m\u00fc\u015fterilerimizin ihtiya\u00e7lar\u0131na \u00f6zel \u00e7\u00f6z\u00fcmler \u00fcretiyor ve en uygun barkodlama sistemleri sunarak i\u015f s\u00fcre\u00e7lerini kolayla\u015ft\u0131r\u0131yoruz. M\u00fc\u015fteri memnuniyetini ve kalite standartlar\u0131n\u0131 her zaman \u00f6n planda tutarak, sekt\u00f6rdeki en g\u00fcvenilir ve tercih edilen firma olmay\u0131 hedefliyoruz.<\/p>\n<p>Profesyonel ekibimiz ve teknolojik alt yap\u0131m\u0131zla, m\u00fc\u015fterilerimize en iyi hizmeti sunmak i\u00e7in s\u00fcrekli kendimizi yeniliyor ve geli\u015ftiriyoruz. Siz de Roysis ailesine kat\u0131larak, i\u015flerinizi daha verimli hale getirebilir, sekt\u00f6r\u00fcn\u00fczde avantaj\u0131 elde edebilirsiniz. Roysis ile \u00f6zel \u00e7\u00f6z\u00fcmlerimizi ke\u015ffedin, b\u00fcy\u00fcmeye birlikte devam edelim.<\/p>\n<\/div><\/div><\/div><\/div><\/div><\/div><\/section>\n","protected":false},"excerpt":{"rendered":"Roysis Etiket ve Barkod Bask\u0131 Sistemleri olarak sekt\u00f6rdeki istikrarl\u0131 ve g\u00fcvenilir duru\u015fumuzla m\u00fc\u015fterilerimize en kaliteli hizmeti sunmaya devam ediyoruz. 2010 y\u0131l\u0131ndan itibaren \u0130stanbul merkezli \u00fcretim tesisimizde barkod sistemleri ve etiket \u00fcretimi konusunda bilgi ve tecr\u00fcbemizi siz de\u011ferli m\u00fc\u015fterilerimizle payla\u015f\u0131yoruz. Y\u00fcksek \u00fcretim kapasitemizle yurti\u00e7i ve yurtd\u0131\u015f\u0131nda otomotiv, kozmetik, kuyumculuk, tekstil, g\u0131da, sa\u011fl\u0131k, mobilya, seramik ve tar\u0131m...","protected":false},"author":1,"featured_media":10603,"parent":0,"menu_order":0,"comment_status":"closed","ping_status":"closed","template":"","meta":{"_acf_changed":false,"footnotes":""},"class_list":["post-8585","page","type-page","status-publish","has-post-thumbnail","hentry"],"acf":[],"yoast_head":"<!-- This site is optimized with the Yoast SEO plugin v23.9 - https:\/\/yoast.com\/wordpress\/plugins\/seo\/ -->\n<title>Hakk\u0131m\u0131zda | ROYS\u0130S | Etiket ve Barkod Bask\u0131 Sistemleri<\/title>\n<meta name=\"robots\" content=\"index, follow, max-snippet:-1, max-image-preview:large, max-video-preview:-1\" \/>\n<link rel=\"canonical\" href=\"https:\/\/roysis.com\/tr\/hakkimizda\/\" \/>\n<meta property=\"og:locale\" content=\"tr_TR\" \/>\n<meta property=\"og:type\" content=\"article\" \/>\n<meta property=\"og:title\" content=\"Hakk\u0131m\u0131zda | ROYS\u0130S | Etiket ve Barkod Bask\u0131 Sistemleri\" \/>\n<meta property=\"og:url\" content=\"https:\/\/roysis.com\/tr\/hakkimizda\/\" \/>\n<meta property=\"og:site_name\" content=\"ROYS\u0130S | Etiket ve Barkod Bask\u0131 Sistemleri\" \/>\n<meta property=\"article:modified_time\" content=\"2024-07-31T06:37:11+00:00\" \/>\n<meta property=\"og:image\" content=\"https:\/\/roysis.com\/tr\/wp-content\/uploads\/2024\/06\/hakkimizda-1.jpg\" \/>\n\t<meta property=\"og:image:width\" content=\"1500\" \/>\n\t<meta property=\"og:image:height\" content=\"625\" \/>\n\t<meta property=\"og:image:type\" content=\"image\/jpeg\" \/>\n<meta name=\"twitter:card\" content=\"summary_large_image\" \/>\n<meta name=\"twitter:label1\" content=\"Tahmini okuma s\u00fcresi\" \/>\n\t<meta name=\"twitter:data1\" content=\"1 dakika\" \/>\n<script type=\"application\/ld+json\" class=\"yoast-schema-graph\">{\"@context\":\"https:\/\/schema.org\",\"@graph\":[{\"@type\":\"WebPage\",\"@id\":\"https:\/\/roysis.com\/tr\/hakkimizda\/\",\"url\":\"https:\/\/roysis.com\/tr\/hakkimizda\/\",\"name\":\"Hakk\u0131m\u0131zda | ROYS\u0130S | Etiket ve Barkod Bask\u0131 Sistemleri\",\"isPartOf\":{\"@id\":\"https:\/\/roysis.com\/tr\/#website\"},\"primaryImageOfPage\":{\"@id\":\"https:\/\/roysis.com\/tr\/hakkimizda\/#primaryimage\"},\"image\":{\"@id\":\"https:\/\/roysis.com\/tr\/hakkimizda\/#primaryimage\"},\"thumbnailUrl\":\"https:\/\/roysis.com\/tr\/wp-content\/uploads\/2024\/06\/hakkimizda-1.jpg\",\"datePublished\":\"2024-02-20T11:19:50+00:00\",\"dateModified\":\"2024-07-31T06:37:11+00:00\",\"breadcrumb\":{\"@id\":\"https:\/\/roysis.com\/tr\/hakkimizda\/#breadcrumb\"},\"inLanguage\":\"tr\",\"potentialAction\":[{\"@type\":\"ReadAction\",\"target\":[\"https:\/\/roysis.com\/tr\/hakkimizda\/\"]}]},{\"@type\":\"ImageObject\",\"inLanguage\":\"tr\",\"@id\":\"https:\/\/roysis.com\/tr\/hakkimizda\/#primaryimage\",\"url\":\"https:\/\/roysis.com\/tr\/wp-content\/uploads\/2024\/06\/hakkimizda-1.jpg\",\"contentUrl\":\"https:\/\/roysis.com\/tr\/wp-content\/uploads\/2024\/06\/hakkimizda-1.jpg\",\"width\":1500,\"height\":625},{\"@type\":\"BreadcrumbList\",\"@id\":\"https:\/\/roysis.com\/tr\/hakkimizda\/#breadcrumb\",\"itemListElement\":[{\"@type\":\"ListItem\",\"position\":1,\"name\":\"Anasayfa\",\"item\":\"https:\/\/roysis.com\/tr\/\"},{\"@type\":\"ListItem\",\"position\":2,\"name\":\"Hakk\u0131m\u0131zda\"}]},{\"@type\":\"WebSite\",\"@id\":\"https:\/\/roysis.com\/tr\/#website\",\"url\":\"https:\/\/roysis.com\/tr\/\",\"name\":\"ROYS\u0130S | Etiket ve Barkod Bask\u0131 Sistemleri\",\"description\":\"\",\"publisher\":{\"@id\":\"https:\/\/roysis.com\/tr\/#organization\"},\"potentialAction\":[{\"@type\":\"SearchAction\",\"target\":{\"@type\":\"EntryPoint\",\"urlTemplate\":\"https:\/\/roysis.com\/tr\/?s={search_term_string}\"},\"query-input\":{\"@type\":\"PropertyValueSpecification\",\"valueRequired\":true,\"valueName\":\"search_term_string\"}}],\"inLanguage\":\"tr\"},{\"@type\":\"Organization\",\"@id\":\"https:\/\/roysis.com\/tr\/#organization\",\"name\":\"ROYS\u0130S | Etiket ve Barkod Bask\u0131 Sistemleri\",\"url\":\"https:\/\/roysis.com\/tr\/\",\"logo\":{\"@type\":\"ImageObject\",\"inLanguage\":\"tr\",\"@id\":\"https:\/\/roysis.com\/tr\/#\/schema\/logo\/image\/\",\"url\":\"https:\/\/roysis.com\/tr\/wp-content\/uploads\/2017\/07\/roysis-logo.png\",\"contentUrl\":\"https:\/\/roysis.com\/tr\/wp-content\/uploads\/2017\/07\/roysis-logo.png\",\"width\":4500,\"height\":1475,\"caption\":\"ROYS\u0130S | Etiket ve Barkod Bask\u0131 Sistemleri\"},\"image\":{\"@id\":\"https:\/\/roysis.com\/tr\/#\/schema\/logo\/image\/\"}}]}<\/script>\n<!-- \/ Yoast SEO plugin. -->","yoast_head_json":{"title":"Hakk\u0131m\u0131zda | ROYS\u0130S | Etiket ve Barkod Bask\u0131 Sistemleri","robots":{"index":"index","follow":"follow","max-snippet":"max-snippet:-1","max-image-preview":"max-image-preview:large","max-video-preview":"max-video-preview:-1"},"canonical":"https:\/\/roysis.com\/tr\/hakkimizda\/","og_locale":"tr_TR","og_type":"article","og_title":"Hakk\u0131m\u0131zda | ROYS\u0130S | Etiket ve Barkod Bask\u0131 Sistemleri","og_url":"https:\/\/roysis.com\/tr\/hakkimizda\/","og_site_name":"ROYS\u0130S | Etiket ve Barkod Bask\u0131 Sistemleri","article_modified_time":"2024-07-31T06:37:11+00:00","og_image":[{"width":1500,"height":625,"url":"https:\/\/roysis.com\/tr\/wp-content\/uploads\/2024\/06\/hakkimizda-1.jpg","type":"image\/jpeg"}],"twitter_card":"summary_large_image","twitter_misc":{"Tahmini okuma s\u00fcresi":"1 dakika"},"schema":{"@context":"https:\/\/schema.org","@graph":[{"@type":"WebPage","@id":"https:\/\/roysis.com\/tr\/hakkimizda\/","url":"https:\/\/roysis.com\/tr\/hakkimizda\/","name":"Hakk\u0131m\u0131zda | ROYS\u0130S | Etiket ve Barkod Bask\u0131 Sistemleri","isPartOf":{"@id":"https:\/\/roysis.com\/tr\/#website"},"primaryImageOfPage":{"@id":"https:\/\/roysis.com\/tr\/hakkimizda\/#primaryimage"},"image":{"@id":"https:\/\/roysis.com\/tr\/hakkimizda\/#primaryimage"},"thumbnailUrl":"https:\/\/roysis.com\/tr\/wp-content\/uploads\/2024\/06\/hakkimizda-1.jpg","datePublished":"2024-02-20T11:19:50+00:00","dateModified":"2024-07-31T06:37:11+00:00","breadcrumb":{"@id":"https:\/\/roysis.com\/tr\/hakkimizda\/#breadcrumb"},"inLanguage":"tr","potentialAction":[{"@type":"ReadAction","target":["https:\/\/roysis.com\/tr\/hakkimizda\/"]}]},{"@type":"ImageObject","inLanguage":"tr","@id":"https:\/\/roysis.com\/tr\/hakkimizda\/#primaryimage","url":"https:\/\/roysis.com\/tr\/wp-content\/uploads\/2024\/06\/hakkimizda-1.jpg","contentUrl":"https:\/\/roysis.com\/tr\/wp-content\/uploads\/2024\/06\/hakkimizda-1.jpg","width":1500,"height":625},{"@type":"BreadcrumbList","@id":"https:\/\/roysis.com\/tr\/hakkimizda\/#breadcrumb","itemListElement":[{"@type":"ListItem","position":1,"name":"Anasayfa","item":"https:\/\/roysis.com\/tr\/"},{"@type":"ListItem","position":2,"name":"Hakk\u0131m\u0131zda"}]},{"@type":"WebSite","@id":"https:\/\/roysis.com\/tr\/#website","url":"https:\/\/roysis.com\/tr\/","name":"ROYS\u0130S | Etiket ve Barkod Bask\u0131 Sistemleri","description":"","publisher":{"@id":"https:\/\/roysis.com\/tr\/#organization"},"potentialAction":[{"@type":"SearchAction","target":{"@type":"EntryPoint","urlTemplate":"https:\/\/roysis.com\/tr\/?s={search_term_string}"},"query-input":{"@type":"PropertyValueSpecification","valueRequired":true,"valueName":"search_term_string"}}],"inLanguage":"tr"},{"@type":"Organization","@id":"https:\/\/roysis.com\/tr\/#organization","name":"ROYS\u0130S | Etiket ve Barkod Bask\u0131 Sistemleri","url":"https:\/\/roysis.com\/tr\/","logo":{"@type":"ImageObject","inLanguage":"tr","@id":"https:\/\/roysis.com\/tr\/#\/schema\/logo\/image\/","url":"https:\/\/roysis.com\/tr\/wp-content\/uploads\/2017\/07\/roysis-logo.png","contentUrl":"https:\/\/roysis.com\/tr\/wp-content\/uploads\/2017\/07\/roysis-logo.png","width":4500,"height":1475,"caption":"ROYS\u0130S | Etiket ve Barkod Bask\u0131 Sistemleri"},"image":{"@id":"https:\/\/roysis.com\/tr\/#\/schema\/logo\/image\/"}}]}},"_links":{"self":[{"href":"https:\/\/roysis.com\/tr\/wp-json\/wp\/v2\/pages\/8585","targetHints":{"allow":["GET"]}}],"collection":[{"href":"https:\/\/roysis.com\/tr\/wp-json\/wp\/v2\/pages"}],"about":[{"href":"https:\/\/roysis.com\/tr\/wp-json\/wp\/v2\/types\/page"}],"author":[{"embeddable":true,"href":"https:\/\/roysis.com\/tr\/wp-json\/wp\/v2\/users\/1"}],"replies":[{"embeddable":true,"href":"https:\/\/roysis.com\/tr\/wp-json\/wp\/v2\/comments?post=8585"}],"version-history":[{"count":33,"href":"https:\/\/roysis.com\/tr\/wp-json\/wp\/v2\/pages\/8585\/revisions"}],"predecessor-version":[{"id":10886,"href":"https:\/\/roysis.com\/tr\/wp-json\/wp\/v2\/pages\/8585\/revisions\/10886"}],"wp:featuredmedia":[{"embeddable":true,"href":"https:\/\/roysis.com\/tr\/wp-json\/wp\/v2\/media\/10603"}],"wp:attachment":[{"href":"https:\/\/roysis.com\/tr\/wp-json\/wp\/v2\/media?parent=8585"}],"curies":[{"name":"wp","href":"https:\/\/api.w.org\/{rel}","templated":true}]}}