{"id":8587,"date":"2024-02-20T14:20:03","date_gmt":"2024-02-20T11:20:03","guid":{"rendered":"https:\/\/roysis.com\/tr\/?page_id=8587"},"modified":"2025-09-01T14:36:38","modified_gmt":"2025-09-01T11:36:38","slug":"belgelerimiz-ve-sertifikalarimiz","status":"publish","type":"page","link":"https:\/\/roysis.com\/tr\/belgelerimiz-ve-sertifikalarimiz\/","title":{"rendered":"Belgelerimiz ve Sertifikalar\u0131m\u0131z"},"content":{"rendered":"<section class=\"l-section wpb_row height_small\"><div class=\"l-section-h i-cf\"><div class=\"g-cols vc_row via_grid cols_1 laptops-cols_inherit tablets-cols_inherit mobiles-cols_1 valign_top type_default stacking_default\"><div class=\"wpb_column vc_column_container\"><div class=\"vc_column-inner\"><div class=\"w-grid type_grid layout_8715 cols_4 overflow_hidden\" id=\"us_grid_1\" style=\"--gap:1rem;\" data-filterable=\"true\"><style>@media (max-width:1380px){#us_grid_1 .w-grid-item{width:33.3333%}}@media (max-width:1000px){#us_grid_1 .w-grid-item{width:33.3333%}}@media (max-width:670px){#us_grid_1 .w-grid-item{width:50%}}.layout_8715 .w-grid-item-h{background:#ffffff;border-radius:0.3rem;box-shadow:0 0.03rem 0.06rem rgba(0,0,0,0.1),0 0.1rem 0.3rem rgba(0,0,0,0.1);transition-duration:0.3s}.no-touch .layout_8715 .w-grid-item-h:hover{box-shadow:0 0.07rem 0.14rem rgba(0,0,0,0.1),0 0.23rem 0.7rem rgba(0,0,0,0.15);z-index:4}.layout_8715 .usg_post_image_1{margin-bottom:-2rem!important;border-radius:0.3rem!important}.layout_8715 .usg_post_title_1{color:#6f747d!important;font-size:15px!important;font-weight:600!important}.layout_8715 .usg_vwrapper_1{margin-top:2rem!important;border-top-width:1px!important;border-color:#f5f5f5!important;border-top-style:solid!important;padding:7% 4% 7% 4%!important}<\/style><div class=\"w-grid-list\">\t<article class=\"w-grid-item size_1x1 post-10545 attachment type-attachment status-inherit hentry\" data-id=\"10545\">\r\n\t\t<div class=\"w-grid-item-h\">\r\n\t\t\t\t\t\t\t<a ref=\"magnificPopupGrid\" href=\"https:\/\/roysis.com\/tr\/wp-content\/uploads\/2024\/05\/belgelerimiz-ve-sertifikalarimiz-1.jpg\" class=\"w-grid-item-anchor\" aria-label=\"FSC\u00ae Belgesi (FSC-C174243)\"><\/a>\r\n\t\t\t\t\t\t<div class=\"w-vwrapper usg_vwrapper_2 align_none valign_middle\"><div class=\"w-post-elm post_image usg_post_image_1 stretched\"><img loading=\"lazy\" decoding=\"async\" width=\"848\" height=\"1200\" src=\"https:\/\/roysis.com\/tr\/wp-content\/uploads\/2024\/05\/belgelerimiz-ve-sertifikalarimiz-1.jpg\" class=\"attachment-full size-full\" alt=\"\" srcset=\"https:\/\/roysis.com\/tr\/wp-content\/uploads\/2024\/05\/belgelerimiz-ve-sertifikalarimiz-1.jpg 848w, https:\/\/roysis.com\/tr\/wp-content\/uploads\/2024\/05\/belgelerimiz-ve-sertifikalarimiz-1-212x300.jpg 212w, https:\/\/roysis.com\/tr\/wp-content\/uploads\/2024\/05\/belgelerimiz-ve-sertifikalarimiz-1-724x1024.jpg 724w\" sizes=\"auto, (max-width: 848px) 100vw, 848px\" \/><\/div><\/div><div class=\"w-vwrapper usg_vwrapper_1 align_center valign_middle\"><h6 class=\"w-post-elm post_title usg_post_title_1 has_text_color entry-title color_link_inherit\">FSC\u00ae Belgesi (FSC-C174243)<\/h6><\/div>\t\t<\/div>\r\n\t\t\t<\/article>\r\n\t<article class=\"w-grid-item size_1x1 post-11054 attachment type-attachment status-inherit hentry\" data-id=\"11054\">\r\n\t\t<div class=\"w-grid-item-h\">\r\n\t\t\t\t\t\t\t<a ref=\"magnificPopupGrid\" href=\"https:\/\/roysis.com\/tr\/wp-content\/uploads\/2025\/08\/gida-guvenligi-yonetim-sistemi-ve-brc-global-standart-belgeleri.webp\" class=\"w-grid-item-anchor\" aria-label=\"BRC-Global Standart-Food Safety\"><\/a>\r\n\t\t\t\t\t\t<div class=\"w-vwrapper usg_vwrapper_2 align_none valign_middle\"><div class=\"w-post-elm post_image usg_post_image_1 stretched\"><img loading=\"lazy\" decoding=\"async\" width=\"848\" height=\"1200\" src=\"https:\/\/roysis.com\/tr\/wp-content\/uploads\/2025\/08\/gida-guvenligi-yonetim-sistemi-ve-brc-global-standart-belgeleri.webp\" class=\"attachment-full size-full\" alt=\"\" srcset=\"https:\/\/roysis.com\/tr\/wp-content\/uploads\/2025\/08\/gida-guvenligi-yonetim-sistemi-ve-brc-global-standart-belgeleri.webp 848w, https:\/\/roysis.com\/tr\/wp-content\/uploads\/2025\/08\/gida-guvenligi-yonetim-sistemi-ve-brc-global-standart-belgeleri-212x300.webp 212w, https:\/\/roysis.com\/tr\/wp-content\/uploads\/2025\/08\/gida-guvenligi-yonetim-sistemi-ve-brc-global-standart-belgeleri-724x1024.webp 724w\" sizes=\"auto, (max-width: 848px) 100vw, 848px\" \/><\/div><\/div><div class=\"w-vwrapper usg_vwrapper_1 align_center valign_middle\"><h6 class=\"w-post-elm post_title usg_post_title_1 has_text_color entry-title color_link_inherit\">BRC-Global Standart-Food Safety<\/h6><\/div>\t\t<\/div>\r\n\t\t\t<\/article>\r\n\t<article class=\"w-grid-item size_1x1 post-11055 attachment type-attachment status-inherit hentry\" data-id=\"11055\">\r\n\t\t<div class=\"w-grid-item-h\">\r\n\t\t\t\t\t\t\t<a ref=\"magnificPopupGrid\" href=\"https:\/\/roysis.com\/tr\/wp-content\/uploads\/2025\/08\/gida-guvenligi-yonetim-sistemi-ve-brc-global-standart-belgeleri-2.webp\" class=\"w-grid-item-anchor\" aria-label=\"ISO 22000:2018\"><\/a>\r\n\t\t\t\t\t\t<div class=\"w-vwrapper usg_vwrapper_2 align_none valign_middle\"><div class=\"w-post-elm post_image usg_post_image_1 stretched\"><img loading=\"lazy\" decoding=\"async\" width=\"848\" height=\"1200\" src=\"https:\/\/roysis.com\/tr\/wp-content\/uploads\/2025\/08\/gida-guvenligi-yonetim-sistemi-ve-brc-global-standart-belgeleri-2.webp\" class=\"attachment-full size-full\" alt=\"\" srcset=\"https:\/\/roysis.com\/tr\/wp-content\/uploads\/2025\/08\/gida-guvenligi-yonetim-sistemi-ve-brc-global-standart-belgeleri-2.webp 848w, https:\/\/roysis.com\/tr\/wp-content\/uploads\/2025\/08\/gida-guvenligi-yonetim-sistemi-ve-brc-global-standart-belgeleri-2-212x300.webp 212w, https:\/\/roysis.com\/tr\/wp-content\/uploads\/2025\/08\/gida-guvenligi-yonetim-sistemi-ve-brc-global-standart-belgeleri-2-724x1024.webp 724w\" sizes=\"auto, (max-width: 848px) 100vw, 848px\" \/><\/div><\/div><div class=\"w-vwrapper usg_vwrapper_1 align_center valign_middle\"><h6 class=\"w-post-elm post_title usg_post_title_1 has_text_color entry-title color_link_inherit\">ISO 22000:2018<\/h6><\/div>\t\t<\/div>\r\n\t\t\t<\/article>\r\n\t<article class=\"w-grid-item size_1x1 post-11063 attachment type-attachment status-inherit hentry\" data-id=\"11063\">\r\n\t\t<div class=\"w-grid-item-h\">\r\n\t\t\t\t\t\t\t<a ref=\"magnificPopupGrid\" href=\"https:\/\/roysis.com\/tr\/wp-content\/uploads\/2025\/09\/iso-45001-2018-1.webp\" class=\"w-grid-item-anchor\" aria-label=\"ISO 45001:2018\"><\/a>\r\n\t\t\t\t\t\t<div class=\"w-vwrapper usg_vwrapper_2 align_none valign_middle\"><div class=\"w-post-elm post_image usg_post_image_1 stretched\"><img loading=\"lazy\" decoding=\"async\" width=\"849\" height=\"1200\" src=\"https:\/\/roysis.com\/tr\/wp-content\/uploads\/2025\/09\/iso-45001-2018-1.webp\" class=\"attachment-full size-full\" alt=\"\" srcset=\"https:\/\/roysis.com\/tr\/wp-content\/uploads\/2025\/09\/iso-45001-2018-1.webp 849w, https:\/\/roysis.com\/tr\/wp-content\/uploads\/2025\/09\/iso-45001-2018-1-212x300.webp 212w, https:\/\/roysis.com\/tr\/wp-content\/uploads\/2025\/09\/iso-45001-2018-1-724x1024.webp 724w\" sizes=\"auto, (max-width: 849px) 100vw, 849px\" \/><\/div><\/div><div class=\"w-vwrapper usg_vwrapper_1 align_center valign_middle\"><h6 class=\"w-post-elm post_title usg_post_title_1 has_text_color entry-title color_link_inherit\">ISO 45001:2018<\/h6><\/div>\t\t<\/div>\r\n\t\t\t<\/article>\r\n\t<article class=\"w-grid-item size_1x1 post-11064 attachment type-attachment status-inherit hentry\" data-id=\"11064\">\r\n\t\t<div class=\"w-grid-item-h\">\r\n\t\t\t\t\t\t\t<a ref=\"magnificPopupGrid\" href=\"https:\/\/roysis.com\/tr\/wp-content\/uploads\/2025\/09\/iatf-16949-2016-1.webp\" class=\"w-grid-item-anchor\" aria-label=\"IATF 16949:2016\"><\/a>\r\n\t\t\t\t\t\t<div class=\"w-vwrapper usg_vwrapper_2 align_none valign_middle\"><div class=\"w-post-elm post_image usg_post_image_1 stretched\"><img loading=\"lazy\" decoding=\"async\" width=\"849\" height=\"1200\" src=\"https:\/\/roysis.com\/tr\/wp-content\/uploads\/2025\/09\/iatf-16949-2016-1.webp\" class=\"attachment-full size-full\" alt=\"\" srcset=\"https:\/\/roysis.com\/tr\/wp-content\/uploads\/2025\/09\/iatf-16949-2016-1.webp 849w, https:\/\/roysis.com\/tr\/wp-content\/uploads\/2025\/09\/iatf-16949-2016-1-212x300.webp 212w, https:\/\/roysis.com\/tr\/wp-content\/uploads\/2025\/09\/iatf-16949-2016-1-724x1024.webp 724w\" sizes=\"auto, (max-width: 849px) 100vw, 849px\" \/><\/div><\/div><div class=\"w-vwrapper usg_vwrapper_1 align_center valign_middle\"><h6 class=\"w-post-elm post_title usg_post_title_1 has_text_color entry-title color_link_inherit\">IATF 16949:2016<\/h6><\/div>\t\t<\/div>\r\n\t\t\t<\/article>\r\n\t<article class=\"w-grid-item size_1x1 post-11065 attachment type-attachment status-inherit hentry\" data-id=\"11065\">\r\n\t\t<div class=\"w-grid-item-h\">\r\n\t\t\t\t\t\t\t<a ref=\"magnificPopupGrid\" href=\"https:\/\/roysis.com\/tr\/wp-content\/uploads\/2025\/09\/iso-9001-2015-1.webp\" class=\"w-grid-item-anchor\" aria-label=\"ISO 9001:2015\"><\/a>\r\n\t\t\t\t\t\t<div class=\"w-vwrapper usg_vwrapper_2 align_none valign_middle\"><div class=\"w-post-elm post_image usg_post_image_1 stretched\"><img loading=\"lazy\" decoding=\"async\" width=\"849\" height=\"1200\" src=\"https:\/\/roysis.com\/tr\/wp-content\/uploads\/2025\/09\/iso-9001-2015-1.webp\" class=\"attachment-full size-full\" alt=\"\" srcset=\"https:\/\/roysis.com\/tr\/wp-content\/uploads\/2025\/09\/iso-9001-2015-1.webp 849w, https:\/\/roysis.com\/tr\/wp-content\/uploads\/2025\/09\/iso-9001-2015-1-212x300.webp 212w, https:\/\/roysis.com\/tr\/wp-content\/uploads\/2025\/09\/iso-9001-2015-1-724x1024.webp 724w\" sizes=\"auto, (max-width: 849px) 100vw, 849px\" \/><\/div><\/div><div class=\"w-vwrapper usg_vwrapper_1 align_center valign_middle\"><h6 class=\"w-post-elm post_title usg_post_title_1 has_text_color entry-title color_link_inherit\">ISO 9001:2015<\/h6><\/div>\t\t<\/div>\r\n\t\t\t<\/article>\r\n\t<article class=\"w-grid-item size_1x1 post-11066 attachment type-attachment status-inherit hentry\" data-id=\"11066\">\r\n\t\t<div class=\"w-grid-item-h\">\r\n\t\t\t\t\t\t\t<a ref=\"magnificPopupGrid\" href=\"https:\/\/roysis.com\/tr\/wp-content\/uploads\/2025\/09\/iso-10002-2018-1.webp\" class=\"w-grid-item-anchor\" aria-label=\"ISO 10002:2018\"><\/a>\r\n\t\t\t\t\t\t<div class=\"w-vwrapper usg_vwrapper_2 align_none valign_middle\"><div class=\"w-post-elm post_image usg_post_image_1 stretched\"><img loading=\"lazy\" decoding=\"async\" width=\"849\" height=\"1200\" src=\"https:\/\/roysis.com\/tr\/wp-content\/uploads\/2025\/09\/iso-10002-2018-1.webp\" class=\"attachment-full size-full\" alt=\"\" srcset=\"https:\/\/roysis.com\/tr\/wp-content\/uploads\/2025\/09\/iso-10002-2018-1.webp 849w, https:\/\/roysis.com\/tr\/wp-content\/uploads\/2025\/09\/iso-10002-2018-1-212x300.webp 212w, https:\/\/roysis.com\/tr\/wp-content\/uploads\/2025\/09\/iso-10002-2018-1-724x1024.webp 724w\" sizes=\"auto, (max-width: 849px) 100vw, 849px\" \/><\/div><\/div><div class=\"w-vwrapper usg_vwrapper_1 align_center valign_middle\"><h6 class=\"w-post-elm post_title usg_post_title_1 has_text_color entry-title color_link_inherit\">ISO 10002:2018<\/h6><\/div>\t\t<\/div>\r\n\t\t\t<\/article>\r\n\t<article class=\"w-grid-item size_1x1 post-11067 attachment type-attachment status-inherit hentry\" data-id=\"11067\">\r\n\t\t<div class=\"w-grid-item-h\">\r\n\t\t\t\t\t\t\t<a ref=\"magnificPopupGrid\" href=\"https:\/\/roysis.com\/tr\/wp-content\/uploads\/2025\/09\/iso-14001-2015-1.webp\" class=\"w-grid-item-anchor\" aria-label=\"ISO 14001:2015\"><\/a>\r\n\t\t\t\t\t\t<div class=\"w-vwrapper usg_vwrapper_2 align_none valign_middle\"><div class=\"w-post-elm post_image usg_post_image_1 stretched\"><img loading=\"lazy\" decoding=\"async\" width=\"849\" height=\"1200\" src=\"https:\/\/roysis.com\/tr\/wp-content\/uploads\/2025\/09\/iso-14001-2015-1.webp\" class=\"attachment-full size-full\" alt=\"\" srcset=\"https:\/\/roysis.com\/tr\/wp-content\/uploads\/2025\/09\/iso-14001-2015-1.webp 849w, https:\/\/roysis.com\/tr\/wp-content\/uploads\/2025\/09\/iso-14001-2015-1-212x300.webp 212w, https:\/\/roysis.com\/tr\/wp-content\/uploads\/2025\/09\/iso-14001-2015-1-724x1024.webp 724w\" sizes=\"auto, (max-width: 849px) 100vw, 849px\" \/><\/div><\/div><div class=\"w-vwrapper usg_vwrapper_1 align_center valign_middle\"><h6 class=\"w-post-elm post_title usg_post_title_1 has_text_color entry-title color_link_inherit\">ISO 14001:2015<\/h6><\/div>\t\t<\/div>\r\n\t\t\t<\/article>\r\n\t<article class=\"w-grid-item size_1x1 post-10552 attachment type-attachment status-inherit hentry\" data-id=\"10552\">\r\n\t\t<div class=\"w-grid-item-h\">\r\n\t\t\t\t\t\t\t<a ref=\"magnificPopupGrid\" href=\"https:\/\/roysis.com\/tr\/wp-content\/uploads\/2024\/05\/belgelerimiz-ve-sertifikalarimiz-8.jpg\" class=\"w-grid-item-anchor\" aria-label=\"Marka Tescil Belgesi\"><\/a>\r\n\t\t\t\t\t\t<div class=\"w-vwrapper usg_vwrapper_2 align_none valign_middle\"><div class=\"w-post-elm post_image usg_post_image_1 stretched\"><img loading=\"lazy\" decoding=\"async\" width=\"848\" height=\"1200\" src=\"https:\/\/roysis.com\/tr\/wp-content\/uploads\/2024\/05\/belgelerimiz-ve-sertifikalarimiz-8.jpg\" class=\"attachment-full size-full\" alt=\"\" srcset=\"https:\/\/roysis.com\/tr\/wp-content\/uploads\/2024\/05\/belgelerimiz-ve-sertifikalarimiz-8.jpg 848w, https:\/\/roysis.com\/tr\/wp-content\/uploads\/2024\/05\/belgelerimiz-ve-sertifikalarimiz-8-212x300.jpg 212w, https:\/\/roysis.com\/tr\/wp-content\/uploads\/2024\/05\/belgelerimiz-ve-sertifikalarimiz-8-724x1024.jpg 724w\" sizes=\"auto, (max-width: 848px) 100vw, 848px\" \/><\/div><\/div><div class=\"w-vwrapper usg_vwrapper_1 align_center valign_middle\"><h6 class=\"w-post-elm post_title usg_post_title_1 has_text_color entry-title color_link_inherit\">Marka Tescil Belgesi<\/h6><\/div>\t\t<\/div>\r\n\t\t\t<\/article>\r\n\t<article class=\"w-grid-item size_1x1 post-10745 attachment type-attachment status-inherit hentry\" data-id=\"10745\">\r\n\t\t<div class=\"w-grid-item-h\">\r\n\t\t\t\t\t\t\t<a ref=\"magnificPopupGrid\" href=\"https:\/\/roysis.com\/tr\/wp-content\/uploads\/2024\/07\/22-turk-arap-isbirligi-zirvesi.jpg\" class=\"w-grid-item-anchor\" aria-label=\"22. T\u00fcrk Arap \u0130\u015fbirli\u011fi Zirvesi\"><\/a>\r\n\t\t\t\t\t\t<div class=\"w-vwrapper usg_vwrapper_2 align_none valign_middle\"><div class=\"w-post-elm post_image usg_post_image_1 stretched\"><img loading=\"lazy\" decoding=\"async\" width=\"848\" height=\"1200\" src=\"https:\/\/roysis.com\/tr\/wp-content\/uploads\/2024\/07\/22-turk-arap-isbirligi-zirvesi.jpg\" class=\"attachment-full size-full\" alt=\"\" srcset=\"https:\/\/roysis.com\/tr\/wp-content\/uploads\/2024\/07\/22-turk-arap-isbirligi-zirvesi.jpg 848w, https:\/\/roysis.com\/tr\/wp-content\/uploads\/2024\/07\/22-turk-arap-isbirligi-zirvesi-212x300.jpg 212w, https:\/\/roysis.com\/tr\/wp-content\/uploads\/2024\/07\/22-turk-arap-isbirligi-zirvesi-724x1024.jpg 724w\" sizes=\"auto, (max-width: 848px) 100vw, 848px\" \/><\/div><\/div><div class=\"w-vwrapper usg_vwrapper_1 align_center valign_middle\"><h6 class=\"w-post-elm post_title usg_post_title_1 has_text_color entry-title color_link_inherit\">22. T\u00fcrk Arap \u0130\u015fbirli\u011fi Zirvesi<\/h6><\/div>\t\t<\/div>\r\n\t\t\t<\/article>\r\n<\/div><div class=\"w-grid-preloader\">\t<div class=\"g-preloader type_2\">\r\n\t\t<div><\/div>\r\n\t<\/div>\r\n\t<\/div>\t<div class=\"w-grid-json hidden\" onclick='return {&quot;action&quot;:&quot;us_ajax_grid&quot;,&quot;infinite_scroll&quot;:0,&quot;max_num_pages&quot;:1,&quot;pagination&quot;:&quot;none&quot;,&quot;template_vars&quot;:{&quot;columns&quot;:&quot;4&quot;,&quot;exclude_items&quot;:&quot;none&quot;,&quot;img_size&quot;:&quot;default&quot;,&quot;ignore_items_size&quot;:0,&quot;items_layout&quot;:&quot;8715&quot;,&quot;items_offset&quot;:&quot;1&quot;,&quot;load_animation&quot;:&quot;none&quot;,&quot;overriding_link&quot;:&quot;%7B%22type%22%3A%22popup_image%22%7D&quot;,&quot;post_id&quot;:0,&quot;query_args&quot;:{&quot;post_type&quot;:[&quot;attachment&quot;],&quot;post__in&quot;:[&quot;10545&quot;,&quot;11054&quot;,&quot;11055&quot;,&quot;10549&quot;,&quot;11063&quot;,&quot;11064&quot;,&quot;11065&quot;,&quot;11066&quot;,&quot;11067&quot;,&quot;10552&quot;,&quot;10745&quot;],&quot;post_status&quot;:&quot;inherit&quot;,&quot;post_mime_type&quot;:&quot;image&quot;,&quot;posts_per_page&quot;:&quot;50&quot;},&quot;orderby_query_args&quot;:{&quot;orderby&quot;:{&quot;post__in&quot;:&quot;ASC&quot;},&quot;order&quot;:&quot;ASC&quot;},&quot;type&quot;:&quot;grid&quot;,&quot;us_grid_post_type&quot;:&quot;attachment&quot;,&quot;us_grid_ajax_index&quot;:1,&quot;us_grid_filter_query_string&quot;:null,&quot;us_grid_index&quot;:1,&quot;page_args&quot;:[]}}'><\/div>\r\n\t<\/div><\/div><\/div><\/div><\/div><\/section>\n","protected":false},"excerpt":{"rendered":"","protected":false},"author":1,"featured_media":0,"parent":0,"menu_order":0,"comment_status":"closed","ping_status":"closed","template":"","meta":{"_acf_changed":false,"footnotes":""},"class_list":["post-8587","page","type-page","status-publish","hentry"],"acf":[],"yoast_head":"<!-- This site is optimized with the Yoast SEO plugin v23.9 - https:\/\/yoast.com\/wordpress\/plugins\/seo\/ -->\n<title>Belgelerimiz ve Sertifikalar\u0131m\u0131z | ROYS\u0130S | Etiket ve Barkod Bask\u0131 Sistemleri<\/title>\n<meta name=\"robots\" content=\"index, follow, max-snippet:-1, max-image-preview:large, max-video-preview:-1\" \/>\n<link rel=\"canonical\" href=\"https:\/\/roysis.com\/tr\/belgelerimiz-ve-sertifikalarimiz\/\" \/>\n<meta property=\"og:locale\" content=\"tr_TR\" \/>\n<meta property=\"og:type\" content=\"article\" \/>\n<meta property=\"og:title\" content=\"Belgelerimiz ve Sertifikalar\u0131m\u0131z | ROYS\u0130S | Etiket ve Barkod Bask\u0131 Sistemleri\" \/>\n<meta property=\"og:url\" content=\"https:\/\/roysis.com\/tr\/belgelerimiz-ve-sertifikalarimiz\/\" \/>\n<meta property=\"og:site_name\" content=\"ROYS\u0130S | Etiket ve Barkod Bask\u0131 Sistemleri\" \/>\n<meta property=\"article:modified_time\" content=\"2025-09-01T11:36:38+00:00\" \/>\n<meta property=\"og:image\" content=\"https:\/\/roysis.com\/tr\/wp-content\/uploads\/2024\/06\/roysis.jpg\" \/>\n\t<meta property=\"og:image:width\" content=\"800\" \/>\n\t<meta property=\"og:image:height\" content=\"800\" \/>\n\t<meta property=\"og:image:type\" content=\"image\/jpeg\" \/>\n<meta name=\"twitter:card\" content=\"summary_large_image\" \/>\n<meta name=\"twitter:label1\" content=\"Tahmini okuma s\u00fcresi\" \/>\n\t<meta name=\"twitter:data1\" content=\"1 dakika\" \/>\n<script type=\"application\/ld+json\" class=\"yoast-schema-graph\">{\"@context\":\"https:\/\/schema.org\",\"@graph\":[{\"@type\":\"WebPage\",\"@id\":\"https:\/\/roysis.com\/tr\/belgelerimiz-ve-sertifikalarimiz\/\",\"url\":\"https:\/\/roysis.com\/tr\/belgelerimiz-ve-sertifikalarimiz\/\",\"name\":\"Belgelerimiz ve Sertifikalar\u0131m\u0131z | ROYS\u0130S | Etiket ve Barkod Bask\u0131 Sistemleri\",\"isPartOf\":{\"@id\":\"https:\/\/roysis.com\/tr\/#website\"},\"datePublished\":\"2024-02-20T11:20:03+00:00\",\"dateModified\":\"2025-09-01T11:36:38+00:00\",\"breadcrumb\":{\"@id\":\"https:\/\/roysis.com\/tr\/belgelerimiz-ve-sertifikalarimiz\/#breadcrumb\"},\"inLanguage\":\"tr\",\"potentialAction\":[{\"@type\":\"ReadAction\",\"target\":[\"https:\/\/roysis.com\/tr\/belgelerimiz-ve-sertifikalarimiz\/\"]}]},{\"@type\":\"BreadcrumbList\",\"@id\":\"https:\/\/roysis.com\/tr\/belgelerimiz-ve-sertifikalarimiz\/#breadcrumb\",\"itemListElement\":[{\"@type\":\"ListItem\",\"position\":1,\"name\":\"Anasayfa\",\"item\":\"https:\/\/roysis.com\/tr\/\"},{\"@type\":\"ListItem\",\"position\":2,\"name\":\"Belgelerimiz ve Sertifikalar\u0131m\u0131z\"}]},{\"@type\":\"WebSite\",\"@id\":\"https:\/\/roysis.com\/tr\/#website\",\"url\":\"https:\/\/roysis.com\/tr\/\",\"name\":\"ROYS\u0130S | Etiket ve Barkod Bask\u0131 Sistemleri\",\"description\":\"\",\"publisher\":{\"@id\":\"https:\/\/roysis.com\/tr\/#organization\"},\"potentialAction\":[{\"@type\":\"SearchAction\",\"target\":{\"@type\":\"EntryPoint\",\"urlTemplate\":\"https:\/\/roysis.com\/tr\/?s={search_term_string}\"},\"query-input\":{\"@type\":\"PropertyValueSpecification\",\"valueRequired\":true,\"valueName\":\"search_term_string\"}}],\"inLanguage\":\"tr\"},{\"@type\":\"Organization\",\"@id\":\"https:\/\/roysis.com\/tr\/#organization\",\"name\":\"ROYS\u0130S | Etiket ve Barkod Bask\u0131 Sistemleri\",\"url\":\"https:\/\/roysis.com\/tr\/\",\"logo\":{\"@type\":\"ImageObject\",\"inLanguage\":\"tr\",\"@id\":\"https:\/\/roysis.com\/tr\/#\/schema\/logo\/image\/\",\"url\":\"https:\/\/roysis.com\/tr\/wp-content\/uploads\/2017\/07\/roysis-logo.png\",\"contentUrl\":\"https:\/\/roysis.com\/tr\/wp-content\/uploads\/2017\/07\/roysis-logo.png\",\"width\":4500,\"height\":1475,\"caption\":\"ROYS\u0130S | Etiket ve Barkod Bask\u0131 Sistemleri\"},\"image\":{\"@id\":\"https:\/\/roysis.com\/tr\/#\/schema\/logo\/image\/\"}}]}<\/script>\n<!-- \/ Yoast SEO plugin. -->","yoast_head_json":{"title":"Belgelerimiz ve Sertifikalar\u0131m\u0131z | ROYS\u0130S | Etiket ve Barkod Bask\u0131 Sistemleri","robots":{"index":"index","follow":"follow","max-snippet":"max-snippet:-1","max-image-preview":"max-image-preview:large","max-video-preview":"max-video-preview:-1"},"canonical":"https:\/\/roysis.com\/tr\/belgelerimiz-ve-sertifikalarimiz\/","og_locale":"tr_TR","og_type":"article","og_title":"Belgelerimiz ve Sertifikalar\u0131m\u0131z | ROYS\u0130S | Etiket ve Barkod Bask\u0131 Sistemleri","og_url":"https:\/\/roysis.com\/tr\/belgelerimiz-ve-sertifikalarimiz\/","og_site_name":"ROYS\u0130S | Etiket ve Barkod Bask\u0131 Sistemleri","article_modified_time":"2025-09-01T11:36:38+00:00","og_image":[{"width":800,"height":800,"url":"https:\/\/roysis.com\/tr\/wp-content\/uploads\/2024\/06\/roysis.jpg","type":"image\/jpeg"}],"twitter_card":"summary_large_image","twitter_misc":{"Tahmini okuma s\u00fcresi":"1 dakika"},"schema":{"@context":"https:\/\/schema.org","@graph":[{"@type":"WebPage","@id":"https:\/\/roysis.com\/tr\/belgelerimiz-ve-sertifikalarimiz\/","url":"https:\/\/roysis.com\/tr\/belgelerimiz-ve-sertifikalarimiz\/","name":"Belgelerimiz ve Sertifikalar\u0131m\u0131z | ROYS\u0130S | Etiket ve Barkod Bask\u0131 Sistemleri","isPartOf":{"@id":"https:\/\/roysis.com\/tr\/#website"},"datePublished":"2024-02-20T11:20:03+00:00","dateModified":"2025-09-01T11:36:38+00:00","breadcrumb":{"@id":"https:\/\/roysis.com\/tr\/belgelerimiz-ve-sertifikalarimiz\/#breadcrumb"},"inLanguage":"tr","potentialAction":[{"@type":"ReadAction","target":["https:\/\/roysis.com\/tr\/belgelerimiz-ve-sertifikalarimiz\/"]}]},{"@type":"BreadcrumbList","@id":"https:\/\/roysis.com\/tr\/belgelerimiz-ve-sertifikalarimiz\/#breadcrumb","itemListElement":[{"@type":"ListItem","position":1,"name":"Anasayfa","item":"https:\/\/roysis.com\/tr\/"},{"@type":"ListItem","position":2,"name":"Belgelerimiz ve Sertifikalar\u0131m\u0131z"}]},{"@type":"WebSite","@id":"https:\/\/roysis.com\/tr\/#website","url":"https:\/\/roysis.com\/tr\/","name":"ROYS\u0130S | Etiket ve Barkod Bask\u0131 Sistemleri","description":"","publisher":{"@id":"https:\/\/roysis.com\/tr\/#organization"},"potentialAction":[{"@type":"SearchAction","target":{"@type":"EntryPoint","urlTemplate":"https:\/\/roysis.com\/tr\/?s={search_term_string}"},"query-input":{"@type":"PropertyValueSpecification","valueRequired":true,"valueName":"search_term_string"}}],"inLanguage":"tr"},{"@type":"Organization","@id":"https:\/\/roysis.com\/tr\/#organization","name":"ROYS\u0130S | Etiket ve Barkod Bask\u0131 Sistemleri","url":"https:\/\/roysis.com\/tr\/","logo":{"@type":"ImageObject","inLanguage":"tr","@id":"https:\/\/roysis.com\/tr\/#\/schema\/logo\/image\/","url":"https:\/\/roysis.com\/tr\/wp-content\/uploads\/2017\/07\/roysis-logo.png","contentUrl":"https:\/\/roysis.com\/tr\/wp-content\/uploads\/2017\/07\/roysis-logo.png","width":4500,"height":1475,"caption":"ROYS\u0130S | Etiket ve Barkod Bask\u0131 Sistemleri"},"image":{"@id":"https:\/\/roysis.com\/tr\/#\/schema\/logo\/image\/"}}]}},"_links":{"self":[{"href":"https:\/\/roysis.com\/tr\/wp-json\/wp\/v2\/pages\/8587","targetHints":{"allow":["GET"]}}],"collection":[{"href":"https:\/\/roysis.com\/tr\/wp-json\/wp\/v2\/pages"}],"about":[{"href":"https:\/\/roysis.com\/tr\/wp-json\/wp\/v2\/types\/page"}],"author":[{"embeddable":true,"href":"https:\/\/roysis.com\/tr\/wp-json\/wp\/v2\/users\/1"}],"replies":[{"embeddable":true,"href":"https:\/\/roysis.com\/tr\/wp-json\/wp\/v2\/comments?post=8587"}],"version-history":[{"count":18,"href":"https:\/\/roysis.com\/tr\/wp-json\/wp\/v2\/pages\/8587\/revisions"}],"predecessor-version":[{"id":11069,"href":"https:\/\/roysis.com\/tr\/wp-json\/wp\/v2\/pages\/8587\/revisions\/11069"}],"wp:attachment":[{"href":"https:\/\/roysis.com\/tr\/wp-json\/wp\/v2\/media?parent=8587"}],"curies":[{"name":"wp","href":"https:\/\/api.w.org\/{rel}","templated":true}]}}