{"id":8589,"date":"2024-02-20T14:20:15","date_gmt":"2024-02-20T11:20:15","guid":{"rendered":"https:\/\/roysis.com\/tr\/?page_id=8589"},"modified":"2024-03-20T17:36:17","modified_gmt":"2024-03-20T14:36:17","slug":"surdurulebilirlik-politikalarimiz","status":"publish","type":"page","link":"https:\/\/roysis.com\/tr\/surdurulebilirlik-politikalarimiz\/","title":{"rendered":"S\u00fcrd\u00fcr\u00fclebilirlik Politikalar\u0131m\u0131z"},"content":{"rendered":"<section class=\"l-section wpb_row height_small\"><div class=\"l-section-h i-cf\"><div class=\"g-cols vc_row via_grid cols_1 laptops-cols_inherit tablets-cols_inherit mobiles-cols_1 valign_top type_default stacking_default\"><div class=\"wpb_column vc_column_container\"><div class=\"vc_column-inner\"><div class=\"w-grid type_grid layout_9038\" id=\"us_grid_1\" style=\"--gap:3rem;\"><style>.layout_9038 .w-grid-item-h{}.layout_9038 .usg_post_image_1{transition-duration:1.1s;transform-origin:50% 50%;transform:scale(1) translate(-3%,0%)}.layout_9038 .w-grid-item-h:hover .usg_post_image_1{transform:scale(1) translate(0%,0%);opacity:1}@media(max-width:479px){.layout_9038 .usg_post_image_1{display:none!important}}.layout_9038 .usg_hwrapper_1{color:var(--color-content-text)!important;margin-right:10%!important;padding-top:4%!important;padding-bottom:4%!important;border-radius:0.2rem!important;background:#f7f7f7!important}.layout_9038 .usg_vwrapper_1{width:48%!important;margin-left:6%!important;margin-right:0!important}.layout_9038 .usg_post_image_1{width:50%!important;margin-left:7%!important;margin-right:-11%!important;border-radius:0.2rem!important}.layout_9038 .usg_post_title_1{font-size:30px!important;line-height:1.2!important;font-weight:700!important}.layout_9038 .usg_post_content_1{color:#999999!important;font-size:1rem!important}@media (min-width:1001px) and (max-width:1380px){.layout_9038 .usg_post_title_1{font-size:28px!important;line-height:1.2!important;font-weight:700!important}}@media (min-width:671px) and (max-width:1000px){.layout_9038 .usg_post_title_1{font-size:26px!important;line-height:1.2!important;font-weight:700!important}}@media (max-width:670px){.layout_9038 .usg_hwrapper_1{margin-left:0!important;margin-right:0!important;padding-top:0!important;padding-bottom:0!important}.layout_9038 .usg_vwrapper_1{width:86%!important;margin:7% 7% 5% 7%!important}.layout_9038 .usg_post_image_1{width:100%!important;margin-left:0!important;margin-right:0!important}.layout_9038 .usg_post_title_1{font-size:24px!important;line-height:1.2!important;font-weight:700!important}}<\/style><div class=\"w-grid-list\">\t<article class=\"w-grid-item size_1x1 post-8993 page type-page status-publish has-post-thumbnail hentry\" data-id=\"8993\">\r\n\t\t<div class=\"w-grid-item-h\">\r\n\t\t\t\t\t\t<div class=\"w-hwrapper usg_hwrapper_1 has_text_color align_none valign_center wrap\"><div class=\"w-vwrapper usg_vwrapper_1 align_none valign_top\"><h3 class=\"w-post-elm post_title usg_post_title_1 entry-title color_link_inherit\"><a href=\"https:\/\/roysis.com\/tr\/kalite-politikamiz\/\">Kalite Politikam\u0131z<\/a><\/h3><div class=\"w-post-elm post_content usg_post_content_1 has_text_color\">Roysis Etiket ve Barkod Bask\u0131 sistemleri olarak m\u00fc\u015fterilerimizin, \u00e7al\u0131\u015fanlar\u0131m\u0131z\u0131n ve payda\u015flar\u0131m\u0131z\u0131n beklentilerini en \u00fcst seviyede&hellip;<\/div><\/div><div class=\"w-post-elm post_image usg_post_image_1 has_width has_ratio\"><a href=\"https:\/\/roysis.com\/tr\/kalite-politikamiz\/\" aria-label=\"Kalite Politikam\u0131z\"><img loading=\"lazy\" decoding=\"async\" width=\"1500\" height=\"533\" src=\"https:\/\/roysis.com\/tr\/wp-content\/uploads\/2024\/04\/kalite-politikamiz1.jpg\" class=\"attachment-full size-full wp-post-image\" alt=\"\" \/><\/a><div style=\"padding-bottom:47.619%\"><\/div><\/div><\/div>\t\t<\/div>\r\n\t\t\t<\/article>\r\n\t<article class=\"w-grid-item size_1x1 post-9201 page type-page status-publish has-post-thumbnail hentry\" data-id=\"9201\">\r\n\t\t<div class=\"w-grid-item-h\">\r\n\t\t\t\t\t\t<div class=\"w-hwrapper usg_hwrapper_1 has_text_color align_none valign_center wrap\"><div class=\"w-vwrapper usg_vwrapper_1 align_none valign_top\"><h3 class=\"w-post-elm post_title usg_post_title_1 entry-title color_link_inherit\"><a href=\"https:\/\/roysis.com\/tr\/musteri-memnuniyeti-politikamiz\/\">M\u00fc\u015fteri Memnuniyeti Politikam\u0131z<\/a><\/h3><div class=\"w-post-elm post_content usg_post_content_1 has_text_color\">Roysis Etiket ve Barkod Bask\u0131 sistemleri olarak m\u00fc\u015fteri memnuniyetini, ISO 10002 m\u00fc\u015fteri memnuniyeti sistemi standartlar\u0131&hellip;<\/div><\/div><div class=\"w-post-elm post_image usg_post_image_1 has_width has_ratio\"><a href=\"https:\/\/roysis.com\/tr\/musteri-memnuniyeti-politikamiz\/\" aria-label=\"M\u00fc\u015fteri Memnuniyeti Politikam\u0131z\"><img loading=\"lazy\" decoding=\"async\" width=\"1200\" height=\"801\" src=\"https:\/\/roysis.com\/tr\/wp-content\/uploads\/2024\/03\/musteri-memnuniyeti-politikamiz-1.jpg\" class=\"attachment-full size-full wp-post-image\" alt=\"\" \/><\/a><div style=\"padding-bottom:47.619%\"><\/div><\/div><\/div>\t\t<\/div>\r\n\t\t\t<\/article>\r\n\t<article class=\"w-grid-item size_1x1 post-9204 page type-page status-publish has-post-thumbnail hentry\" data-id=\"9204\">\r\n\t\t<div class=\"w-grid-item-h\">\r\n\t\t\t\t\t\t<div class=\"w-hwrapper usg_hwrapper_1 has_text_color align_none valign_center wrap\"><div class=\"w-vwrapper usg_vwrapper_1 align_none valign_top\"><h3 class=\"w-post-elm post_title usg_post_title_1 entry-title color_link_inherit\"><a href=\"https:\/\/roysis.com\/tr\/cevre-ve-isg-politikamiz\/\">\u00c7evre ve \u0130SG Politikam\u0131z<\/a><\/h3><div class=\"w-post-elm post_content usg_post_content_1 has_text_color\">Roysis Etiket ve Barkod Bask\u0131 Sistemleri olarak t\u00fcm faaliyetlerimizi yasal mevzuatlara uygun bir \u015fekilde yapmaya&hellip;<\/div><\/div><div class=\"w-post-elm post_image usg_post_image_1 has_width has_ratio\"><a href=\"https:\/\/roysis.com\/tr\/cevre-ve-isg-politikamiz\/\" aria-label=\"\u00c7evre ve \u0130SG Politikam\u0131z\"><img loading=\"lazy\" decoding=\"async\" width=\"950\" height=\"634\" src=\"https:\/\/roysis.com\/tr\/wp-content\/uploads\/2024\/03\/cevre-ve-isg-politikamiz.jpg\" class=\"attachment-full size-full wp-post-image\" alt=\"\" \/><\/a><div style=\"padding-bottom:47.619%\"><\/div><\/div><\/div>\t\t<\/div>\r\n\t\t\t<\/article>\r\n\t<article class=\"w-grid-item size_1x1 post-9208 page type-page status-publish has-post-thumbnail hentry\" data-id=\"9208\">\r\n\t\t<div class=\"w-grid-item-h\">\r\n\t\t\t\t\t\t<div class=\"w-hwrapper usg_hwrapper_1 has_text_color align_none valign_center wrap\"><div class=\"w-vwrapper usg_vwrapper_1 align_none valign_top\"><h3 class=\"w-post-elm post_title usg_post_title_1 entry-title color_link_inherit\"><a href=\"https:\/\/roysis.com\/tr\/insan-haklari-ve-sosyal-sorumluluk-politikamiz\/\">\u0130nsan Haklar\u0131 ve Sosyal Sorumluluk Politikam\u0131z<\/a><\/h3><div class=\"w-post-elm post_content usg_post_content_1 has_text_color\">Roysis Etiket ve Barkod Bask\u0131 Sistemleri olarak \u00e7al\u0131\u015fanlar\u0131m\u0131z, m\u00fc\u015fterilerimiz ve tedarik\u00e7ilerimizle birlikte faaliyetlerimizi \u00e7a\u011f\u0131n gerekleri,&hellip;<\/div><\/div><div class=\"w-post-elm post_image usg_post_image_1 has_width has_ratio\"><a href=\"https:\/\/roysis.com\/tr\/insan-haklari-ve-sosyal-sorumluluk-politikamiz\/\" aria-label=\"\u0130nsan Haklar\u0131 ve Sosyal Sorumluluk Politikam\u0131z\"><img loading=\"lazy\" decoding=\"async\" width=\"950\" height=\"633\" src=\"https:\/\/roysis.com\/tr\/wp-content\/uploads\/2024\/03\/insan-haklari-ve-sosyal-sorumluluk-politikamiz.jpg\" class=\"attachment-full size-full wp-post-image\" alt=\"\" \/><\/a><div style=\"padding-bottom:47.619%\"><\/div><\/div><\/div>\t\t<\/div>\r\n\t\t\t<\/article>\r\n\t<article class=\"w-grid-item size_1x1 post-9211 page type-page status-publish has-post-thumbnail hentry\" data-id=\"9211\">\r\n\t\t<div class=\"w-grid-item-h\">\r\n\t\t\t\t\t\t<div class=\"w-hwrapper usg_hwrapper_1 has_text_color align_none valign_center wrap\"><div class=\"w-vwrapper usg_vwrapper_1 align_none valign_top\"><h3 class=\"w-post-elm post_title usg_post_title_1 entry-title color_link_inherit\"><a href=\"https:\/\/roysis.com\/tr\/urun-guvenligi-politikamiz\/\">\u00dcr\u00fcn G\u00fcvenli\u011fi Politikam\u0131z<\/a><\/h3><div class=\"w-post-elm post_content usg_post_content_1 has_text_color\">Roysis Etiket ve Barkod Bask\u0131 Sistemleri olarak g\u0131da sekt\u00f6r\u00fcne hizmet sunabilmek i\u00e7in faaliyetlerimizi \u00dcr\u00fcn (G\u0131da)&hellip;<\/div><\/div><div class=\"w-post-elm post_image usg_post_image_1 has_width has_ratio\"><a href=\"https:\/\/roysis.com\/tr\/urun-guvenligi-politikamiz\/\" aria-label=\"\u00dcr\u00fcn G\u00fcvenli\u011fi Politikam\u0131z\"><img loading=\"lazy\" decoding=\"async\" width=\"980\" height=\"653\" src=\"https:\/\/roysis.com\/tr\/wp-content\/uploads\/2024\/03\/urun-guvenligi-politikamiz.jpg\" class=\"attachment-full size-full wp-post-image\" alt=\"\" \/><\/a><div style=\"padding-bottom:47.619%\"><\/div><\/div><\/div>\t\t<\/div>\r\n\t\t\t<\/article>\r\n<\/div><div class=\"w-grid-preloader\">\t<div class=\"g-preloader type_2\">\r\n\t\t<div><\/div>\r\n\t<\/div>\r\n\t<\/div>\t<div class=\"w-grid-json hidden\" onclick='return {&quot;action&quot;:&quot;us_ajax_grid&quot;,&quot;infinite_scroll&quot;:0,&quot;max_num_pages&quot;:1,&quot;pagination&quot;:&quot;none&quot;,&quot;template_vars&quot;:{&quot;columns&quot;:&quot;1&quot;,&quot;exclude_items&quot;:&quot;none&quot;,&quot;img_size&quot;:&quot;default&quot;,&quot;ignore_items_size&quot;:0,&quot;items_layout&quot;:&quot;9038&quot;,&quot;items_offset&quot;:&quot;1&quot;,&quot;load_animation&quot;:&quot;none&quot;,&quot;overriding_link&quot;:&quot;%7B%22url%22%3A%22%22%7D&quot;,&quot;post_id&quot;:0,&quot;query_args&quot;:{&quot;ignore_sticky_posts&quot;:1,&quot;post_type&quot;:&quot;any&quot;,&quot;post__in&quot;:[&quot;8993&quot;,&quot;9201&quot;,&quot;9204&quot;,&quot;9208&quot;,&quot;9211&quot;],&quot;posts_per_page&quot;:&quot;10&quot;},&quot;orderby_query_args&quot;:{&quot;orderby&quot;:{&quot;post__in&quot;:&quot;ASC&quot;},&quot;order&quot;:&quot;ASC&quot;},&quot;type&quot;:&quot;grid&quot;,&quot;us_grid_post_type&quot;:&quot;ids&quot;,&quot;us_grid_ajax_index&quot;:1,&quot;us_grid_filter_query_string&quot;:null,&quot;us_grid_index&quot;:1,&quot;page_args&quot;:[]}}'><\/div>\r\n\t<\/div><\/div><\/div><\/div><\/div><\/section>\n","protected":false},"excerpt":{"rendered":"Roysis Etiket ve Barkod Bask\u0131 Sistemleri olarak g\u0131da sekt\u00f6r\u00fcne hizmet sunabilmek i\u00e7in faaliyetlerimizi \u00dcr\u00fcn (G\u0131da) G\u00fcvenli\u011fi Y\u00f6netim Sistemine uygun olarak s\u00fcrd\u00fcr\u00fcr, yasal, g\u00fcvenli ve kaliteli \u00fcr\u00fcnler sunar\u0131z.","protected":false},"author":1,"featured_media":0,"parent":0,"menu_order":0,"comment_status":"closed","ping_status":"closed","template":"","meta":{"_acf_changed":false,"footnotes":""},"class_list":["post-8589","page","type-page","status-publish","hentry"],"acf":[],"yoast_head":"<!-- This site is optimized with the Yoast SEO plugin v23.9 - https:\/\/yoast.com\/wordpress\/plugins\/seo\/ -->\n<title>S\u00fcrd\u00fcr\u00fclebilirlik Politikalar\u0131m\u0131z | ROYS\u0130S | Etiket ve Barkod Bask\u0131 Sistemleri<\/title>\n<meta name=\"robots\" content=\"index, follow, max-snippet:-1, max-image-preview:large, max-video-preview:-1\" \/>\n<link rel=\"canonical\" href=\"https:\/\/roysis.com\/tr\/surdurulebilirlik-politikalarimiz\/\" \/>\n<meta property=\"og:locale\" content=\"tr_TR\" \/>\n<meta property=\"og:type\" content=\"article\" \/>\n<meta property=\"og:title\" content=\"S\u00fcrd\u00fcr\u00fclebilirlik Politikalar\u0131m\u0131z | ROYS\u0130S | Etiket ve Barkod Bask\u0131 Sistemleri\" \/>\n<meta property=\"og:url\" content=\"https:\/\/roysis.com\/tr\/surdurulebilirlik-politikalarimiz\/\" \/>\n<meta property=\"og:site_name\" content=\"ROYS\u0130S | Etiket ve Barkod Bask\u0131 Sistemleri\" \/>\n<meta property=\"article:modified_time\" content=\"2024-03-20T14:36:17+00:00\" \/>\n<meta property=\"og:image\" content=\"https:\/\/roysis.com\/tr\/wp-content\/uploads\/2024\/06\/roysis.jpg\" \/>\n\t<meta property=\"og:image:width\" content=\"800\" \/>\n\t<meta property=\"og:image:height\" content=\"800\" \/>\n\t<meta property=\"og:image:type\" content=\"image\/jpeg\" \/>\n<meta name=\"twitter:card\" content=\"summary_large_image\" \/>\n<script type=\"application\/ld+json\" class=\"yoast-schema-graph\">{\"@context\":\"https:\/\/schema.org\",\"@graph\":[{\"@type\":\"WebPage\",\"@id\":\"https:\/\/roysis.com\/tr\/surdurulebilirlik-politikalarimiz\/\",\"url\":\"https:\/\/roysis.com\/tr\/surdurulebilirlik-politikalarimiz\/\",\"name\":\"S\u00fcrd\u00fcr\u00fclebilirlik Politikalar\u0131m\u0131z | ROYS\u0130S | Etiket ve Barkod Bask\u0131 Sistemleri\",\"isPartOf\":{\"@id\":\"https:\/\/roysis.com\/tr\/#website\"},\"datePublished\":\"2024-02-20T11:20:15+00:00\",\"dateModified\":\"2024-03-20T14:36:17+00:00\",\"breadcrumb\":{\"@id\":\"https:\/\/roysis.com\/tr\/surdurulebilirlik-politikalarimiz\/#breadcrumb\"},\"inLanguage\":\"tr\",\"potentialAction\":[{\"@type\":\"ReadAction\",\"target\":[\"https:\/\/roysis.com\/tr\/surdurulebilirlik-politikalarimiz\/\"]}]},{\"@type\":\"BreadcrumbList\",\"@id\":\"https:\/\/roysis.com\/tr\/surdurulebilirlik-politikalarimiz\/#breadcrumb\",\"itemListElement\":[{\"@type\":\"ListItem\",\"position\":1,\"name\":\"Anasayfa\",\"item\":\"https:\/\/roysis.com\/tr\/\"},{\"@type\":\"ListItem\",\"position\":2,\"name\":\"S\u00fcrd\u00fcr\u00fclebilirlik Politikalar\u0131m\u0131z\"}]},{\"@type\":\"WebSite\",\"@id\":\"https:\/\/roysis.com\/tr\/#website\",\"url\":\"https:\/\/roysis.com\/tr\/\",\"name\":\"ROYS\u0130S | Etiket ve Barkod Bask\u0131 Sistemleri\",\"description\":\"\",\"publisher\":{\"@id\":\"https:\/\/roysis.com\/tr\/#organization\"},\"potentialAction\":[{\"@type\":\"SearchAction\",\"target\":{\"@type\":\"EntryPoint\",\"urlTemplate\":\"https:\/\/roysis.com\/tr\/?s={search_term_string}\"},\"query-input\":{\"@type\":\"PropertyValueSpecification\",\"valueRequired\":true,\"valueName\":\"search_term_string\"}}],\"inLanguage\":\"tr\"},{\"@type\":\"Organization\",\"@id\":\"https:\/\/roysis.com\/tr\/#organization\",\"name\":\"ROYS\u0130S | Etiket ve Barkod Bask\u0131 Sistemleri\",\"url\":\"https:\/\/roysis.com\/tr\/\",\"logo\":{\"@type\":\"ImageObject\",\"inLanguage\":\"tr\",\"@id\":\"https:\/\/roysis.com\/tr\/#\/schema\/logo\/image\/\",\"url\":\"https:\/\/roysis.com\/tr\/wp-content\/uploads\/2017\/07\/roysis-logo.png\",\"contentUrl\":\"https:\/\/roysis.com\/tr\/wp-content\/uploads\/2017\/07\/roysis-logo.png\",\"width\":4500,\"height\":1475,\"caption\":\"ROYS\u0130S | Etiket ve Barkod Bask\u0131 Sistemleri\"},\"image\":{\"@id\":\"https:\/\/roysis.com\/tr\/#\/schema\/logo\/image\/\"}}]}<\/script>\n<!-- \/ Yoast SEO plugin. -->","yoast_head_json":{"title":"S\u00fcrd\u00fcr\u00fclebilirlik Politikalar\u0131m\u0131z | ROYS\u0130S | Etiket ve Barkod Bask\u0131 Sistemleri","robots":{"index":"index","follow":"follow","max-snippet":"max-snippet:-1","max-image-preview":"max-image-preview:large","max-video-preview":"max-video-preview:-1"},"canonical":"https:\/\/roysis.com\/tr\/surdurulebilirlik-politikalarimiz\/","og_locale":"tr_TR","og_type":"article","og_title":"S\u00fcrd\u00fcr\u00fclebilirlik Politikalar\u0131m\u0131z | ROYS\u0130S | Etiket ve Barkod Bask\u0131 Sistemleri","og_url":"https:\/\/roysis.com\/tr\/surdurulebilirlik-politikalarimiz\/","og_site_name":"ROYS\u0130S | Etiket ve Barkod Bask\u0131 Sistemleri","article_modified_time":"2024-03-20T14:36:17+00:00","og_image":[{"width":800,"height":800,"url":"https:\/\/roysis.com\/tr\/wp-content\/uploads\/2024\/06\/roysis.jpg","type":"image\/jpeg"}],"twitter_card":"summary_large_image","schema":{"@context":"https:\/\/schema.org","@graph":[{"@type":"WebPage","@id":"https:\/\/roysis.com\/tr\/surdurulebilirlik-politikalarimiz\/","url":"https:\/\/roysis.com\/tr\/surdurulebilirlik-politikalarimiz\/","name":"S\u00fcrd\u00fcr\u00fclebilirlik Politikalar\u0131m\u0131z | ROYS\u0130S | Etiket ve Barkod Bask\u0131 Sistemleri","isPartOf":{"@id":"https:\/\/roysis.com\/tr\/#website"},"datePublished":"2024-02-20T11:20:15+00:00","dateModified":"2024-03-20T14:36:17+00:00","breadcrumb":{"@id":"https:\/\/roysis.com\/tr\/surdurulebilirlik-politikalarimiz\/#breadcrumb"},"inLanguage":"tr","potentialAction":[{"@type":"ReadAction","target":["https:\/\/roysis.com\/tr\/surdurulebilirlik-politikalarimiz\/"]}]},{"@type":"BreadcrumbList","@id":"https:\/\/roysis.com\/tr\/surdurulebilirlik-politikalarimiz\/#breadcrumb","itemListElement":[{"@type":"ListItem","position":1,"name":"Anasayfa","item":"https:\/\/roysis.com\/tr\/"},{"@type":"ListItem","position":2,"name":"S\u00fcrd\u00fcr\u00fclebilirlik Politikalar\u0131m\u0131z"}]},{"@type":"WebSite","@id":"https:\/\/roysis.com\/tr\/#website","url":"https:\/\/roysis.com\/tr\/","name":"ROYS\u0130S | Etiket ve Barkod Bask\u0131 Sistemleri","description":"","publisher":{"@id":"https:\/\/roysis.com\/tr\/#organization"},"potentialAction":[{"@type":"SearchAction","target":{"@type":"EntryPoint","urlTemplate":"https:\/\/roysis.com\/tr\/?s={search_term_string}"},"query-input":{"@type":"PropertyValueSpecification","valueRequired":true,"valueName":"search_term_string"}}],"inLanguage":"tr"},{"@type":"Organization","@id":"https:\/\/roysis.com\/tr\/#organization","name":"ROYS\u0130S | Etiket ve Barkod Bask\u0131 Sistemleri","url":"https:\/\/roysis.com\/tr\/","logo":{"@type":"ImageObject","inLanguage":"tr","@id":"https:\/\/roysis.com\/tr\/#\/schema\/logo\/image\/","url":"https:\/\/roysis.com\/tr\/wp-content\/uploads\/2017\/07\/roysis-logo.png","contentUrl":"https:\/\/roysis.com\/tr\/wp-content\/uploads\/2017\/07\/roysis-logo.png","width":4500,"height":1475,"caption":"ROYS\u0130S | Etiket ve Barkod Bask\u0131 Sistemleri"},"image":{"@id":"https:\/\/roysis.com\/tr\/#\/schema\/logo\/image\/"}}]}},"_links":{"self":[{"href":"https:\/\/roysis.com\/tr\/wp-json\/wp\/v2\/pages\/8589","targetHints":{"allow":["GET"]}}],"collection":[{"href":"https:\/\/roysis.com\/tr\/wp-json\/wp\/v2\/pages"}],"about":[{"href":"https:\/\/roysis.com\/tr\/wp-json\/wp\/v2\/types\/page"}],"author":[{"embeddable":true,"href":"https:\/\/roysis.com\/tr\/wp-json\/wp\/v2\/users\/1"}],"replies":[{"embeddable":true,"href":"https:\/\/roysis.com\/tr\/wp-json\/wp\/v2\/comments?post=8589"}],"version-history":[{"count":13,"href":"https:\/\/roysis.com\/tr\/wp-json\/wp\/v2\/pages\/8589\/revisions"}],"predecessor-version":[{"id":9307,"href":"https:\/\/roysis.com\/tr\/wp-json\/wp\/v2\/pages\/8589\/revisions\/9307"}],"wp:attachment":[{"href":"https:\/\/roysis.com\/tr\/wp-json\/wp\/v2\/media?parent=8589"}],"curies":[{"name":"wp","href":"https:\/\/api.w.org\/{rel}","templated":true}]}}