{"id":8595,"date":"2024-02-20T14:21:45","date_gmt":"2024-02-20T11:21:45","guid":{"rendered":"https:\/\/roysis.com\/tr\/?page_id=8595"},"modified":"2024-07-19T12:01:34","modified_gmt":"2024-07-19T09:01:34","slug":"teknik-servis","status":"publish","type":"page","link":"https:\/\/roysis.com\/tr\/teknik-servis\/","title":{"rendered":"Teknik Servis"},"content":{"rendered":"<section class=\"l-section wpb_row height_small\"><div class=\"l-section-h i-cf\"><div class=\"g-cols vc_row via_grid cols_1 laptops-cols_inherit tablets-cols_inherit mobiles-cols_1 valign_top type_default stacking_default\"><div class=\"wpb_column vc_column_container\"><div class=\"vc_column-inner\"><div class=\"g-cols wpb_row via_grid cols_1 laptops-cols_inherit tablets-cols_inherit mobiles-cols_1 valign_middle type_default stacking_default\" style=\"--gap:3rem;\"><div class=\"wpb_column vc_column_container\"><div class=\"vc_column-inner\"><div class=\"wpb_text_column\"><div class=\"wpb_wrapper\"><p>Teknik Servis ekibimiz, etiket ve barkod sistemlerinizin bak\u0131m\u0131, onar\u0131m\u0131 ve sorun giderilmesi konusunda uzmanla\u015fm\u0131\u015ft\u0131r. Deneyimli teknisyenlerimiz, h\u0131zl\u0131 bir \u015fekilde m\u00fcdahale ederek sorunlar\u0131 \u00e7\u00f6zmekte ve i\u015fletmenizin s\u00fcreklili\u011fini sa\u011flamaktad\u0131r.<\/p>\n<p>M\u00fc\u015fteri memnuniyetini \u00f6n planda tutan anlay\u0131\u015f\u0131m\u0131zla, size en iyi hizmeti sunmak i\u00e7in \u00e7al\u0131\u015f\u0131yoruz. Sistemlerinizde kar\u015f\u0131la\u015ft\u0131\u011f\u0131n\u0131z herhangi bir sorunda, bize ula\u015fmaktan \u00e7ekinmeyin. Profesyonel ekibimiz, sizin i\u00e7in en uygun \u00e7\u00f6z\u00fcm\u00fc sa\u011flamak i\u00e7in burada.<\/p>\n<\/div><\/div><\/div><\/div><\/div><div class=\"w-separator us_custom_2f58e7cb has_text_color size_small\"><\/div><\/div><\/div><\/div><\/div><\/section>\n","protected":false},"excerpt":{"rendered":"Teknik Servis ekibimiz, etiket ve barkod sistemlerinizin bak\u0131m\u0131, onar\u0131m\u0131 ve sorun giderilmesi konusunda uzmanla\u015fm\u0131\u015ft\u0131r. Deneyimli teknisyenlerimiz, h\u0131zl\u0131 bir \u015fekilde m\u00fcdahale ederek sorunlar\u0131 \u00e7\u00f6zmekte ve i\u015fletmenizin s\u00fcreklili\u011fini sa\u011flamaktad\u0131r. M\u00fc\u015fteri memnuniyetini \u00f6n planda tutan anlay\u0131\u015f\u0131m\u0131zla, size en iyi hizmeti sunmak i\u00e7in \u00e7al\u0131\u015f\u0131yoruz. Sistemlerinizde kar\u015f\u0131la\u015ft\u0131\u011f\u0131n\u0131z herhangi bir sorunda, bize ula\u015fmaktan \u00e7ekinmeyin. Profesyonel ekibimiz, sizin i\u00e7in en uygun \u00e7\u00f6z\u00fcm\u00fc...","protected":false},"author":1,"featured_media":9402,"parent":0,"menu_order":0,"comment_status":"closed","ping_status":"closed","template":"","meta":{"_acf_changed":false,"footnotes":""},"class_list":["post-8595","page","type-page","status-publish","has-post-thumbnail","hentry"],"acf":[],"yoast_head":"<!-- This site is optimized with the Yoast SEO plugin v23.9 - https:\/\/yoast.com\/wordpress\/plugins\/seo\/ -->\n<title>Teknik Servis | ROYS\u0130S | Etiket ve Barkod Bask\u0131 Sistemleri<\/title>\n<meta name=\"robots\" content=\"index, follow, max-snippet:-1, max-image-preview:large, max-video-preview:-1\" \/>\n<link rel=\"canonical\" href=\"https:\/\/roysis.com\/tr\/teknik-servis\/\" \/>\n<meta property=\"og:locale\" content=\"tr_TR\" \/>\n<meta property=\"og:type\" content=\"article\" \/>\n<meta property=\"og:title\" content=\"Teknik Servis | ROYS\u0130S | Etiket ve Barkod Bask\u0131 Sistemleri\" \/>\n<meta property=\"og:url\" content=\"https:\/\/roysis.com\/tr\/teknik-servis\/\" \/>\n<meta property=\"og:site_name\" content=\"ROYS\u0130S | Etiket ve Barkod Bask\u0131 Sistemleri\" \/>\n<meta property=\"article:modified_time\" content=\"2024-07-19T09:01:34+00:00\" \/>\n<meta property=\"og:image\" content=\"https:\/\/roysis.com\/tr\/wp-content\/uploads\/2024\/03\/teknik-servis2-e1711018879550.jpg\" \/>\n\t<meta property=\"og:image:width\" content=\"1400\" \/>\n\t<meta property=\"og:image:height\" content=\"875\" \/>\n\t<meta property=\"og:image:type\" content=\"image\/jpeg\" \/>\n<meta name=\"twitter:card\" content=\"summary_large_image\" \/>\n<meta name=\"twitter:label1\" content=\"Tahmini okuma s\u00fcresi\" \/>\n\t<meta name=\"twitter:data1\" content=\"1 dakika\" \/>\n<script type=\"application\/ld+json\" class=\"yoast-schema-graph\">{\"@context\":\"https:\/\/schema.org\",\"@graph\":[{\"@type\":\"WebPage\",\"@id\":\"https:\/\/roysis.com\/tr\/teknik-servis\/\",\"url\":\"https:\/\/roysis.com\/tr\/teknik-servis\/\",\"name\":\"Teknik Servis | ROYS\u0130S | Etiket ve Barkod Bask\u0131 Sistemleri\",\"isPartOf\":{\"@id\":\"https:\/\/roysis.com\/tr\/#website\"},\"primaryImageOfPage\":{\"@id\":\"https:\/\/roysis.com\/tr\/teknik-servis\/#primaryimage\"},\"image\":{\"@id\":\"https:\/\/roysis.com\/tr\/teknik-servis\/#primaryimage\"},\"thumbnailUrl\":\"https:\/\/roysis.com\/tr\/wp-content\/uploads\/2024\/03\/teknik-servis2-e1711018879550.jpg\",\"datePublished\":\"2024-02-20T11:21:45+00:00\",\"dateModified\":\"2024-07-19T09:01:34+00:00\",\"breadcrumb\":{\"@id\":\"https:\/\/roysis.com\/tr\/teknik-servis\/#breadcrumb\"},\"inLanguage\":\"tr\",\"potentialAction\":[{\"@type\":\"ReadAction\",\"target\":[\"https:\/\/roysis.com\/tr\/teknik-servis\/\"]}]},{\"@type\":\"ImageObject\",\"inLanguage\":\"tr\",\"@id\":\"https:\/\/roysis.com\/tr\/teknik-servis\/#primaryimage\",\"url\":\"https:\/\/roysis.com\/tr\/wp-content\/uploads\/2024\/03\/teknik-servis2-e1711018879550.jpg\",\"contentUrl\":\"https:\/\/roysis.com\/tr\/wp-content\/uploads\/2024\/03\/teknik-servis2-e1711018879550.jpg\",\"width\":1400,\"height\":875},{\"@type\":\"BreadcrumbList\",\"@id\":\"https:\/\/roysis.com\/tr\/teknik-servis\/#breadcrumb\",\"itemListElement\":[{\"@type\":\"ListItem\",\"position\":1,\"name\":\"Anasayfa\",\"item\":\"https:\/\/roysis.com\/tr\/\"},{\"@type\":\"ListItem\",\"position\":2,\"name\":\"Teknik Servis\"}]},{\"@type\":\"WebSite\",\"@id\":\"https:\/\/roysis.com\/tr\/#website\",\"url\":\"https:\/\/roysis.com\/tr\/\",\"name\":\"ROYS\u0130S | Etiket ve Barkod Bask\u0131 Sistemleri\",\"description\":\"\",\"publisher\":{\"@id\":\"https:\/\/roysis.com\/tr\/#organization\"},\"potentialAction\":[{\"@type\":\"SearchAction\",\"target\":{\"@type\":\"EntryPoint\",\"urlTemplate\":\"https:\/\/roysis.com\/tr\/?s={search_term_string}\"},\"query-input\":{\"@type\":\"PropertyValueSpecification\",\"valueRequired\":true,\"valueName\":\"search_term_string\"}}],\"inLanguage\":\"tr\"},{\"@type\":\"Organization\",\"@id\":\"https:\/\/roysis.com\/tr\/#organization\",\"name\":\"ROYS\u0130S | Etiket ve Barkod Bask\u0131 Sistemleri\",\"url\":\"https:\/\/roysis.com\/tr\/\",\"logo\":{\"@type\":\"ImageObject\",\"inLanguage\":\"tr\",\"@id\":\"https:\/\/roysis.com\/tr\/#\/schema\/logo\/image\/\",\"url\":\"https:\/\/roysis.com\/tr\/wp-content\/uploads\/2017\/07\/roysis-logo.png\",\"contentUrl\":\"https:\/\/roysis.com\/tr\/wp-content\/uploads\/2017\/07\/roysis-logo.png\",\"width\":4500,\"height\":1475,\"caption\":\"ROYS\u0130S | Etiket ve Barkod Bask\u0131 Sistemleri\"},\"image\":{\"@id\":\"https:\/\/roysis.com\/tr\/#\/schema\/logo\/image\/\"}}]}<\/script>\n<!-- \/ Yoast SEO plugin. -->","yoast_head_json":{"title":"Teknik Servis | ROYS\u0130S | Etiket ve Barkod Bask\u0131 Sistemleri","robots":{"index":"index","follow":"follow","max-snippet":"max-snippet:-1","max-image-preview":"max-image-preview:large","max-video-preview":"max-video-preview:-1"},"canonical":"https:\/\/roysis.com\/tr\/teknik-servis\/","og_locale":"tr_TR","og_type":"article","og_title":"Teknik Servis | ROYS\u0130S | Etiket ve Barkod Bask\u0131 Sistemleri","og_url":"https:\/\/roysis.com\/tr\/teknik-servis\/","og_site_name":"ROYS\u0130S | Etiket ve Barkod Bask\u0131 Sistemleri","article_modified_time":"2024-07-19T09:01:34+00:00","og_image":[{"width":1400,"height":875,"url":"https:\/\/roysis.com\/tr\/wp-content\/uploads\/2024\/03\/teknik-servis2-e1711018879550.jpg","type":"image\/jpeg"}],"twitter_card":"summary_large_image","twitter_misc":{"Tahmini okuma s\u00fcresi":"1 dakika"},"schema":{"@context":"https:\/\/schema.org","@graph":[{"@type":"WebPage","@id":"https:\/\/roysis.com\/tr\/teknik-servis\/","url":"https:\/\/roysis.com\/tr\/teknik-servis\/","name":"Teknik Servis | ROYS\u0130S | Etiket ve Barkod Bask\u0131 Sistemleri","isPartOf":{"@id":"https:\/\/roysis.com\/tr\/#website"},"primaryImageOfPage":{"@id":"https:\/\/roysis.com\/tr\/teknik-servis\/#primaryimage"},"image":{"@id":"https:\/\/roysis.com\/tr\/teknik-servis\/#primaryimage"},"thumbnailUrl":"https:\/\/roysis.com\/tr\/wp-content\/uploads\/2024\/03\/teknik-servis2-e1711018879550.jpg","datePublished":"2024-02-20T11:21:45+00:00","dateModified":"2024-07-19T09:01:34+00:00","breadcrumb":{"@id":"https:\/\/roysis.com\/tr\/teknik-servis\/#breadcrumb"},"inLanguage":"tr","potentialAction":[{"@type":"ReadAction","target":["https:\/\/roysis.com\/tr\/teknik-servis\/"]}]},{"@type":"ImageObject","inLanguage":"tr","@id":"https:\/\/roysis.com\/tr\/teknik-servis\/#primaryimage","url":"https:\/\/roysis.com\/tr\/wp-content\/uploads\/2024\/03\/teknik-servis2-e1711018879550.jpg","contentUrl":"https:\/\/roysis.com\/tr\/wp-content\/uploads\/2024\/03\/teknik-servis2-e1711018879550.jpg","width":1400,"height":875},{"@type":"BreadcrumbList","@id":"https:\/\/roysis.com\/tr\/teknik-servis\/#breadcrumb","itemListElement":[{"@type":"ListItem","position":1,"name":"Anasayfa","item":"https:\/\/roysis.com\/tr\/"},{"@type":"ListItem","position":2,"name":"Teknik Servis"}]},{"@type":"WebSite","@id":"https:\/\/roysis.com\/tr\/#website","url":"https:\/\/roysis.com\/tr\/","name":"ROYS\u0130S | Etiket ve Barkod Bask\u0131 Sistemleri","description":"","publisher":{"@id":"https:\/\/roysis.com\/tr\/#organization"},"potentialAction":[{"@type":"SearchAction","target":{"@type":"EntryPoint","urlTemplate":"https:\/\/roysis.com\/tr\/?s={search_term_string}"},"query-input":{"@type":"PropertyValueSpecification","valueRequired":true,"valueName":"search_term_string"}}],"inLanguage":"tr"},{"@type":"Organization","@id":"https:\/\/roysis.com\/tr\/#organization","name":"ROYS\u0130S | Etiket ve Barkod Bask\u0131 Sistemleri","url":"https:\/\/roysis.com\/tr\/","logo":{"@type":"ImageObject","inLanguage":"tr","@id":"https:\/\/roysis.com\/tr\/#\/schema\/logo\/image\/","url":"https:\/\/roysis.com\/tr\/wp-content\/uploads\/2017\/07\/roysis-logo.png","contentUrl":"https:\/\/roysis.com\/tr\/wp-content\/uploads\/2017\/07\/roysis-logo.png","width":4500,"height":1475,"caption":"ROYS\u0130S | Etiket ve Barkod Bask\u0131 Sistemleri"},"image":{"@id":"https:\/\/roysis.com\/tr\/#\/schema\/logo\/image\/"}}]}},"_links":{"self":[{"href":"https:\/\/roysis.com\/tr\/wp-json\/wp\/v2\/pages\/8595","targetHints":{"allow":["GET"]}}],"collection":[{"href":"https:\/\/roysis.com\/tr\/wp-json\/wp\/v2\/pages"}],"about":[{"href":"https:\/\/roysis.com\/tr\/wp-json\/wp\/v2\/types\/page"}],"author":[{"embeddable":true,"href":"https:\/\/roysis.com\/tr\/wp-json\/wp\/v2\/users\/1"}],"replies":[{"embeddable":true,"href":"https:\/\/roysis.com\/tr\/wp-json\/wp\/v2\/comments?post=8595"}],"version-history":[{"count":91,"href":"https:\/\/roysis.com\/tr\/wp-json\/wp\/v2\/pages\/8595\/revisions"}],"predecessor-version":[{"id":10834,"href":"https:\/\/roysis.com\/tr\/wp-json\/wp\/v2\/pages\/8595\/revisions\/10834"}],"wp:featuredmedia":[{"embeddable":true,"href":"https:\/\/roysis.com\/tr\/wp-json\/wp\/v2\/media\/9402"}],"wp:attachment":[{"href":"https:\/\/roysis.com\/tr\/wp-json\/wp\/v2\/media?parent=8595"}],"curies":[{"name":"wp","href":"https:\/\/api.w.org\/{rel}","templated":true}]}}