{"id":8597,"date":"2024-02-20T14:22:06","date_gmt":"2024-02-20T11:22:06","guid":{"rendered":"https:\/\/roysis.com\/tr\/?page_id=8597"},"modified":"2024-07-25T09:48:09","modified_gmt":"2024-07-25T06:48:09","slug":"servis-buro","status":"publish","type":"page","link":"https:\/\/roysis.com\/tr\/servis-buro\/","title":{"rendered":"Servis B\u00fcro"},"content":{"rendered":"<section class=\"l-section wpb_row height_small\"><div class=\"l-section-h i-cf\"><div class=\"g-cols vc_row via_grid cols_1 laptops-cols_inherit tablets-cols_inherit mobiles-cols_1 valign_top type_default stacking_default\"><div class=\"wpb_column vc_column_container\"><div class=\"vc_column-inner\"><div class=\"g-cols wpb_row via_grid cols_1 laptops-cols_inherit tablets-cols_inherit mobiles-cols_1 valign_middle type_default stacking_default\" style=\"--gap:3rem;\"><div class=\"wpb_column vc_column_container\"><div class=\"vc_column-inner\"><div class=\"wpb_text_column\"><div class=\"wpb_wrapper\"><p>Roysis olarak tek renk siyah ve d\u00fc\u015f\u00fck adetli i\u015flerinizi adet s\u0131n\u0131rlamas\u0131 olmadan istedi\u011finiz t\u00fcm bilgileri dilerseniz barkod ve numarat\u00f6r de dahil olmak \u00fczere kendinden yap\u0131\u015fkanl\u0131 etiket \u00fczerine uygulay\u0131p \u00e7ok k\u0131sa s\u00fcrede size \u00f6zel \u00e7\u00f6z\u00fcmler \u00fcretebilmekteyiz. Ayr\u0131ca Servis b\u00fcro hizmetleri kapsam\u0131nda ihtiyac\u0131n\u0131z olan A4 Lazer etiket, Ribon, Yaz\u0131c\u0131 gibi \u00fcr\u00fcnleri firmam\u0131za geldi\u011finiz taktirde m\u00fc\u015fteri ili\u015fkileri departman\u0131ndaki arkada\u015flar\u0131m\u0131z ile kolayl\u0131kla \u00e7\u00f6zebilirsiniz. <\/p>\n<\/div><\/div><\/div><\/div><\/div><div class=\"w-separator us_custom_2f58e7cb has_text_color size_small\"><\/div><\/div><\/div><\/div><\/div><\/section>\n","protected":false},"excerpt":{"rendered":"Roysis olarak tek renk siyah ve d\u00fc\u015f\u00fck adetli i\u015flerinizi adet s\u0131n\u0131rlamas\u0131 olmadan istedi\u011finiz t\u00fcm bilgileri dilerseniz barkod ve numarat\u00f6r de dahil olmak \u00fczere kendinden yap\u0131\u015fkanl\u0131 etiket \u00fczerine uygulay\u0131p \u00e7ok k\u0131sa s\u00fcrede size \u00f6zel \u00e7\u00f6z\u00fcmler \u00fcretebilmekteyiz. Ayr\u0131ca Servis b\u00fcro hizmetleri kapsam\u0131nda ihtiyac\u0131n\u0131z olan A4 Lazer etiket, Ribon, Yaz\u0131c\u0131 gibi \u00fcr\u00fcnleri firmam\u0131za geldi\u011finiz taktirde m\u00fc\u015fteri ili\u015fkileri departman\u0131ndaki...","protected":false},"author":1,"featured_media":10606,"parent":0,"menu_order":0,"comment_status":"closed","ping_status":"closed","template":"","meta":{"_acf_changed":false,"footnotes":""},"class_list":["post-8597","page","type-page","status-publish","has-post-thumbnail","hentry"],"acf":[],"yoast_head":"<!-- This site is optimized with the Yoast SEO plugin v23.9 - https:\/\/yoast.com\/wordpress\/plugins\/seo\/ -->\n<title>Servis B\u00fcro | ROYS\u0130S | Etiket ve Barkod Bask\u0131 Sistemleri<\/title>\n<meta name=\"robots\" content=\"index, follow, max-snippet:-1, max-image-preview:large, max-video-preview:-1\" \/>\n<link rel=\"canonical\" href=\"https:\/\/roysis.com\/tr\/servis-buro\/\" \/>\n<meta property=\"og:locale\" content=\"tr_TR\" \/>\n<meta property=\"og:type\" content=\"article\" \/>\n<meta property=\"og:title\" content=\"Servis B\u00fcro | ROYS\u0130S | Etiket ve Barkod Bask\u0131 Sistemleri\" \/>\n<meta property=\"og:url\" content=\"https:\/\/roysis.com\/tr\/servis-buro\/\" \/>\n<meta property=\"og:site_name\" content=\"ROYS\u0130S | Etiket ve Barkod Bask\u0131 Sistemleri\" \/>\n<meta property=\"article:modified_time\" content=\"2024-07-25T06:48:09+00:00\" \/>\n<meta property=\"og:image\" content=\"https:\/\/roysis.com\/tr\/wp-content\/uploads\/2024\/06\/servis-buro.jpg\" \/>\n\t<meta property=\"og:image:width\" content=\"1500\" \/>\n\t<meta property=\"og:image:height\" content=\"625\" \/>\n\t<meta property=\"og:image:type\" content=\"image\/jpeg\" \/>\n<meta name=\"twitter:card\" content=\"summary_large_image\" \/>\n<meta name=\"twitter:label1\" content=\"Tahmini okuma s\u00fcresi\" \/>\n\t<meta name=\"twitter:data1\" content=\"1 dakika\" \/>\n<script type=\"application\/ld+json\" class=\"yoast-schema-graph\">{\"@context\":\"https:\/\/schema.org\",\"@graph\":[{\"@type\":\"WebPage\",\"@id\":\"https:\/\/roysis.com\/tr\/servis-buro\/\",\"url\":\"https:\/\/roysis.com\/tr\/servis-buro\/\",\"name\":\"Servis B\u00fcro | ROYS\u0130S | Etiket ve Barkod Bask\u0131 Sistemleri\",\"isPartOf\":{\"@id\":\"https:\/\/roysis.com\/tr\/#website\"},\"primaryImageOfPage\":{\"@id\":\"https:\/\/roysis.com\/tr\/servis-buro\/#primaryimage\"},\"image\":{\"@id\":\"https:\/\/roysis.com\/tr\/servis-buro\/#primaryimage\"},\"thumbnailUrl\":\"https:\/\/roysis.com\/tr\/wp-content\/uploads\/2024\/06\/servis-buro.jpg\",\"datePublished\":\"2024-02-20T11:22:06+00:00\",\"dateModified\":\"2024-07-25T06:48:09+00:00\",\"breadcrumb\":{\"@id\":\"https:\/\/roysis.com\/tr\/servis-buro\/#breadcrumb\"},\"inLanguage\":\"tr\",\"potentialAction\":[{\"@type\":\"ReadAction\",\"target\":[\"https:\/\/roysis.com\/tr\/servis-buro\/\"]}]},{\"@type\":\"ImageObject\",\"inLanguage\":\"tr\",\"@id\":\"https:\/\/roysis.com\/tr\/servis-buro\/#primaryimage\",\"url\":\"https:\/\/roysis.com\/tr\/wp-content\/uploads\/2024\/06\/servis-buro.jpg\",\"contentUrl\":\"https:\/\/roysis.com\/tr\/wp-content\/uploads\/2024\/06\/servis-buro.jpg\",\"width\":1500,\"height\":625},{\"@type\":\"BreadcrumbList\",\"@id\":\"https:\/\/roysis.com\/tr\/servis-buro\/#breadcrumb\",\"itemListElement\":[{\"@type\":\"ListItem\",\"position\":1,\"name\":\"Anasayfa\",\"item\":\"https:\/\/roysis.com\/tr\/\"},{\"@type\":\"ListItem\",\"position\":2,\"name\":\"Servis B\u00fcro\"}]},{\"@type\":\"WebSite\",\"@id\":\"https:\/\/roysis.com\/tr\/#website\",\"url\":\"https:\/\/roysis.com\/tr\/\",\"name\":\"ROYS\u0130S | Etiket ve Barkod Bask\u0131 Sistemleri\",\"description\":\"\",\"publisher\":{\"@id\":\"https:\/\/roysis.com\/tr\/#organization\"},\"potentialAction\":[{\"@type\":\"SearchAction\",\"target\":{\"@type\":\"EntryPoint\",\"urlTemplate\":\"https:\/\/roysis.com\/tr\/?s={search_term_string}\"},\"query-input\":{\"@type\":\"PropertyValueSpecification\",\"valueRequired\":true,\"valueName\":\"search_term_string\"}}],\"inLanguage\":\"tr\"},{\"@type\":\"Organization\",\"@id\":\"https:\/\/roysis.com\/tr\/#organization\",\"name\":\"ROYS\u0130S | Etiket ve Barkod Bask\u0131 Sistemleri\",\"url\":\"https:\/\/roysis.com\/tr\/\",\"logo\":{\"@type\":\"ImageObject\",\"inLanguage\":\"tr\",\"@id\":\"https:\/\/roysis.com\/tr\/#\/schema\/logo\/image\/\",\"url\":\"https:\/\/roysis.com\/tr\/wp-content\/uploads\/2017\/07\/roysis-logo.png\",\"contentUrl\":\"https:\/\/roysis.com\/tr\/wp-content\/uploads\/2017\/07\/roysis-logo.png\",\"width\":4500,\"height\":1475,\"caption\":\"ROYS\u0130S | Etiket ve Barkod Bask\u0131 Sistemleri\"},\"image\":{\"@id\":\"https:\/\/roysis.com\/tr\/#\/schema\/logo\/image\/\"}}]}<\/script>\n<!-- \/ Yoast SEO plugin. -->","yoast_head_json":{"title":"Servis B\u00fcro | ROYS\u0130S | Etiket ve Barkod Bask\u0131 Sistemleri","robots":{"index":"index","follow":"follow","max-snippet":"max-snippet:-1","max-image-preview":"max-image-preview:large","max-video-preview":"max-video-preview:-1"},"canonical":"https:\/\/roysis.com\/tr\/servis-buro\/","og_locale":"tr_TR","og_type":"article","og_title":"Servis B\u00fcro | ROYS\u0130S | Etiket ve Barkod Bask\u0131 Sistemleri","og_url":"https:\/\/roysis.com\/tr\/servis-buro\/","og_site_name":"ROYS\u0130S | Etiket ve Barkod Bask\u0131 Sistemleri","article_modified_time":"2024-07-25T06:48:09+00:00","og_image":[{"width":1500,"height":625,"url":"https:\/\/roysis.com\/tr\/wp-content\/uploads\/2024\/06\/servis-buro.jpg","type":"image\/jpeg"}],"twitter_card":"summary_large_image","twitter_misc":{"Tahmini okuma s\u00fcresi":"1 dakika"},"schema":{"@context":"https:\/\/schema.org","@graph":[{"@type":"WebPage","@id":"https:\/\/roysis.com\/tr\/servis-buro\/","url":"https:\/\/roysis.com\/tr\/servis-buro\/","name":"Servis B\u00fcro | ROYS\u0130S | Etiket ve Barkod Bask\u0131 Sistemleri","isPartOf":{"@id":"https:\/\/roysis.com\/tr\/#website"},"primaryImageOfPage":{"@id":"https:\/\/roysis.com\/tr\/servis-buro\/#primaryimage"},"image":{"@id":"https:\/\/roysis.com\/tr\/servis-buro\/#primaryimage"},"thumbnailUrl":"https:\/\/roysis.com\/tr\/wp-content\/uploads\/2024\/06\/servis-buro.jpg","datePublished":"2024-02-20T11:22:06+00:00","dateModified":"2024-07-25T06:48:09+00:00","breadcrumb":{"@id":"https:\/\/roysis.com\/tr\/servis-buro\/#breadcrumb"},"inLanguage":"tr","potentialAction":[{"@type":"ReadAction","target":["https:\/\/roysis.com\/tr\/servis-buro\/"]}]},{"@type":"ImageObject","inLanguage":"tr","@id":"https:\/\/roysis.com\/tr\/servis-buro\/#primaryimage","url":"https:\/\/roysis.com\/tr\/wp-content\/uploads\/2024\/06\/servis-buro.jpg","contentUrl":"https:\/\/roysis.com\/tr\/wp-content\/uploads\/2024\/06\/servis-buro.jpg","width":1500,"height":625},{"@type":"BreadcrumbList","@id":"https:\/\/roysis.com\/tr\/servis-buro\/#breadcrumb","itemListElement":[{"@type":"ListItem","position":1,"name":"Anasayfa","item":"https:\/\/roysis.com\/tr\/"},{"@type":"ListItem","position":2,"name":"Servis B\u00fcro"}]},{"@type":"WebSite","@id":"https:\/\/roysis.com\/tr\/#website","url":"https:\/\/roysis.com\/tr\/","name":"ROYS\u0130S | Etiket ve Barkod Bask\u0131 Sistemleri","description":"","publisher":{"@id":"https:\/\/roysis.com\/tr\/#organization"},"potentialAction":[{"@type":"SearchAction","target":{"@type":"EntryPoint","urlTemplate":"https:\/\/roysis.com\/tr\/?s={search_term_string}"},"query-input":{"@type":"PropertyValueSpecification","valueRequired":true,"valueName":"search_term_string"}}],"inLanguage":"tr"},{"@type":"Organization","@id":"https:\/\/roysis.com\/tr\/#organization","name":"ROYS\u0130S | Etiket ve Barkod Bask\u0131 Sistemleri","url":"https:\/\/roysis.com\/tr\/","logo":{"@type":"ImageObject","inLanguage":"tr","@id":"https:\/\/roysis.com\/tr\/#\/schema\/logo\/image\/","url":"https:\/\/roysis.com\/tr\/wp-content\/uploads\/2017\/07\/roysis-logo.png","contentUrl":"https:\/\/roysis.com\/tr\/wp-content\/uploads\/2017\/07\/roysis-logo.png","width":4500,"height":1475,"caption":"ROYS\u0130S | Etiket ve Barkod Bask\u0131 Sistemleri"},"image":{"@id":"https:\/\/roysis.com\/tr\/#\/schema\/logo\/image\/"}}]}},"_links":{"self":[{"href":"https:\/\/roysis.com\/tr\/wp-json\/wp\/v2\/pages\/8597","targetHints":{"allow":["GET"]}}],"collection":[{"href":"https:\/\/roysis.com\/tr\/wp-json\/wp\/v2\/pages"}],"about":[{"href":"https:\/\/roysis.com\/tr\/wp-json\/wp\/v2\/types\/page"}],"author":[{"embeddable":true,"href":"https:\/\/roysis.com\/tr\/wp-json\/wp\/v2\/users\/1"}],"replies":[{"embeddable":true,"href":"https:\/\/roysis.com\/tr\/wp-json\/wp\/v2\/comments?post=8597"}],"version-history":[{"count":22,"href":"https:\/\/roysis.com\/tr\/wp-json\/wp\/v2\/pages\/8597\/revisions"}],"predecessor-version":[{"id":10847,"href":"https:\/\/roysis.com\/tr\/wp-json\/wp\/v2\/pages\/8597\/revisions\/10847"}],"wp:featuredmedia":[{"embeddable":true,"href":"https:\/\/roysis.com\/tr\/wp-json\/wp\/v2\/media\/10606"}],"wp:attachment":[{"href":"https:\/\/roysis.com\/tr\/wp-json\/wp\/v2\/media?parent=8597"}],"curies":[{"name":"wp","href":"https:\/\/api.w.org\/{rel}","templated":true}]}}