{"id":8599,"date":"2024-02-20T14:22:21","date_gmt":"2024-02-20T11:22:21","guid":{"rendered":"https:\/\/roysis.com\/tr\/?page_id=8599"},"modified":"2024-07-25T10:00:51","modified_gmt":"2024-07-25T07:00:51","slug":"magaza-barkodlama-otomasyon","status":"publish","type":"page","link":"https:\/\/roysis.com\/tr\/magaza-barkodlama-otomasyon\/","title":{"rendered":"Ma\u011faza Barkodlama &#038; Otomasyon"},"content":{"rendered":"<section class=\"l-section wpb_row height_small\"><div class=\"l-section-h i-cf\"><div class=\"g-cols vc_row via_grid cols_1 laptops-cols_inherit tablets-cols_inherit mobiles-cols_1 valign_top type_default stacking_default\"><div class=\"wpb_column vc_column_container\"><div class=\"vc_column-inner\"><div class=\"g-cols wpb_row via_grid cols_1 laptops-cols_inherit tablets-cols_inherit mobiles-cols_1 valign_middle type_default stacking_default\" style=\"--gap:3rem;\"><div class=\"wpb_column vc_column_container\"><div class=\"vc_column-inner\"><div class=\"wpb_text_column\"><div class=\"wpb_wrapper\"><p>Barkodlama ve otomasyon sistemlerimiz, \u00fcr\u00fcnlerinizi h\u0131zl\u0131 ve do\u011fru bir \u015fekilde tan\u0131mlaman\u0131za ve izlemenize olanak tan\u0131r. Bu sayede stok takibi, sipari\u015f y\u00f6netimi ve envanter kontrol\u00fc gibi i\u015flemler daha verimli bir \u015fekilde ger\u00e7ekle\u015ftirilebilir. Ayr\u0131ca, m\u00fc\u015fteri deneyimini iyile\u015ftirmek ve sat\u0131\u015flar\u0131 art\u0131rmak i\u00e7in tasarlanm\u0131\u015f entegre \u00e7\u00f6z\u00fcmler sunuyoruz.<\/p>\n<p>Teknoloji alan\u0131ndaki uzman ekibimiz, ma\u011fazan\u0131z\u0131n ihtiya\u00e7lar\u0131na uygun \u00f6zelle\u015ftirilmi\u015f \u00e7\u00f6z\u00fcmler sunmak i\u00e7in size rehberlik eder. Y\u00fcksek kaliteli ekipmanlar\u0131m\u0131z ve yaz\u0131l\u0131mlar\u0131m\u0131zla, i\u015fletmenizin operasyonlar\u0131n\u0131 daha verimli hale getirirken ayn\u0131 zamanda maliyetleri de azaltman\u0131za yard\u0131mc\u0131 oluyoruz.<\/p>\n<\/div><\/div><\/div><\/div><\/div><div class=\"w-separator us_custom_2f58e7cb has_text_color size_small\"><\/div><\/div><\/div><\/div><\/div><\/section>\n","protected":false},"excerpt":{"rendered":"Barkodlama ve otomasyon sistemlerimiz, \u00fcr\u00fcnlerinizi h\u0131zl\u0131 ve do\u011fru bir \u015fekilde tan\u0131mlaman\u0131za ve izlemenize olanak tan\u0131r. Bu sayede stok takibi, sipari\u015f y\u00f6netimi ve envanter kontrol\u00fc gibi i\u015flemler daha verimli bir \u015fekilde ger\u00e7ekle\u015ftirilebilir. Ayr\u0131ca, m\u00fc\u015fteri deneyimini iyile\u015ftirmek ve sat\u0131\u015flar\u0131 art\u0131rmak i\u00e7in tasarlanm\u0131\u015f entegre \u00e7\u00f6z\u00fcmler sunuyoruz. Teknoloji alan\u0131ndaki uzman ekibimiz, ma\u011fazan\u0131z\u0131n ihtiya\u00e7lar\u0131na uygun \u00f6zelle\u015ftirilmi\u015f \u00e7\u00f6z\u00fcmler sunmak i\u00e7in size...","protected":false},"author":1,"featured_media":10850,"parent":0,"menu_order":0,"comment_status":"closed","ping_status":"closed","template":"","meta":{"_acf_changed":false,"footnotes":""},"class_list":["post-8599","page","type-page","status-publish","has-post-thumbnail","hentry"],"acf":[],"yoast_head":"<!-- This site is optimized with the Yoast SEO plugin v23.9 - https:\/\/yoast.com\/wordpress\/plugins\/seo\/ -->\n<title>Ma\u011faza Barkodlama &amp; Otomasyon | ROYS\u0130S | Etiket ve Barkod Bask\u0131 Sistemleri<\/title>\n<meta name=\"robots\" content=\"index, follow, max-snippet:-1, max-image-preview:large, max-video-preview:-1\" \/>\n<link rel=\"canonical\" href=\"https:\/\/roysis.com\/tr\/magaza-barkodlama-otomasyon\/\" \/>\n<meta property=\"og:locale\" content=\"tr_TR\" \/>\n<meta property=\"og:type\" content=\"article\" \/>\n<meta property=\"og:title\" content=\"Ma\u011faza Barkodlama &amp; Otomasyon | ROYS\u0130S | Etiket ve Barkod Bask\u0131 Sistemleri\" \/>\n<meta property=\"og:url\" content=\"https:\/\/roysis.com\/tr\/magaza-barkodlama-otomasyon\/\" \/>\n<meta property=\"og:site_name\" content=\"ROYS\u0130S | Etiket ve Barkod Bask\u0131 Sistemleri\" \/>\n<meta property=\"article:modified_time\" content=\"2024-07-25T07:00:51+00:00\" \/>\n<meta property=\"og:image\" content=\"https:\/\/roysis.com\/tr\/wp-content\/uploads\/2024\/07\/magaza-barkodlama-otomasyon-gorseli.jpg\" \/>\n\t<meta property=\"og:image:width\" content=\"1500\" \/>\n\t<meta property=\"og:image:height\" content=\"625\" \/>\n\t<meta property=\"og:image:type\" content=\"image\/jpeg\" \/>\n<meta name=\"twitter:card\" content=\"summary_large_image\" \/>\n<meta name=\"twitter:label1\" content=\"Tahmini okuma s\u00fcresi\" \/>\n\t<meta name=\"twitter:data1\" content=\"1 dakika\" \/>\n<script type=\"application\/ld+json\" class=\"yoast-schema-graph\">{\"@context\":\"https:\/\/schema.org\",\"@graph\":[{\"@type\":\"WebPage\",\"@id\":\"https:\/\/roysis.com\/tr\/magaza-barkodlama-otomasyon\/\",\"url\":\"https:\/\/roysis.com\/tr\/magaza-barkodlama-otomasyon\/\",\"name\":\"Ma\u011faza Barkodlama & Otomasyon | ROYS\u0130S | Etiket ve Barkod Bask\u0131 Sistemleri\",\"isPartOf\":{\"@id\":\"https:\/\/roysis.com\/tr\/#website\"},\"primaryImageOfPage\":{\"@id\":\"https:\/\/roysis.com\/tr\/magaza-barkodlama-otomasyon\/#primaryimage\"},\"image\":{\"@id\":\"https:\/\/roysis.com\/tr\/magaza-barkodlama-otomasyon\/#primaryimage\"},\"thumbnailUrl\":\"https:\/\/roysis.com\/tr\/wp-content\/uploads\/2024\/07\/magaza-barkodlama-otomasyon-gorseli.jpg\",\"datePublished\":\"2024-02-20T11:22:21+00:00\",\"dateModified\":\"2024-07-25T07:00:51+00:00\",\"breadcrumb\":{\"@id\":\"https:\/\/roysis.com\/tr\/magaza-barkodlama-otomasyon\/#breadcrumb\"},\"inLanguage\":\"tr\",\"potentialAction\":[{\"@type\":\"ReadAction\",\"target\":[\"https:\/\/roysis.com\/tr\/magaza-barkodlama-otomasyon\/\"]}]},{\"@type\":\"ImageObject\",\"inLanguage\":\"tr\",\"@id\":\"https:\/\/roysis.com\/tr\/magaza-barkodlama-otomasyon\/#primaryimage\",\"url\":\"https:\/\/roysis.com\/tr\/wp-content\/uploads\/2024\/07\/magaza-barkodlama-otomasyon-gorseli.jpg\",\"contentUrl\":\"https:\/\/roysis.com\/tr\/wp-content\/uploads\/2024\/07\/magaza-barkodlama-otomasyon-gorseli.jpg\",\"width\":1500,\"height\":625},{\"@type\":\"BreadcrumbList\",\"@id\":\"https:\/\/roysis.com\/tr\/magaza-barkodlama-otomasyon\/#breadcrumb\",\"itemListElement\":[{\"@type\":\"ListItem\",\"position\":1,\"name\":\"Anasayfa\",\"item\":\"https:\/\/roysis.com\/tr\/\"},{\"@type\":\"ListItem\",\"position\":2,\"name\":\"Ma\u011faza Barkodlama &#038; Otomasyon\"}]},{\"@type\":\"WebSite\",\"@id\":\"https:\/\/roysis.com\/tr\/#website\",\"url\":\"https:\/\/roysis.com\/tr\/\",\"name\":\"ROYS\u0130S | Etiket ve Barkod Bask\u0131 Sistemleri\",\"description\":\"\",\"publisher\":{\"@id\":\"https:\/\/roysis.com\/tr\/#organization\"},\"potentialAction\":[{\"@type\":\"SearchAction\",\"target\":{\"@type\":\"EntryPoint\",\"urlTemplate\":\"https:\/\/roysis.com\/tr\/?s={search_term_string}\"},\"query-input\":{\"@type\":\"PropertyValueSpecification\",\"valueRequired\":true,\"valueName\":\"search_term_string\"}}],\"inLanguage\":\"tr\"},{\"@type\":\"Organization\",\"@id\":\"https:\/\/roysis.com\/tr\/#organization\",\"name\":\"ROYS\u0130S | Etiket ve Barkod Bask\u0131 Sistemleri\",\"url\":\"https:\/\/roysis.com\/tr\/\",\"logo\":{\"@type\":\"ImageObject\",\"inLanguage\":\"tr\",\"@id\":\"https:\/\/roysis.com\/tr\/#\/schema\/logo\/image\/\",\"url\":\"https:\/\/roysis.com\/tr\/wp-content\/uploads\/2017\/07\/roysis-logo.png\",\"contentUrl\":\"https:\/\/roysis.com\/tr\/wp-content\/uploads\/2017\/07\/roysis-logo.png\",\"width\":4500,\"height\":1475,\"caption\":\"ROYS\u0130S | Etiket ve Barkod Bask\u0131 Sistemleri\"},\"image\":{\"@id\":\"https:\/\/roysis.com\/tr\/#\/schema\/logo\/image\/\"}}]}<\/script>\n<!-- \/ Yoast SEO plugin. -->","yoast_head_json":{"title":"Ma\u011faza Barkodlama & Otomasyon | ROYS\u0130S | Etiket ve Barkod Bask\u0131 Sistemleri","robots":{"index":"index","follow":"follow","max-snippet":"max-snippet:-1","max-image-preview":"max-image-preview:large","max-video-preview":"max-video-preview:-1"},"canonical":"https:\/\/roysis.com\/tr\/magaza-barkodlama-otomasyon\/","og_locale":"tr_TR","og_type":"article","og_title":"Ma\u011faza Barkodlama & Otomasyon | ROYS\u0130S | Etiket ve Barkod Bask\u0131 Sistemleri","og_url":"https:\/\/roysis.com\/tr\/magaza-barkodlama-otomasyon\/","og_site_name":"ROYS\u0130S | Etiket ve Barkod Bask\u0131 Sistemleri","article_modified_time":"2024-07-25T07:00:51+00:00","og_image":[{"width":1500,"height":625,"url":"https:\/\/roysis.com\/tr\/wp-content\/uploads\/2024\/07\/magaza-barkodlama-otomasyon-gorseli.jpg","type":"image\/jpeg"}],"twitter_card":"summary_large_image","twitter_misc":{"Tahmini okuma s\u00fcresi":"1 dakika"},"schema":{"@context":"https:\/\/schema.org","@graph":[{"@type":"WebPage","@id":"https:\/\/roysis.com\/tr\/magaza-barkodlama-otomasyon\/","url":"https:\/\/roysis.com\/tr\/magaza-barkodlama-otomasyon\/","name":"Ma\u011faza Barkodlama & Otomasyon | ROYS\u0130S | Etiket ve Barkod Bask\u0131 Sistemleri","isPartOf":{"@id":"https:\/\/roysis.com\/tr\/#website"},"primaryImageOfPage":{"@id":"https:\/\/roysis.com\/tr\/magaza-barkodlama-otomasyon\/#primaryimage"},"image":{"@id":"https:\/\/roysis.com\/tr\/magaza-barkodlama-otomasyon\/#primaryimage"},"thumbnailUrl":"https:\/\/roysis.com\/tr\/wp-content\/uploads\/2024\/07\/magaza-barkodlama-otomasyon-gorseli.jpg","datePublished":"2024-02-20T11:22:21+00:00","dateModified":"2024-07-25T07:00:51+00:00","breadcrumb":{"@id":"https:\/\/roysis.com\/tr\/magaza-barkodlama-otomasyon\/#breadcrumb"},"inLanguage":"tr","potentialAction":[{"@type":"ReadAction","target":["https:\/\/roysis.com\/tr\/magaza-barkodlama-otomasyon\/"]}]},{"@type":"ImageObject","inLanguage":"tr","@id":"https:\/\/roysis.com\/tr\/magaza-barkodlama-otomasyon\/#primaryimage","url":"https:\/\/roysis.com\/tr\/wp-content\/uploads\/2024\/07\/magaza-barkodlama-otomasyon-gorseli.jpg","contentUrl":"https:\/\/roysis.com\/tr\/wp-content\/uploads\/2024\/07\/magaza-barkodlama-otomasyon-gorseli.jpg","width":1500,"height":625},{"@type":"BreadcrumbList","@id":"https:\/\/roysis.com\/tr\/magaza-barkodlama-otomasyon\/#breadcrumb","itemListElement":[{"@type":"ListItem","position":1,"name":"Anasayfa","item":"https:\/\/roysis.com\/tr\/"},{"@type":"ListItem","position":2,"name":"Ma\u011faza Barkodlama &#038; Otomasyon"}]},{"@type":"WebSite","@id":"https:\/\/roysis.com\/tr\/#website","url":"https:\/\/roysis.com\/tr\/","name":"ROYS\u0130S | Etiket ve Barkod Bask\u0131 Sistemleri","description":"","publisher":{"@id":"https:\/\/roysis.com\/tr\/#organization"},"potentialAction":[{"@type":"SearchAction","target":{"@type":"EntryPoint","urlTemplate":"https:\/\/roysis.com\/tr\/?s={search_term_string}"},"query-input":{"@type":"PropertyValueSpecification","valueRequired":true,"valueName":"search_term_string"}}],"inLanguage":"tr"},{"@type":"Organization","@id":"https:\/\/roysis.com\/tr\/#organization","name":"ROYS\u0130S | Etiket ve Barkod Bask\u0131 Sistemleri","url":"https:\/\/roysis.com\/tr\/","logo":{"@type":"ImageObject","inLanguage":"tr","@id":"https:\/\/roysis.com\/tr\/#\/schema\/logo\/image\/","url":"https:\/\/roysis.com\/tr\/wp-content\/uploads\/2017\/07\/roysis-logo.png","contentUrl":"https:\/\/roysis.com\/tr\/wp-content\/uploads\/2017\/07\/roysis-logo.png","width":4500,"height":1475,"caption":"ROYS\u0130S | Etiket ve Barkod Bask\u0131 Sistemleri"},"image":{"@id":"https:\/\/roysis.com\/tr\/#\/schema\/logo\/image\/"}}]}},"_links":{"self":[{"href":"https:\/\/roysis.com\/tr\/wp-json\/wp\/v2\/pages\/8599","targetHints":{"allow":["GET"]}}],"collection":[{"href":"https:\/\/roysis.com\/tr\/wp-json\/wp\/v2\/pages"}],"about":[{"href":"https:\/\/roysis.com\/tr\/wp-json\/wp\/v2\/types\/page"}],"author":[{"embeddable":true,"href":"https:\/\/roysis.com\/tr\/wp-json\/wp\/v2\/users\/1"}],"replies":[{"embeddable":true,"href":"https:\/\/roysis.com\/tr\/wp-json\/wp\/v2\/comments?post=8599"}],"version-history":[{"count":17,"href":"https:\/\/roysis.com\/tr\/wp-json\/wp\/v2\/pages\/8599\/revisions"}],"predecessor-version":[{"id":10709,"href":"https:\/\/roysis.com\/tr\/wp-json\/wp\/v2\/pages\/8599\/revisions\/10709"}],"wp:featuredmedia":[{"embeddable":true,"href":"https:\/\/roysis.com\/tr\/wp-json\/wp\/v2\/media\/10850"}],"wp:attachment":[{"href":"https:\/\/roysis.com\/tr\/wp-json\/wp\/v2\/media?parent=8599"}],"curies":[{"name":"wp","href":"https:\/\/api.w.org\/{rel}","templated":true}]}}