{"id":8601,"date":"2024-02-20T14:22:39","date_gmt":"2024-02-20T11:22:39","guid":{"rendered":"https:\/\/roysis.com\/tr\/?page_id=8601"},"modified":"2024-08-12T15:16:17","modified_gmt":"2024-08-12T12:16:17","slug":"iletisim","status":"publish","type":"page","link":"https:\/\/roysis.com\/tr\/iletisim\/","title":{"rendered":"\u0130leti\u015fim"},"content":{"rendered":"<section class=\"l-section wpb_row us_custom_94eb0ca8 height_auto width_full color_alternate\"><div class=\"l-section-h i-cf\"><div class=\"g-cols vc_row via_grid cols_1 laptops-cols_inherit tablets-cols_inherit mobiles-cols_1 valign_top type_default stacking_default\"><div class=\"wpb_column vc_column_container\"><div class=\"vc_column-inner\"><div class=\"w-map provider_osm\" id=\"us_map_1\"><div class=\"w-map-inner\"><div class=\"w-map-json\" onclick='return {&quot;address&quot;:&quot;40.935969512918625, 29.136397677263215&quot;,&quot;disableDragging&quot;:0,&quot;disableZoom&quot;:0,&quot;hideControls&quot;:1,&quot;zoom&quot;:16,&quot;markers&quot;:[{&quot;address&quot;:&quot;40.935969512918625, 29.136397677263215&quot;,&quot;html&quot;:&quot;&lt;h6&gt;Biz buraday\\u0131z!&lt;\\\/h6&gt;&lt;p&gt;Sizleri ofisimizde misafir etmekten mutluluk duyar\\u0131z.&quot;,&quot;infowindow&quot;:0}],&quot;icon&quot;:{&quot;url&quot;:&quot;https:\\\/\\\/roysis.com\\\/tr\\\/wp-content\\\/uploads\\\/2024\\\/02\\\/ikonn-150x150.png&quot;,&quot;size&quot;:[40,40]},&quot;style&quot;:&quot;https:\\\/\\\/{s}.basemaps.cartocdn.com\\\/dark_all\\\/{z}\\\/{x}\\\/{y}{r}.png&quot;}'><\/div><\/div><\/div><\/div><\/div><\/div><\/div><\/section><section class=\"l-section wpb_row height_small\"><div class=\"l-section-h i-cf\"><div class=\"g-cols vc_row via_grid cols_3-2 laptops-cols_2 tablets-cols_1 mobiles-cols_1 valign_bottom type_default reversed stacking_default\" style=\"--gap:4.8rem;\"><div class=\"wpb_column vc_column_container\"><div class=\"vc_column-inner\"><div class=\"g-cols wpb_row us_custom_6b17edd3 via_grid cols_2 laptops-cols_inherit tablets-cols_inherit mobiles-cols_1 valign_middle type_default stacking_default\" style=\"--gap:3rem;\"><div class=\"wpb_column vc_column_container\"><div class=\"vc_column-inner\"><div class=\"w-separator size_medium\"><\/div><div class=\"w-separator size_medium\"><\/div><h3 class=\"w-text us_custom_6ca6a7b9 has_text_color\"><span class=\"w-text-h\"><span class=\"w-text-value\">\u0130leti\u015fim Bilgileri<\/span><\/span><\/h3><div class=\"w-separator size_medium\"><\/div><div class=\"w-separator size_custom\" style=\"height:4px\"><\/div><div class=\"w-text us_custom_58f73a94 has_text_color icon_atleft\"><span class=\"w-text-h\"><i class=\"far fa-phone-rotary\"><\/i><span class=\"w-text-value\">Telefon<\/span><\/span><\/div><h4 class=\"w-text us_custom_3835fb6a has_text_color\"><a href=\"tel:+902164411919\" class=\"w-text-h\"><span class=\"w-text-value\">+90 (216) 441 19 19<\/span><\/a><\/h4><h4 class=\"w-text us_custom_fa21daeb has_text_color\"><a href=\"tel:+902163054270\" class=\"w-text-h\"><span class=\"w-text-value\">+90 (216) 305 42 70<\/span><\/a><\/h4><div class=\"w-separator size_custom\" style=\"height:4px\"><\/div><div class=\"w-text us_custom_58f73a94 has_text_color icon_atleft\"><span class=\"w-text-h\"><i class=\"far fa-envelope\"><\/i><span class=\"w-text-value\">E-mail<\/span><\/span><\/div><h4 class=\"w-text us_custom_c9de2478 has_text_color\"><a href=\"mailto:info@roysis.com.tr\" class=\"w-text-h\"><span class=\"w-text-value\">info@roysis.com.tr<\/span><\/a><\/h4><div class=\"w-separator size_custom\" style=\"height:4px\"><\/div><div class=\"w-text us_custom_58f73a94 has_text_color icon_atleft\"><span class=\"w-text-h\"><i class=\"far fa-map-pin\"><\/i><span class=\"w-text-value\">Adres<\/span><\/span><\/div><h4 class=\"w-text us_custom_c9de2478 has_text_color\"><a target=\"_blank\" href=\"https:\/\/maps.app.goo.gl\/GrdVsSgDFAyvAmR7A\" class=\"w-text-h\"><span class=\"w-text-value\">Altay\u00e7e\u015fme, Toygun Sk. No:1 Kat 5, 34848 Maltepe\/\u0130stanbul<\/span><\/a><\/h4><\/div><\/div><div class=\"wpb_column vc_column_container\"><div class=\"vc_column-inner\"><\/div><\/div><\/div><\/div><\/div><div class=\"wpb_column vc_column_container us_custom_04b5b2ab has_text_color has_bg_color\"><div class=\"vc_column-inner\"><h3 class=\"w-text\"><span class=\"w-text-h\"><span class=\"w-text-value\">\u0130leti\u015fim Formu<\/span><\/span><\/h3>[vc_raw_html]JTVCZm9ybWluYXRvcl9mb3JtJTIwaWQlM0QlMjIxMDkxNSUyMiU1RA==[\/vc_raw_html]<\/div><\/div><\/div><\/div><\/section><section class=\"l-section wpb_row height_small\"><div class=\"l-section-h i-cf\"><div class=\"g-cols vc_row via_grid cols_1 laptops-cols_inherit tablets-cols_inherit mobiles-cols_1 valign_top type_default stacking_default\"><div class=\"wpb_column vc_column_container\"><div class=\"vc_column-inner\"><div class=\"w-separator size_custom\" style=\"height:15px\"><\/div><\/div><\/div><\/div><\/div><\/section>\n","protected":false},"excerpt":{"rendered":"\u0130leti\u015fim BilgileriTelefon+90 (216) 441 19 19+90 (216) 305 42 70E-mailinfo@roysis.com.trAdresAltay\u00e7e\u015fme, Toygun Sk. No:1 Kat 5, 34848 Maltepe\/\u0130stanbul\u0130leti\u015fim Formu[vc_raw_html]JTVCZm9ybWluYXRvcl9mb3JtJTIwaWQlM0QlMjIxMDkxNSUyMiU1RA==[\/vc_raw_html]","protected":false},"author":1,"featured_media":0,"parent":0,"menu_order":0,"comment_status":"closed","ping_status":"closed","template":"","meta":{"_acf_changed":false,"footnotes":""},"class_list":["post-8601","page","type-page","status-publish","hentry"],"acf":[],"yoast_head":"<!-- This site is optimized with the Yoast SEO plugin v23.9 - https:\/\/yoast.com\/wordpress\/plugins\/seo\/ -->\n<title>\u0130leti\u015fim | ROYS\u0130S | Etiket ve Barkod Bask\u0131 Sistemleri<\/title>\n<meta name=\"robots\" content=\"index, follow, max-snippet:-1, max-image-preview:large, max-video-preview:-1\" \/>\n<link rel=\"canonical\" href=\"https:\/\/roysis.com\/tr\/iletisim\/\" \/>\n<meta property=\"og:locale\" content=\"tr_TR\" \/>\n<meta property=\"og:type\" content=\"article\" \/>\n<meta property=\"og:title\" content=\"\u0130leti\u015fim | ROYS\u0130S | Etiket ve Barkod Bask\u0131 Sistemleri\" \/>\n<meta property=\"og:url\" content=\"https:\/\/roysis.com\/tr\/iletisim\/\" \/>\n<meta property=\"og:site_name\" content=\"ROYS\u0130S | Etiket ve Barkod Bask\u0131 Sistemleri\" \/>\n<meta property=\"article:modified_time\" content=\"2024-08-12T12:16:17+00:00\" \/>\n<meta property=\"og:image\" content=\"https:\/\/roysis.com\/tr\/wp-content\/uploads\/2024\/06\/roysis.jpg\" \/>\n\t<meta property=\"og:image:width\" content=\"800\" \/>\n\t<meta property=\"og:image:height\" content=\"800\" \/>\n\t<meta property=\"og:image:type\" content=\"image\/jpeg\" \/>\n<meta name=\"twitter:card\" content=\"summary_large_image\" \/>\n<meta name=\"twitter:label1\" content=\"Tahmini okuma s\u00fcresi\" \/>\n\t<meta name=\"twitter:data1\" content=\"4 dakika\" \/>\n<script type=\"application\/ld+json\" class=\"yoast-schema-graph\">{\"@context\":\"https:\/\/schema.org\",\"@graph\":[{\"@type\":\"WebPage\",\"@id\":\"https:\/\/roysis.com\/tr\/iletisim\/\",\"url\":\"https:\/\/roysis.com\/tr\/iletisim\/\",\"name\":\"\u0130leti\u015fim | ROYS\u0130S | Etiket ve Barkod Bask\u0131 Sistemleri\",\"isPartOf\":{\"@id\":\"https:\/\/roysis.com\/tr\/#website\"},\"datePublished\":\"2024-02-20T11:22:39+00:00\",\"dateModified\":\"2024-08-12T12:16:17+00:00\",\"breadcrumb\":{\"@id\":\"https:\/\/roysis.com\/tr\/iletisim\/#breadcrumb\"},\"inLanguage\":\"tr\",\"potentialAction\":[{\"@type\":\"ReadAction\",\"target\":[\"https:\/\/roysis.com\/tr\/iletisim\/\"]}]},{\"@type\":\"BreadcrumbList\",\"@id\":\"https:\/\/roysis.com\/tr\/iletisim\/#breadcrumb\",\"itemListElement\":[{\"@type\":\"ListItem\",\"position\":1,\"name\":\"Anasayfa\",\"item\":\"https:\/\/roysis.com\/tr\/\"},{\"@type\":\"ListItem\",\"position\":2,\"name\":\"\u0130leti\u015fim\"}]},{\"@type\":\"WebSite\",\"@id\":\"https:\/\/roysis.com\/tr\/#website\",\"url\":\"https:\/\/roysis.com\/tr\/\",\"name\":\"ROYS\u0130S | Etiket ve Barkod Bask\u0131 Sistemleri\",\"description\":\"\",\"publisher\":{\"@id\":\"https:\/\/roysis.com\/tr\/#organization\"},\"potentialAction\":[{\"@type\":\"SearchAction\",\"target\":{\"@type\":\"EntryPoint\",\"urlTemplate\":\"https:\/\/roysis.com\/tr\/?s={search_term_string}\"},\"query-input\":{\"@type\":\"PropertyValueSpecification\",\"valueRequired\":true,\"valueName\":\"search_term_string\"}}],\"inLanguage\":\"tr\"},{\"@type\":\"Organization\",\"@id\":\"https:\/\/roysis.com\/tr\/#organization\",\"name\":\"ROYS\u0130S | Etiket ve Barkod Bask\u0131 Sistemleri\",\"url\":\"https:\/\/roysis.com\/tr\/\",\"logo\":{\"@type\":\"ImageObject\",\"inLanguage\":\"tr\",\"@id\":\"https:\/\/roysis.com\/tr\/#\/schema\/logo\/image\/\",\"url\":\"https:\/\/roysis.com\/tr\/wp-content\/uploads\/2017\/07\/roysis-logo.png\",\"contentUrl\":\"https:\/\/roysis.com\/tr\/wp-content\/uploads\/2017\/07\/roysis-logo.png\",\"width\":4500,\"height\":1475,\"caption\":\"ROYS\u0130S | Etiket ve Barkod Bask\u0131 Sistemleri\"},\"image\":{\"@id\":\"https:\/\/roysis.com\/tr\/#\/schema\/logo\/image\/\"}}]}<\/script>\n<!-- \/ Yoast SEO plugin. -->","yoast_head_json":{"title":"\u0130leti\u015fim | ROYS\u0130S | Etiket ve Barkod Bask\u0131 Sistemleri","robots":{"index":"index","follow":"follow","max-snippet":"max-snippet:-1","max-image-preview":"max-image-preview:large","max-video-preview":"max-video-preview:-1"},"canonical":"https:\/\/roysis.com\/tr\/iletisim\/","og_locale":"tr_TR","og_type":"article","og_title":"\u0130leti\u015fim | ROYS\u0130S | Etiket ve Barkod Bask\u0131 Sistemleri","og_url":"https:\/\/roysis.com\/tr\/iletisim\/","og_site_name":"ROYS\u0130S | Etiket ve Barkod Bask\u0131 Sistemleri","article_modified_time":"2024-08-12T12:16:17+00:00","og_image":[{"width":800,"height":800,"url":"https:\/\/roysis.com\/tr\/wp-content\/uploads\/2024\/06\/roysis.jpg","type":"image\/jpeg"}],"twitter_card":"summary_large_image","twitter_misc":{"Tahmini okuma s\u00fcresi":"4 dakika"},"schema":{"@context":"https:\/\/schema.org","@graph":[{"@type":"WebPage","@id":"https:\/\/roysis.com\/tr\/iletisim\/","url":"https:\/\/roysis.com\/tr\/iletisim\/","name":"\u0130leti\u015fim | ROYS\u0130S | Etiket ve Barkod Bask\u0131 Sistemleri","isPartOf":{"@id":"https:\/\/roysis.com\/tr\/#website"},"datePublished":"2024-02-20T11:22:39+00:00","dateModified":"2024-08-12T12:16:17+00:00","breadcrumb":{"@id":"https:\/\/roysis.com\/tr\/iletisim\/#breadcrumb"},"inLanguage":"tr","potentialAction":[{"@type":"ReadAction","target":["https:\/\/roysis.com\/tr\/iletisim\/"]}]},{"@type":"BreadcrumbList","@id":"https:\/\/roysis.com\/tr\/iletisim\/#breadcrumb","itemListElement":[{"@type":"ListItem","position":1,"name":"Anasayfa","item":"https:\/\/roysis.com\/tr\/"},{"@type":"ListItem","position":2,"name":"\u0130leti\u015fim"}]},{"@type":"WebSite","@id":"https:\/\/roysis.com\/tr\/#website","url":"https:\/\/roysis.com\/tr\/","name":"ROYS\u0130S | Etiket ve Barkod Bask\u0131 Sistemleri","description":"","publisher":{"@id":"https:\/\/roysis.com\/tr\/#organization"},"potentialAction":[{"@type":"SearchAction","target":{"@type":"EntryPoint","urlTemplate":"https:\/\/roysis.com\/tr\/?s={search_term_string}"},"query-input":{"@type":"PropertyValueSpecification","valueRequired":true,"valueName":"search_term_string"}}],"inLanguage":"tr"},{"@type":"Organization","@id":"https:\/\/roysis.com\/tr\/#organization","name":"ROYS\u0130S | Etiket ve Barkod Bask\u0131 Sistemleri","url":"https:\/\/roysis.com\/tr\/","logo":{"@type":"ImageObject","inLanguage":"tr","@id":"https:\/\/roysis.com\/tr\/#\/schema\/logo\/image\/","url":"https:\/\/roysis.com\/tr\/wp-content\/uploads\/2017\/07\/roysis-logo.png","contentUrl":"https:\/\/roysis.com\/tr\/wp-content\/uploads\/2017\/07\/roysis-logo.png","width":4500,"height":1475,"caption":"ROYS\u0130S | Etiket ve Barkod Bask\u0131 Sistemleri"},"image":{"@id":"https:\/\/roysis.com\/tr\/#\/schema\/logo\/image\/"}}]}},"_links":{"self":[{"href":"https:\/\/roysis.com\/tr\/wp-json\/wp\/v2\/pages\/8601","targetHints":{"allow":["GET"]}}],"collection":[{"href":"https:\/\/roysis.com\/tr\/wp-json\/wp\/v2\/pages"}],"about":[{"href":"https:\/\/roysis.com\/tr\/wp-json\/wp\/v2\/types\/page"}],"author":[{"embeddable":true,"href":"https:\/\/roysis.com\/tr\/wp-json\/wp\/v2\/users\/1"}],"replies":[{"embeddable":true,"href":"https:\/\/roysis.com\/tr\/wp-json\/wp\/v2\/comments?post=8601"}],"version-history":[{"count":158,"href":"https:\/\/roysis.com\/tr\/wp-json\/wp\/v2\/pages\/8601\/revisions"}],"predecessor-version":[{"id":10918,"href":"https:\/\/roysis.com\/tr\/wp-json\/wp\/v2\/pages\/8601\/revisions\/10918"}],"wp:attachment":[{"href":"https:\/\/roysis.com\/tr\/wp-json\/wp\/v2\/media?parent=8601"}],"curies":[{"name":"wp","href":"https:\/\/api.w.org\/{rel}","templated":true}]}}