{"id":8917,"date":"2024-03-18T10:22:06","date_gmt":"2024-03-18T07:22:06","guid":{"rendered":"https:\/\/roysis.com\/tr\/?page_id=8917"},"modified":"2024-07-31T09:37:31","modified_gmt":"2024-07-31T06:37:31","slug":"vizyon-ve-misyonumuz","status":"publish","type":"page","link":"https:\/\/roysis.com\/tr\/vizyon-ve-misyonumuz\/","title":{"rendered":"Vizyon ve Misyonumuz"},"content":{"rendered":"<section class=\"l-section wpb_row height_small\"><div class=\"l-section-h i-cf\"><div class=\"g-cols vc_row via_grid cols_1 laptops-cols_inherit tablets-cols_inherit mobiles-cols_1 valign_top type_default stacking_default\"><div class=\"wpb_column vc_column_container\"><div class=\"vc_column-inner\"><div class=\"g-cols wpb_row via_grid cols_2 laptops-cols_inherit tablets-cols_inherit mobiles-cols_1 valign_top type_default stacking_default\" style=\"--gap:3rem;\"><div class=\"wpb_column vc_column_container\"><div class=\"vc_column-inner\"><div class=\"wpb_text_column\"><div class=\"wpb_wrapper\"><h3>Vizyonumuz<\/h3>\n<\/div><\/div><div class=\"w-separator size_small\"><\/div><div class=\"wpb_text_column\"><div class=\"wpb_wrapper\"><p>Sosyal sorumluluk ve \u00e7evre bilinciyle, t\u00fcm payda\u015flar\u0131na de\u011fer katan; s\u00fcrekli geli\u015fimi ve rekabet g\u00fcc\u00fcn\u00fc en \u00fcst seviyede tutan, sekt\u00f6r\u00fcnde lider, T\u00fcrkiye\u2019de ve d\u00fcnyan\u0131n bir \u00e7ok farkl\u0131 noktas\u0131nda, g\u00fcvenilir ve ayn\u0131 kalitede hizmet sunan, T\u00fcrk sermayesi ile global bir \u00fcretici olmakt\u0131r.<\/p>\n<p>Temel De\u011ferlerimiz;<\/p>\n<ul>\n<li>Adil olma<\/li>\n<li>Gizlilik<\/li>\n<li>Kat\u0131l\u0131mc\u0131l\u0131k<\/li>\n<li>Verimlilik<\/li>\n<li>\u0130nsanc\u0131l davran\u0131\u015f<\/li>\n<li>S\u00fcrd\u00fcr\u00fclebilirlik<\/li>\n<li>\u015eeffafl\u0131k<\/li>\n<li>Yenilik\u00e7ilik<\/li>\n<li>S\u00fcrekli Geli\u015fim<\/li>\n<li>Hesap Verilebilirlik<\/li>\n<\/ul>\n<\/div><\/div><\/div><\/div><div class=\"wpb_column vc_column_container\"><div class=\"vc_column-inner\"><div class=\"w-image us_custom_98192eb3 us_animate_this style_shadow-1 has_ratio align_none\"><div class=\"w-image-h\"><div style=\"padding-bottom:100%\"><\/div><img decoding=\"async\" width=\"600\" height=\"900\" src=\"https:\/\/roysis.com\/tr\/wp-content\/uploads\/2024\/03\/vizyon.jpg\" class=\"attachment-full size-full\" alt=\"\" loading=\"lazy\" \/><\/div><\/div><\/div><\/div><\/div><div class=\"w-separator size_large\"><\/div><div class=\"g-cols wpb_row via_grid cols_2 laptops-cols_inherit tablets-cols_inherit mobiles-cols_1 valign_middle type_default reversed stacking_default\" style=\"--gap:3rem;\"><div class=\"wpb_column vc_column_container\"><div class=\"vc_column-inner\"><div class=\"w-image us_custom_4ebfe598 us_animate_this style_shadow-1 has_ratio align_none\"><div class=\"w-image-h\"><div style=\"padding-bottom:56.25%\"><\/div><img decoding=\"async\" width=\"900\" height=\"600\" src=\"https:\/\/roysis.com\/tr\/wp-content\/uploads\/2024\/03\/misyon.jpg\" class=\"attachment-full size-full\" alt=\"\" loading=\"lazy\" \/><\/div><\/div><\/div><\/div><div class=\"wpb_column vc_column_container\"><div class=\"vc_column-inner\"><div class=\"wpb_text_column\"><div class=\"wpb_wrapper\"><h3>Misyonumuz<\/h3>\n<\/div><\/div><div class=\"w-separator size_small\"><\/div><div class=\"wpb_text_column\"><div class=\"wpb_wrapper\"><p>De\u011ferlerimizden ve kalitemizden \u00f6d\u00fcn vermeden, payla\u015f\u0131mc\u0131 bir kazan\u00e7 i\u00e7in t\u00fcm imkanlar\u0131m\u0131z\u0131 kullanarak; s\u00fcrekli geli\u015fen, b\u00fcy\u00fcyen, b\u00fcy\u00fcrken istihdam sa\u011flayan, g\u00fcven veren bir firma olarak geni\u015f \u00fcr\u00fcn\/hizmet yelpazemizi m\u00fc\u015fterilerimize en h\u0131zl\u0131 ve en etkin \u015fekilde ula\u015ft\u0131rarak, vizyonumuz do\u011frultusunda ba\u015far\u0131yla ilerlemek.<\/p>\n<\/div><\/div><\/div><\/div><\/div><\/div><\/div><\/div><\/div><\/section><section class=\"l-section wpb_row height_small\"><div class=\"l-section-h i-cf\"><div class=\"g-cols vc_row via_grid cols_1 laptops-cols_inherit tablets-cols_inherit mobiles-cols_1 valign_top type_default stacking_default\"><div class=\"wpb_column vc_column_container\"><div class=\"vc_column-inner\"><div class=\"g-cols wpb_row via_grid cols_1 laptops-cols_inherit tablets-cols_inherit mobiles-cols_1 valign_top type_default stacking_default\" style=\"--gap:3rem;\"><div class=\"wpb_column vc_column_container\"><div class=\"vc_column-inner\"><div class=\"wpb_text_column\"><div class=\"wpb_wrapper\"><h3>Etik De\u011ferlerimiz<\/h3>\n<p>Roysis Etiket ve Barkod Bask\u0131 Sistemleri olarak \u00e7al\u0131\u015fanlar\u0131m\u0131z, m\u00fc\u015fterilerimiz ve tedarik\u00e7ilerimizle birlikte faaliyetlerimizi \u00e7a\u011f\u0131n gerekleri, d\u00fcr\u00fcstl\u00fck ve g\u00fcven i\u00e7inde, etik kurallara uyarak ger\u00e7ekle\u015ftirmeyi hedeflemekteyiz. Toplum bilinci ile \u00fcretim tesisimizde t\u00fcm i\u015f ortaklar\u0131m\u0131za \u015firket politikam\u0131z\u0131 sunmakta \u00f6ncelikle yasalar\u0131m\u0131za, m\u00fc\u015fterilerimizin \u00fcretim prosed\u00fcrlerine ve sosyal standartlara uygun olarak \u00e7al\u0131\u015fmakta ve onlar\u0131 bu anlay\u0131\u015fa ortak olmaya davet etmekteyiz.<\/p>\n<p>Bu do\u011frultuda a\u015fa\u011f\u0131da benimsedi\u011fimiz politikalar\u0131m\u0131z\u0131 \u015firketimizin t\u00fcm \u00e7al\u0131\u015fanlar\u0131 ile birlikte uyum sa\u011flamaya \u00f6zen g\u00f6steririz;<\/p>\n<ul>\n<li>Yasal gereklere ve mevzuatlara uymak.<\/li>\n<li>Tedarik\u00e7ilerden veya m\u00fc\u015fterilerden herhangi bir hediye talep etmemek.<\/li>\n<li>M\u00fc\u015fterilerden veya tedarik\u00e7ilerden bor\u00e7 veya ba\u015fka t\u00fcrl\u00fc menfaat olu\u015fturabilecek, yanl\u0131\u015f anlamalara sebep olabilecek konularda taleplerde bulunmamak.<\/li>\n<li>\u00c7al\u0131\u015fanlar\u0131n ve m\u00fc\u015fterilerin sa\u011fl\u0131k ve g\u00fcvenlik ko\u015fullar\u0131n\u0131 risk etmemek.<\/li>\n<li>\u015eirket bilgilerini d\u0131\u015far\u0131ya de\u015fifre etmemek, \u015firket ile ilgili konular\u0131 \u015firket d\u0131\u015f\u0131nda konu\u015fmamak, tart\u0131\u015fmamak, \u015firketi en iyi \u015fekilde temsil etmek, \u015firket \u00e7\u0131karlar\u0131n\u0131 korumak, \u015firket de\u011ferini art\u0131rmaya y\u00f6nelik \u00e7al\u0131\u015fmak.<\/li>\n<li>D\u00fcr\u00fcst, disiplinli, insan haklar\u0131na sayg\u0131l\u0131 ve \u00e7al\u0131\u015fkan olmak.<\/li>\n<li>\u015eirket kaynaklar\u0131n\u0131n etkin ve do\u011fru kullan\u0131m\u0131nda azami \u00f6zen g\u00f6stermek, gereksiz harcamalardan ka\u00e7\u0131nmak. \u015eirket mal varl\u0131\u011f\u0131n\u0131 ve kaynaklar\u0131n\u0131 ki\u015fisel \u00e7\u0131karlar do\u011frultusunda kullanmamak, kullan\u0131m\u0131n\u0131 engellemek.<\/li>\n<li>M\u00fc\u015fterilerinin problemlerine kar\u015f\u0131 duyarl\u0131 davranmak, \u00e7\u00f6z\u00fcme kavu\u015fturulmas\u0131 i\u00e7in h\u0131zl\u0131ca aksiyon almak.<\/li>\n<li>\u00c7al\u0131\u015fanlara i\u015f g\u00fcvenli\u011fi ve i\u015f sa\u011fl\u0131\u011f\u0131 kurallar\u0131na uygun \u00e7al\u0131\u015fma ortam\u0131 sa\u011flamak.<\/li>\n<li>\u00c7al\u0131\u015fanlar\u0131na e\u011fitim, kariyer, i\u015fe al\u0131m ve terfi gibi konularda adil davranmak, e\u015fit olanaklar sunmak.<\/li>\n<li>Her i\u015f i\u00e7in uygun say\u0131da \u00e7al\u0131\u015fan\u0131n istihdam\u0131na \u00f6zen g\u00f6stermek, mesai saatlerinin bilincinde olarak hareket edilmesine dikkat etmek.<\/li>\n<li>Her \u00e7al\u0131\u015fan\u0131n y\u0131ll\u0131k izin kullan\u0131m\u0131n\u0131n \u00f6neminin bilincinde olarak izin kullan\u0131m\u0131n\u0131n d\u00fczenli olarak ger\u00e7ekle\u015fmesini<\/li>\n<li>sa\u011flamak.<\/li>\n<li>Kurumsal Y\u00f6netim \u0130lkeleri konusunda \u00e7al\u0131\u015fanlar\u0131n\u0131 bilgilendirmek, \u015firket i\u00e7erisinde benimsenmesini sa\u011flamak ve bu ilkelere tam uyum g\u00f6sterilmesini g\u00f6zetmek.<\/li>\n<li>\u015eirket etik kurallar\u0131na uyumunu g\u00f6zetmek, uyulmad\u0131\u011f\u0131n\u0131n fark edilmesi halinde yetkili mercilere ba\u015fvurmak.<\/li>\n<li>Hi\u00e7 bir \u015fekilde siyasi, dini, \u0131rki vs ayr\u0131m g\u00f6zetmemek ve ayr\u0131mc\u0131l\u0131k yapmamak.<\/li>\n<\/ul>\n<\/div><\/div><\/div><\/div><\/div><\/div><\/div><\/div><\/div><\/section>\n","protected":false},"excerpt":{"rendered":"Vizyonumuz Sosyal sorumluluk ve \u00e7evre bilinciyle, t\u00fcm payda\u015flar\u0131na de\u011fer katan; s\u00fcrekli geli\u015fimi ve rekabet g\u00fcc\u00fcn\u00fc en \u00fcst seviyede tutan, sekt\u00f6r\u00fcnde lider, T\u00fcrkiye\u2019de ve d\u00fcnyan\u0131n bir \u00e7ok farkl\u0131 noktas\u0131nda, g\u00fcvenilir ve ayn\u0131 kalitede hizmet sunan, T\u00fcrk sermayesi ile global bir \u00fcretici olmakt\u0131r. Temel De\u011ferlerimiz; Adil olma Gizlilik Kat\u0131l\u0131mc\u0131l\u0131k Verimlilik \u0130nsanc\u0131l davran\u0131\u015f S\u00fcrd\u00fcr\u00fclebilirlik \u015eeffafl\u0131k Yenilik\u00e7ilik S\u00fcrekli Geli\u015fim...","protected":false},"author":1,"featured_media":0,"parent":0,"menu_order":0,"comment_status":"closed","ping_status":"closed","template":"","meta":{"_acf_changed":false,"footnotes":""},"class_list":["post-8917","page","type-page","status-publish","hentry"],"acf":[],"yoast_head":"<!-- This site is optimized with the Yoast SEO plugin v23.9 - https:\/\/yoast.com\/wordpress\/plugins\/seo\/ -->\n<title>Vizyon ve Misyonumuz | ROYS\u0130S | Etiket ve Barkod Bask\u0131 Sistemleri<\/title>\n<meta name=\"robots\" content=\"index, follow, max-snippet:-1, max-image-preview:large, max-video-preview:-1\" \/>\n<link rel=\"canonical\" href=\"https:\/\/roysis.com\/tr\/vizyon-ve-misyonumuz\/\" \/>\n<meta property=\"og:locale\" content=\"tr_TR\" \/>\n<meta property=\"og:type\" content=\"article\" \/>\n<meta property=\"og:title\" content=\"Vizyon ve Misyonumuz | ROYS\u0130S | Etiket ve Barkod Bask\u0131 Sistemleri\" \/>\n<meta property=\"og:url\" content=\"https:\/\/roysis.com\/tr\/vizyon-ve-misyonumuz\/\" \/>\n<meta property=\"og:site_name\" content=\"ROYS\u0130S | Etiket ve Barkod Bask\u0131 Sistemleri\" \/>\n<meta property=\"article:modified_time\" content=\"2024-07-31T06:37:31+00:00\" \/>\n<meta property=\"og:image\" content=\"https:\/\/roysis.com\/tr\/wp-content\/uploads\/2024\/06\/roysis.jpg\" \/>\n\t<meta property=\"og:image:width\" content=\"800\" \/>\n\t<meta property=\"og:image:height\" content=\"800\" \/>\n\t<meta property=\"og:image:type\" content=\"image\/jpeg\" \/>\n<meta name=\"twitter:card\" content=\"summary_large_image\" \/>\n<meta name=\"twitter:label1\" content=\"Tahmini okuma s\u00fcresi\" \/>\n\t<meta name=\"twitter:data1\" content=\"4 dakika\" \/>\n<script type=\"application\/ld+json\" class=\"yoast-schema-graph\">{\"@context\":\"https:\/\/schema.org\",\"@graph\":[{\"@type\":\"WebPage\",\"@id\":\"https:\/\/roysis.com\/tr\/vizyon-ve-misyonumuz\/\",\"url\":\"https:\/\/roysis.com\/tr\/vizyon-ve-misyonumuz\/\",\"name\":\"Vizyon ve Misyonumuz | ROYS\u0130S | Etiket ve Barkod Bask\u0131 Sistemleri\",\"isPartOf\":{\"@id\":\"https:\/\/roysis.com\/tr\/#website\"},\"datePublished\":\"2024-03-18T07:22:06+00:00\",\"dateModified\":\"2024-07-31T06:37:31+00:00\",\"breadcrumb\":{\"@id\":\"https:\/\/roysis.com\/tr\/vizyon-ve-misyonumuz\/#breadcrumb\"},\"inLanguage\":\"tr\",\"potentialAction\":[{\"@type\":\"ReadAction\",\"target\":[\"https:\/\/roysis.com\/tr\/vizyon-ve-misyonumuz\/\"]}]},{\"@type\":\"BreadcrumbList\",\"@id\":\"https:\/\/roysis.com\/tr\/vizyon-ve-misyonumuz\/#breadcrumb\",\"itemListElement\":[{\"@type\":\"ListItem\",\"position\":1,\"name\":\"Anasayfa\",\"item\":\"https:\/\/roysis.com\/tr\/\"},{\"@type\":\"ListItem\",\"position\":2,\"name\":\"Vizyon ve Misyonumuz\"}]},{\"@type\":\"WebSite\",\"@id\":\"https:\/\/roysis.com\/tr\/#website\",\"url\":\"https:\/\/roysis.com\/tr\/\",\"name\":\"ROYS\u0130S | Etiket ve Barkod Bask\u0131 Sistemleri\",\"description\":\"\",\"publisher\":{\"@id\":\"https:\/\/roysis.com\/tr\/#organization\"},\"potentialAction\":[{\"@type\":\"SearchAction\",\"target\":{\"@type\":\"EntryPoint\",\"urlTemplate\":\"https:\/\/roysis.com\/tr\/?s={search_term_string}\"},\"query-input\":{\"@type\":\"PropertyValueSpecification\",\"valueRequired\":true,\"valueName\":\"search_term_string\"}}],\"inLanguage\":\"tr\"},{\"@type\":\"Organization\",\"@id\":\"https:\/\/roysis.com\/tr\/#organization\",\"name\":\"ROYS\u0130S | Etiket ve Barkod Bask\u0131 Sistemleri\",\"url\":\"https:\/\/roysis.com\/tr\/\",\"logo\":{\"@type\":\"ImageObject\",\"inLanguage\":\"tr\",\"@id\":\"https:\/\/roysis.com\/tr\/#\/schema\/logo\/image\/\",\"url\":\"https:\/\/roysis.com\/tr\/wp-content\/uploads\/2017\/07\/roysis-logo.png\",\"contentUrl\":\"https:\/\/roysis.com\/tr\/wp-content\/uploads\/2017\/07\/roysis-logo.png\",\"width\":4500,\"height\":1475,\"caption\":\"ROYS\u0130S | Etiket ve Barkod Bask\u0131 Sistemleri\"},\"image\":{\"@id\":\"https:\/\/roysis.com\/tr\/#\/schema\/logo\/image\/\"}}]}<\/script>\n<!-- \/ Yoast SEO plugin. -->","yoast_head_json":{"title":"Vizyon ve Misyonumuz | ROYS\u0130S | Etiket ve Barkod Bask\u0131 Sistemleri","robots":{"index":"index","follow":"follow","max-snippet":"max-snippet:-1","max-image-preview":"max-image-preview:large","max-video-preview":"max-video-preview:-1"},"canonical":"https:\/\/roysis.com\/tr\/vizyon-ve-misyonumuz\/","og_locale":"tr_TR","og_type":"article","og_title":"Vizyon ve Misyonumuz | ROYS\u0130S | Etiket ve Barkod Bask\u0131 Sistemleri","og_url":"https:\/\/roysis.com\/tr\/vizyon-ve-misyonumuz\/","og_site_name":"ROYS\u0130S | Etiket ve Barkod Bask\u0131 Sistemleri","article_modified_time":"2024-07-31T06:37:31+00:00","og_image":[{"width":800,"height":800,"url":"https:\/\/roysis.com\/tr\/wp-content\/uploads\/2024\/06\/roysis.jpg","type":"image\/jpeg"}],"twitter_card":"summary_large_image","twitter_misc":{"Tahmini okuma s\u00fcresi":"4 dakika"},"schema":{"@context":"https:\/\/schema.org","@graph":[{"@type":"WebPage","@id":"https:\/\/roysis.com\/tr\/vizyon-ve-misyonumuz\/","url":"https:\/\/roysis.com\/tr\/vizyon-ve-misyonumuz\/","name":"Vizyon ve Misyonumuz | ROYS\u0130S | Etiket ve Barkod Bask\u0131 Sistemleri","isPartOf":{"@id":"https:\/\/roysis.com\/tr\/#website"},"datePublished":"2024-03-18T07:22:06+00:00","dateModified":"2024-07-31T06:37:31+00:00","breadcrumb":{"@id":"https:\/\/roysis.com\/tr\/vizyon-ve-misyonumuz\/#breadcrumb"},"inLanguage":"tr","potentialAction":[{"@type":"ReadAction","target":["https:\/\/roysis.com\/tr\/vizyon-ve-misyonumuz\/"]}]},{"@type":"BreadcrumbList","@id":"https:\/\/roysis.com\/tr\/vizyon-ve-misyonumuz\/#breadcrumb","itemListElement":[{"@type":"ListItem","position":1,"name":"Anasayfa","item":"https:\/\/roysis.com\/tr\/"},{"@type":"ListItem","position":2,"name":"Vizyon ve Misyonumuz"}]},{"@type":"WebSite","@id":"https:\/\/roysis.com\/tr\/#website","url":"https:\/\/roysis.com\/tr\/","name":"ROYS\u0130S | Etiket ve Barkod Bask\u0131 Sistemleri","description":"","publisher":{"@id":"https:\/\/roysis.com\/tr\/#organization"},"potentialAction":[{"@type":"SearchAction","target":{"@type":"EntryPoint","urlTemplate":"https:\/\/roysis.com\/tr\/?s={search_term_string}"},"query-input":{"@type":"PropertyValueSpecification","valueRequired":true,"valueName":"search_term_string"}}],"inLanguage":"tr"},{"@type":"Organization","@id":"https:\/\/roysis.com\/tr\/#organization","name":"ROYS\u0130S | Etiket ve Barkod Bask\u0131 Sistemleri","url":"https:\/\/roysis.com\/tr\/","logo":{"@type":"ImageObject","inLanguage":"tr","@id":"https:\/\/roysis.com\/tr\/#\/schema\/logo\/image\/","url":"https:\/\/roysis.com\/tr\/wp-content\/uploads\/2017\/07\/roysis-logo.png","contentUrl":"https:\/\/roysis.com\/tr\/wp-content\/uploads\/2017\/07\/roysis-logo.png","width":4500,"height":1475,"caption":"ROYS\u0130S | Etiket ve Barkod Bask\u0131 Sistemleri"},"image":{"@id":"https:\/\/roysis.com\/tr\/#\/schema\/logo\/image\/"}}]}},"_links":{"self":[{"href":"https:\/\/roysis.com\/tr\/wp-json\/wp\/v2\/pages\/8917","targetHints":{"allow":["GET"]}}],"collection":[{"href":"https:\/\/roysis.com\/tr\/wp-json\/wp\/v2\/pages"}],"about":[{"href":"https:\/\/roysis.com\/tr\/wp-json\/wp\/v2\/types\/page"}],"author":[{"embeddable":true,"href":"https:\/\/roysis.com\/tr\/wp-json\/wp\/v2\/users\/1"}],"replies":[{"embeddable":true,"href":"https:\/\/roysis.com\/tr\/wp-json\/wp\/v2\/comments?post=8917"}],"version-history":[{"count":34,"href":"https:\/\/roysis.com\/tr\/wp-json\/wp\/v2\/pages\/8917\/revisions"}],"predecessor-version":[{"id":10887,"href":"https:\/\/roysis.com\/tr\/wp-json\/wp\/v2\/pages\/8917\/revisions\/10887"}],"wp:attachment":[{"href":"https:\/\/roysis.com\/tr\/wp-json\/wp\/v2\/media?parent=8917"}],"curies":[{"name":"wp","href":"https:\/\/api.w.org\/{rel}","templated":true}]}}