{"id":8919,"date":"2024-03-18T10:23:53","date_gmt":"2024-03-18T07:23:53","guid":{"rendered":"https:\/\/roysis.com\/tr\/?page_id=8919"},"modified":"2024-07-25T10:32:22","modified_gmt":"2024-07-25T07:32:22","slug":"yonetim","status":"publish","type":"page","link":"https:\/\/roysis.com\/tr\/yonetim\/","title":{"rendered":"Y\u00f6netim"},"content":{"rendered":"<section class=\"l-section wpb_row height_small\"><div class=\"l-section-h i-cf\"><div class=\"g-cols vc_row via_grid cols_3 laptops-cols_inherit tablets-cols_inherit mobiles-cols_1 valign_top type_default stacking_default\"><div class=\"wpb_column vc_column_container\"><div class=\"vc_column-inner\"><div class=\"w-person layout_circle\" itemscope itemtype=\"https:\/\/schema.org\/Person\"><div class=\"w-person-image\"><img loading=\"lazy\" decoding=\"async\" width=\"800\" height=\"800\" src=\"https:\/\/roysis.com\/tr\/wp-content\/uploads\/2024\/07\/yilmaz-senol.jpg\" class=\"attachment-full size-full\" alt=\"\" itemprop=\"image\" srcset=\"https:\/\/roysis.com\/tr\/wp-content\/uploads\/2024\/07\/yilmaz-senol.jpg 800w, https:\/\/roysis.com\/tr\/wp-content\/uploads\/2024\/07\/yilmaz-senol-300x300.jpg 300w, https:\/\/roysis.com\/tr\/wp-content\/uploads\/2024\/07\/yilmaz-senol-150x150.jpg 150w\" sizes=\"auto, (max-width: 800px) 100vw, 800px\" \/><\/div><div class=\"w-person-content\"><h4 itemprop=\"name\" class=\"w-person-name\"><span>\u015eenol YILMAZ<\/span><\/h4><div class=\"w-person-role\" itemprop=\"jobTitle\">Kurucu Ortak<\/div><\/div><\/div><\/div><\/div><div class=\"wpb_column vc_column_container\"><div class=\"vc_column-inner\"><div class=\"w-person layout_circle\" itemscope itemtype=\"https:\/\/schema.org\/Person\"><div class=\"w-person-image\"><img loading=\"lazy\" decoding=\"async\" width=\"800\" height=\"800\" src=\"https:\/\/roysis.com\/tr\/wp-content\/uploads\/2024\/05\/birol-yilmaz.jpg\" class=\"attachment-full size-full\" alt=\"\" itemprop=\"image\" srcset=\"https:\/\/roysis.com\/tr\/wp-content\/uploads\/2024\/05\/birol-yilmaz.jpg 800w, https:\/\/roysis.com\/tr\/wp-content\/uploads\/2024\/05\/birol-yilmaz-300x300.jpg 300w, https:\/\/roysis.com\/tr\/wp-content\/uploads\/2024\/05\/birol-yilmaz-150x150.jpg 150w\" sizes=\"auto, (max-width: 800px) 100vw, 800px\" \/><\/div><div class=\"w-person-content\"><h4 itemprop=\"name\" class=\"w-person-name\"><span>Birol YILMAZ<\/span><\/h4><div class=\"w-person-role\" itemprop=\"jobTitle\">Kurucu Ortak<\/div><\/div><\/div><\/div><\/div><div class=\"wpb_column vc_column_container\"><div class=\"vc_column-inner\"><\/div><\/div><\/div><\/div><\/section>\n","protected":false},"excerpt":{"rendered":"\u015eenol YILMAZKurucu OrtakBirol YILMAZKurucu Ortak","protected":false},"author":1,"featured_media":0,"parent":0,"menu_order":0,"comment_status":"closed","ping_status":"closed","template":"","meta":{"_acf_changed":false,"footnotes":""},"class_list":["post-8919","page","type-page","status-publish","hentry"],"acf":[],"yoast_head":"<!-- This site is optimized with the Yoast SEO plugin v23.9 - https:\/\/yoast.com\/wordpress\/plugins\/seo\/ -->\n<title>Y\u00f6netim | ROYS\u0130S | Etiket ve Barkod Bask\u0131 Sistemleri<\/title>\n<meta name=\"robots\" content=\"index, follow, max-snippet:-1, max-image-preview:large, max-video-preview:-1\" \/>\n<link rel=\"canonical\" href=\"https:\/\/roysis.com\/tr\/yonetim\/\" \/>\n<meta property=\"og:locale\" content=\"tr_TR\" \/>\n<meta property=\"og:type\" content=\"article\" \/>\n<meta property=\"og:title\" content=\"Y\u00f6netim | ROYS\u0130S | Etiket ve Barkod Bask\u0131 Sistemleri\" \/>\n<meta property=\"og:url\" content=\"https:\/\/roysis.com\/tr\/yonetim\/\" \/>\n<meta property=\"og:site_name\" content=\"ROYS\u0130S | Etiket ve Barkod Bask\u0131 Sistemleri\" \/>\n<meta property=\"article:modified_time\" content=\"2024-07-25T07:32:22+00:00\" \/>\n<meta property=\"og:image\" content=\"https:\/\/roysis.com\/tr\/wp-content\/uploads\/2024\/06\/roysis.jpg\" \/>\n\t<meta property=\"og:image:width\" content=\"800\" \/>\n\t<meta property=\"og:image:height\" content=\"800\" \/>\n\t<meta property=\"og:image:type\" content=\"image\/jpeg\" \/>\n<meta name=\"twitter:card\" content=\"summary_large_image\" \/>\n<script type=\"application\/ld+json\" class=\"yoast-schema-graph\">{\"@context\":\"https:\/\/schema.org\",\"@graph\":[{\"@type\":\"WebPage\",\"@id\":\"https:\/\/roysis.com\/tr\/yonetim\/\",\"url\":\"https:\/\/roysis.com\/tr\/yonetim\/\",\"name\":\"Y\u00f6netim | ROYS\u0130S | Etiket ve Barkod Bask\u0131 Sistemleri\",\"isPartOf\":{\"@id\":\"https:\/\/roysis.com\/tr\/#website\"},\"datePublished\":\"2024-03-18T07:23:53+00:00\",\"dateModified\":\"2024-07-25T07:32:22+00:00\",\"breadcrumb\":{\"@id\":\"https:\/\/roysis.com\/tr\/yonetim\/#breadcrumb\"},\"inLanguage\":\"tr\",\"potentialAction\":[{\"@type\":\"ReadAction\",\"target\":[\"https:\/\/roysis.com\/tr\/yonetim\/\"]}]},{\"@type\":\"BreadcrumbList\",\"@id\":\"https:\/\/roysis.com\/tr\/yonetim\/#breadcrumb\",\"itemListElement\":[{\"@type\":\"ListItem\",\"position\":1,\"name\":\"Anasayfa\",\"item\":\"https:\/\/roysis.com\/tr\/\"},{\"@type\":\"ListItem\",\"position\":2,\"name\":\"Y\u00f6netim\"}]},{\"@type\":\"WebSite\",\"@id\":\"https:\/\/roysis.com\/tr\/#website\",\"url\":\"https:\/\/roysis.com\/tr\/\",\"name\":\"ROYS\u0130S | Etiket ve Barkod Bask\u0131 Sistemleri\",\"description\":\"\",\"publisher\":{\"@id\":\"https:\/\/roysis.com\/tr\/#organization\"},\"potentialAction\":[{\"@type\":\"SearchAction\",\"target\":{\"@type\":\"EntryPoint\",\"urlTemplate\":\"https:\/\/roysis.com\/tr\/?s={search_term_string}\"},\"query-input\":{\"@type\":\"PropertyValueSpecification\",\"valueRequired\":true,\"valueName\":\"search_term_string\"}}],\"inLanguage\":\"tr\"},{\"@type\":\"Organization\",\"@id\":\"https:\/\/roysis.com\/tr\/#organization\",\"name\":\"ROYS\u0130S | Etiket ve Barkod Bask\u0131 Sistemleri\",\"url\":\"https:\/\/roysis.com\/tr\/\",\"logo\":{\"@type\":\"ImageObject\",\"inLanguage\":\"tr\",\"@id\":\"https:\/\/roysis.com\/tr\/#\/schema\/logo\/image\/\",\"url\":\"https:\/\/roysis.com\/tr\/wp-content\/uploads\/2017\/07\/roysis-logo.png\",\"contentUrl\":\"https:\/\/roysis.com\/tr\/wp-content\/uploads\/2017\/07\/roysis-logo.png\",\"width\":4500,\"height\":1475,\"caption\":\"ROYS\u0130S | Etiket ve Barkod Bask\u0131 Sistemleri\"},\"image\":{\"@id\":\"https:\/\/roysis.com\/tr\/#\/schema\/logo\/image\/\"}}]}<\/script>\n<!-- \/ Yoast SEO plugin. -->","yoast_head_json":{"title":"Y\u00f6netim | ROYS\u0130S | Etiket ve Barkod Bask\u0131 Sistemleri","robots":{"index":"index","follow":"follow","max-snippet":"max-snippet:-1","max-image-preview":"max-image-preview:large","max-video-preview":"max-video-preview:-1"},"canonical":"https:\/\/roysis.com\/tr\/yonetim\/","og_locale":"tr_TR","og_type":"article","og_title":"Y\u00f6netim | ROYS\u0130S | Etiket ve Barkod Bask\u0131 Sistemleri","og_url":"https:\/\/roysis.com\/tr\/yonetim\/","og_site_name":"ROYS\u0130S | Etiket ve Barkod Bask\u0131 Sistemleri","article_modified_time":"2024-07-25T07:32:22+00:00","og_image":[{"width":800,"height":800,"url":"https:\/\/roysis.com\/tr\/wp-content\/uploads\/2024\/06\/roysis.jpg","type":"image\/jpeg"}],"twitter_card":"summary_large_image","schema":{"@context":"https:\/\/schema.org","@graph":[{"@type":"WebPage","@id":"https:\/\/roysis.com\/tr\/yonetim\/","url":"https:\/\/roysis.com\/tr\/yonetim\/","name":"Y\u00f6netim | ROYS\u0130S | Etiket ve Barkod Bask\u0131 Sistemleri","isPartOf":{"@id":"https:\/\/roysis.com\/tr\/#website"},"datePublished":"2024-03-18T07:23:53+00:00","dateModified":"2024-07-25T07:32:22+00:00","breadcrumb":{"@id":"https:\/\/roysis.com\/tr\/yonetim\/#breadcrumb"},"inLanguage":"tr","potentialAction":[{"@type":"ReadAction","target":["https:\/\/roysis.com\/tr\/yonetim\/"]}]},{"@type":"BreadcrumbList","@id":"https:\/\/roysis.com\/tr\/yonetim\/#breadcrumb","itemListElement":[{"@type":"ListItem","position":1,"name":"Anasayfa","item":"https:\/\/roysis.com\/tr\/"},{"@type":"ListItem","position":2,"name":"Y\u00f6netim"}]},{"@type":"WebSite","@id":"https:\/\/roysis.com\/tr\/#website","url":"https:\/\/roysis.com\/tr\/","name":"ROYS\u0130S | Etiket ve Barkod Bask\u0131 Sistemleri","description":"","publisher":{"@id":"https:\/\/roysis.com\/tr\/#organization"},"potentialAction":[{"@type":"SearchAction","target":{"@type":"EntryPoint","urlTemplate":"https:\/\/roysis.com\/tr\/?s={search_term_string}"},"query-input":{"@type":"PropertyValueSpecification","valueRequired":true,"valueName":"search_term_string"}}],"inLanguage":"tr"},{"@type":"Organization","@id":"https:\/\/roysis.com\/tr\/#organization","name":"ROYS\u0130S | Etiket ve Barkod Bask\u0131 Sistemleri","url":"https:\/\/roysis.com\/tr\/","logo":{"@type":"ImageObject","inLanguage":"tr","@id":"https:\/\/roysis.com\/tr\/#\/schema\/logo\/image\/","url":"https:\/\/roysis.com\/tr\/wp-content\/uploads\/2017\/07\/roysis-logo.png","contentUrl":"https:\/\/roysis.com\/tr\/wp-content\/uploads\/2017\/07\/roysis-logo.png","width":4500,"height":1475,"caption":"ROYS\u0130S | Etiket ve Barkod Bask\u0131 Sistemleri"},"image":{"@id":"https:\/\/roysis.com\/tr\/#\/schema\/logo\/image\/"}}]}},"_links":{"self":[{"href":"https:\/\/roysis.com\/tr\/wp-json\/wp\/v2\/pages\/8919","targetHints":{"allow":["GET"]}}],"collection":[{"href":"https:\/\/roysis.com\/tr\/wp-json\/wp\/v2\/pages"}],"about":[{"href":"https:\/\/roysis.com\/tr\/wp-json\/wp\/v2\/types\/page"}],"author":[{"embeddable":true,"href":"https:\/\/roysis.com\/tr\/wp-json\/wp\/v2\/users\/1"}],"replies":[{"embeddable":true,"href":"https:\/\/roysis.com\/tr\/wp-json\/wp\/v2\/comments?post=8919"}],"version-history":[{"count":45,"href":"https:\/\/roysis.com\/tr\/wp-json\/wp\/v2\/pages\/8919\/revisions"}],"predecessor-version":[{"id":10857,"href":"https:\/\/roysis.com\/tr\/wp-json\/wp\/v2\/pages\/8919\/revisions\/10857"}],"wp:attachment":[{"href":"https:\/\/roysis.com\/tr\/wp-json\/wp\/v2\/media?parent=8919"}],"curies":[{"name":"wp","href":"https:\/\/api.w.org\/{rel}","templated":true}]}}