{"id":9201,"date":"2024-03-19T16:13:11","date_gmt":"2024-03-19T13:13:11","guid":{"rendered":"https:\/\/roysis.com\/tr\/?page_id=9201"},"modified":"2024-03-21T11:49:39","modified_gmt":"2024-03-21T08:49:39","slug":"musteri-memnuniyeti-politikamiz","status":"publish","type":"page","link":"https:\/\/roysis.com\/tr\/musteri-memnuniyeti-politikamiz\/","title":{"rendered":"M\u00fc\u015fteri Memnuniyeti Politikam\u0131z"},"content":{"rendered":"<section class=\"l-section wpb_row height_custom\"><div class=\"l-section-h i-cf\"><div class=\"g-cols vc_row via_grid cols_1 laptops-cols_inherit tablets-cols_inherit mobiles-cols_1 valign_top type_default stacking_default\"><div class=\"wpb_column vc_column_container\"><div class=\"vc_column-inner\"><div class=\"g-cols wpb_row via_grid cols_1 laptops-cols_inherit tablets-cols_inherit mobiles-cols_1 valign_top type_default stacking_default\" style=\"--gap:3rem;\"><div class=\"wpb_column vc_column_container\"><div class=\"vc_column-inner\"><div class=\"wpb_text_column\"><div class=\"wpb_wrapper\"><p>Roysis Etiket ve Barkod Bask\u0131 sistemleri olarak m\u00fc\u015fteri memnuniyetini, ISO 10002 m\u00fc\u015fteri memnuniyeti sistemi standartlar\u0131 \u00e7er\u00e7evesinde ele al\u0131r, gereklerini yerine getiririz. Bu do\u011frultuda; m\u00fc\u015fteri bildirimlerini, \u00f6ncelikle hakl\u0131 oldu\u011funu kabul ederek, telefon, mail, sosyal medya gibi t\u00fcm mercilerde yakinen takip edip ara\u015ft\u0131rarak, her t\u00fcrl\u00fc bildirime adil ve objektif yakla\u015f\u0131r\u0131z.<\/p>\n<p>H\u0131zl\u0131 bir \u015fekilde ileti\u015fim kurarak, \u00e7\u00f6z\u00fcm \u00fcretip, aksiyon al\u0131p, m\u00fc\u015fteri memnuniyetini sa\u011flar\u0131z.<\/p>\n<p>M\u00fc\u015fterilerimizin bizden kaliteli \u00fcr\u00fcn\/hizmet beklentisine uygun bir anlay\u0131\u015f\u0131 benimser, profesyonel kadromuz ile yap\u0131c\u0131 yakla\u015f\u0131m\u0131m\u0131zla m\u00fc\u015fterilerimizin taleplerine y\u00f6nelik hizmet veririz.<\/p>\n<p>\u015eirketimizin m\u00fc\u015fterilere do\u011frudan ya da dolayl\u0131 sundu\u011fu \u00fcr\u00fcn\/ hizmetler i\u00e7in g\u00fc\u00e7l\u00fc, do\u011fru, net ve devaml\u0131l\u0131k sa\u011flayan m\u00fc\u015fteri-kurum ili\u015fkisi olu\u015fturmay\u0131 ilke edinerek faaliyette bulunuruz.<\/p>\n<p>\u0130\u00e7 ve d\u0131\u015f ileti\u015fim g\u00fcc\u00fcn\u00fc artt\u0131rarak, gerekli t\u00fcm kaynaklar\u0131 sa\u011flayarak m\u00fc\u015fteri, \u00e7al\u0131\u015fan ve di\u011fer ilgili taraflar\u0131n geri bildirimlerini en h\u0131zl\u0131 ve do\u011fru \u015fekilde de\u011ferlendirir, cevaplar, problemleri tekrar\u0131n\u0131 engelleyecek \u015fekilde \u00e7\u00f6z\u00fcme ula\u015ft\u0131rmay\u0131 hedefleriz.<\/p>\n<p>\u00c7evreye, insana, topluma sayg\u0131l\u0131 olmay\u0131 m\u00fc\u015fteri memnuniyetini ve s\u00fcreklili\u011fini sa\u011flamak i\u00e7in ilgili yasal \u015fartlara uymay\u0131 taahh\u00fct ederiz.<\/p>\n<\/div><\/div><\/div><\/div><\/div><\/div><\/div><\/div><\/div><\/section>\n","protected":false},"excerpt":{"rendered":"Roysis Etiket ve Barkod Bask\u0131 sistemleri olarak m\u00fc\u015fteri memnuniyetini, ISO 10002 m\u00fc\u015fteri memnuniyeti sistemi standartlar\u0131 \u00e7er\u00e7evesinde ele al\u0131r, gereklerini yerine getiririz. Bu do\u011frultuda; m\u00fc\u015fteri bildirimlerini, \u00f6ncelikle hakl\u0131 oldu\u011funu kabul ederek, telefon, mail, sosyal medya gibi t\u00fcm mercilerde yakinen takip edip ara\u015ft\u0131rarak, her t\u00fcrl\u00fc bildirime adil ve objektif yakla\u015f\u0131r\u0131z. H\u0131zl\u0131 bir \u015fekilde ileti\u015fim kurarak, \u00e7\u00f6z\u00fcm \u00fcretip,...","protected":false},"author":1,"featured_media":9361,"parent":0,"menu_order":0,"comment_status":"closed","ping_status":"closed","template":"","meta":{"_acf_changed":false,"footnotes":""},"class_list":["post-9201","page","type-page","status-publish","has-post-thumbnail","hentry"],"acf":[],"yoast_head":"<!-- This site is optimized with the Yoast SEO plugin v23.9 - https:\/\/yoast.com\/wordpress\/plugins\/seo\/ -->\n<title>M\u00fc\u015fteri Memnuniyeti Politikam\u0131z | ROYS\u0130S | Etiket ve Barkod Bask\u0131 Sistemleri<\/title>\n<meta name=\"robots\" content=\"index, follow, max-snippet:-1, max-image-preview:large, max-video-preview:-1\" \/>\n<link rel=\"canonical\" href=\"https:\/\/roysis.com\/tr\/musteri-memnuniyeti-politikamiz\/\" \/>\n<meta property=\"og:locale\" content=\"tr_TR\" \/>\n<meta property=\"og:type\" content=\"article\" \/>\n<meta property=\"og:title\" content=\"M\u00fc\u015fteri Memnuniyeti Politikam\u0131z | ROYS\u0130S | Etiket ve Barkod Bask\u0131 Sistemleri\" \/>\n<meta property=\"og:url\" content=\"https:\/\/roysis.com\/tr\/musteri-memnuniyeti-politikamiz\/\" \/>\n<meta property=\"og:site_name\" content=\"ROYS\u0130S | Etiket ve Barkod Bask\u0131 Sistemleri\" \/>\n<meta property=\"article:modified_time\" content=\"2024-03-21T08:49:39+00:00\" \/>\n<meta property=\"og:image\" content=\"https:\/\/roysis.com\/tr\/wp-content\/uploads\/2024\/03\/musteri-memnuniyeti-politikamiz-1.jpg\" \/>\n\t<meta property=\"og:image:width\" content=\"1200\" \/>\n\t<meta property=\"og:image:height\" content=\"801\" \/>\n\t<meta property=\"og:image:type\" content=\"image\/jpeg\" \/>\n<meta name=\"twitter:card\" content=\"summary_large_image\" \/>\n<meta name=\"twitter:label1\" content=\"Tahmini okuma s\u00fcresi\" \/>\n\t<meta name=\"twitter:data1\" content=\"1 dakika\" \/>\n<script type=\"application\/ld+json\" class=\"yoast-schema-graph\">{\"@context\":\"https:\/\/schema.org\",\"@graph\":[{\"@type\":\"WebPage\",\"@id\":\"https:\/\/roysis.com\/tr\/musteri-memnuniyeti-politikamiz\/\",\"url\":\"https:\/\/roysis.com\/tr\/musteri-memnuniyeti-politikamiz\/\",\"name\":\"M\u00fc\u015fteri Memnuniyeti Politikam\u0131z | ROYS\u0130S | Etiket ve Barkod Bask\u0131 Sistemleri\",\"isPartOf\":{\"@id\":\"https:\/\/roysis.com\/tr\/#website\"},\"primaryImageOfPage\":{\"@id\":\"https:\/\/roysis.com\/tr\/musteri-memnuniyeti-politikamiz\/#primaryimage\"},\"image\":{\"@id\":\"https:\/\/roysis.com\/tr\/musteri-memnuniyeti-politikamiz\/#primaryimage\"},\"thumbnailUrl\":\"https:\/\/roysis.com\/tr\/wp-content\/uploads\/2024\/03\/musteri-memnuniyeti-politikamiz-1.jpg\",\"datePublished\":\"2024-03-19T13:13:11+00:00\",\"dateModified\":\"2024-03-21T08:49:39+00:00\",\"breadcrumb\":{\"@id\":\"https:\/\/roysis.com\/tr\/musteri-memnuniyeti-politikamiz\/#breadcrumb\"},\"inLanguage\":\"tr\",\"potentialAction\":[{\"@type\":\"ReadAction\",\"target\":[\"https:\/\/roysis.com\/tr\/musteri-memnuniyeti-politikamiz\/\"]}]},{\"@type\":\"ImageObject\",\"inLanguage\":\"tr\",\"@id\":\"https:\/\/roysis.com\/tr\/musteri-memnuniyeti-politikamiz\/#primaryimage\",\"url\":\"https:\/\/roysis.com\/tr\/wp-content\/uploads\/2024\/03\/musteri-memnuniyeti-politikamiz-1.jpg\",\"contentUrl\":\"https:\/\/roysis.com\/tr\/wp-content\/uploads\/2024\/03\/musteri-memnuniyeti-politikamiz-1.jpg\",\"width\":1200,\"height\":801},{\"@type\":\"BreadcrumbList\",\"@id\":\"https:\/\/roysis.com\/tr\/musteri-memnuniyeti-politikamiz\/#breadcrumb\",\"itemListElement\":[{\"@type\":\"ListItem\",\"position\":1,\"name\":\"Anasayfa\",\"item\":\"https:\/\/roysis.com\/tr\/\"},{\"@type\":\"ListItem\",\"position\":2,\"name\":\"M\u00fc\u015fteri Memnuniyeti Politikam\u0131z\"}]},{\"@type\":\"WebSite\",\"@id\":\"https:\/\/roysis.com\/tr\/#website\",\"url\":\"https:\/\/roysis.com\/tr\/\",\"name\":\"ROYS\u0130S | Etiket ve Barkod Bask\u0131 Sistemleri\",\"description\":\"\",\"publisher\":{\"@id\":\"https:\/\/roysis.com\/tr\/#organization\"},\"potentialAction\":[{\"@type\":\"SearchAction\",\"target\":{\"@type\":\"EntryPoint\",\"urlTemplate\":\"https:\/\/roysis.com\/tr\/?s={search_term_string}\"},\"query-input\":{\"@type\":\"PropertyValueSpecification\",\"valueRequired\":true,\"valueName\":\"search_term_string\"}}],\"inLanguage\":\"tr\"},{\"@type\":\"Organization\",\"@id\":\"https:\/\/roysis.com\/tr\/#organization\",\"name\":\"ROYS\u0130S | Etiket ve Barkod Bask\u0131 Sistemleri\",\"url\":\"https:\/\/roysis.com\/tr\/\",\"logo\":{\"@type\":\"ImageObject\",\"inLanguage\":\"tr\",\"@id\":\"https:\/\/roysis.com\/tr\/#\/schema\/logo\/image\/\",\"url\":\"https:\/\/roysis.com\/tr\/wp-content\/uploads\/2017\/07\/roysis-logo.png\",\"contentUrl\":\"https:\/\/roysis.com\/tr\/wp-content\/uploads\/2017\/07\/roysis-logo.png\",\"width\":4500,\"height\":1475,\"caption\":\"ROYS\u0130S | Etiket ve Barkod Bask\u0131 Sistemleri\"},\"image\":{\"@id\":\"https:\/\/roysis.com\/tr\/#\/schema\/logo\/image\/\"}}]}<\/script>\n<!-- \/ Yoast SEO plugin. -->","yoast_head_json":{"title":"M\u00fc\u015fteri Memnuniyeti Politikam\u0131z | ROYS\u0130S | Etiket ve Barkod Bask\u0131 Sistemleri","robots":{"index":"index","follow":"follow","max-snippet":"max-snippet:-1","max-image-preview":"max-image-preview:large","max-video-preview":"max-video-preview:-1"},"canonical":"https:\/\/roysis.com\/tr\/musteri-memnuniyeti-politikamiz\/","og_locale":"tr_TR","og_type":"article","og_title":"M\u00fc\u015fteri Memnuniyeti Politikam\u0131z | ROYS\u0130S | Etiket ve Barkod Bask\u0131 Sistemleri","og_url":"https:\/\/roysis.com\/tr\/musteri-memnuniyeti-politikamiz\/","og_site_name":"ROYS\u0130S | Etiket ve Barkod Bask\u0131 Sistemleri","article_modified_time":"2024-03-21T08:49:39+00:00","og_image":[{"width":1200,"height":801,"url":"https:\/\/roysis.com\/tr\/wp-content\/uploads\/2024\/03\/musteri-memnuniyeti-politikamiz-1.jpg","type":"image\/jpeg"}],"twitter_card":"summary_large_image","twitter_misc":{"Tahmini okuma s\u00fcresi":"1 dakika"},"schema":{"@context":"https:\/\/schema.org","@graph":[{"@type":"WebPage","@id":"https:\/\/roysis.com\/tr\/musteri-memnuniyeti-politikamiz\/","url":"https:\/\/roysis.com\/tr\/musteri-memnuniyeti-politikamiz\/","name":"M\u00fc\u015fteri Memnuniyeti Politikam\u0131z | ROYS\u0130S | Etiket ve Barkod Bask\u0131 Sistemleri","isPartOf":{"@id":"https:\/\/roysis.com\/tr\/#website"},"primaryImageOfPage":{"@id":"https:\/\/roysis.com\/tr\/musteri-memnuniyeti-politikamiz\/#primaryimage"},"image":{"@id":"https:\/\/roysis.com\/tr\/musteri-memnuniyeti-politikamiz\/#primaryimage"},"thumbnailUrl":"https:\/\/roysis.com\/tr\/wp-content\/uploads\/2024\/03\/musteri-memnuniyeti-politikamiz-1.jpg","datePublished":"2024-03-19T13:13:11+00:00","dateModified":"2024-03-21T08:49:39+00:00","breadcrumb":{"@id":"https:\/\/roysis.com\/tr\/musteri-memnuniyeti-politikamiz\/#breadcrumb"},"inLanguage":"tr","potentialAction":[{"@type":"ReadAction","target":["https:\/\/roysis.com\/tr\/musteri-memnuniyeti-politikamiz\/"]}]},{"@type":"ImageObject","inLanguage":"tr","@id":"https:\/\/roysis.com\/tr\/musteri-memnuniyeti-politikamiz\/#primaryimage","url":"https:\/\/roysis.com\/tr\/wp-content\/uploads\/2024\/03\/musteri-memnuniyeti-politikamiz-1.jpg","contentUrl":"https:\/\/roysis.com\/tr\/wp-content\/uploads\/2024\/03\/musteri-memnuniyeti-politikamiz-1.jpg","width":1200,"height":801},{"@type":"BreadcrumbList","@id":"https:\/\/roysis.com\/tr\/musteri-memnuniyeti-politikamiz\/#breadcrumb","itemListElement":[{"@type":"ListItem","position":1,"name":"Anasayfa","item":"https:\/\/roysis.com\/tr\/"},{"@type":"ListItem","position":2,"name":"M\u00fc\u015fteri Memnuniyeti Politikam\u0131z"}]},{"@type":"WebSite","@id":"https:\/\/roysis.com\/tr\/#website","url":"https:\/\/roysis.com\/tr\/","name":"ROYS\u0130S | Etiket ve Barkod Bask\u0131 Sistemleri","description":"","publisher":{"@id":"https:\/\/roysis.com\/tr\/#organization"},"potentialAction":[{"@type":"SearchAction","target":{"@type":"EntryPoint","urlTemplate":"https:\/\/roysis.com\/tr\/?s={search_term_string}"},"query-input":{"@type":"PropertyValueSpecification","valueRequired":true,"valueName":"search_term_string"}}],"inLanguage":"tr"},{"@type":"Organization","@id":"https:\/\/roysis.com\/tr\/#organization","name":"ROYS\u0130S | Etiket ve Barkod Bask\u0131 Sistemleri","url":"https:\/\/roysis.com\/tr\/","logo":{"@type":"ImageObject","inLanguage":"tr","@id":"https:\/\/roysis.com\/tr\/#\/schema\/logo\/image\/","url":"https:\/\/roysis.com\/tr\/wp-content\/uploads\/2017\/07\/roysis-logo.png","contentUrl":"https:\/\/roysis.com\/tr\/wp-content\/uploads\/2017\/07\/roysis-logo.png","width":4500,"height":1475,"caption":"ROYS\u0130S | Etiket ve Barkod Bask\u0131 Sistemleri"},"image":{"@id":"https:\/\/roysis.com\/tr\/#\/schema\/logo\/image\/"}}]}},"_links":{"self":[{"href":"https:\/\/roysis.com\/tr\/wp-json\/wp\/v2\/pages\/9201","targetHints":{"allow":["GET"]}}],"collection":[{"href":"https:\/\/roysis.com\/tr\/wp-json\/wp\/v2\/pages"}],"about":[{"href":"https:\/\/roysis.com\/tr\/wp-json\/wp\/v2\/types\/page"}],"author":[{"embeddable":true,"href":"https:\/\/roysis.com\/tr\/wp-json\/wp\/v2\/users\/1"}],"replies":[{"embeddable":true,"href":"https:\/\/roysis.com\/tr\/wp-json\/wp\/v2\/comments?post=9201"}],"version-history":[{"count":6,"href":"https:\/\/roysis.com\/tr\/wp-json\/wp\/v2\/pages\/9201\/revisions"}],"predecessor-version":[{"id":9362,"href":"https:\/\/roysis.com\/tr\/wp-json\/wp\/v2\/pages\/9201\/revisions\/9362"}],"wp:featuredmedia":[{"embeddable":true,"href":"https:\/\/roysis.com\/tr\/wp-json\/wp\/v2\/media\/9361"}],"wp:attachment":[{"href":"https:\/\/roysis.com\/tr\/wp-json\/wp\/v2\/media?parent=9201"}],"curies":[{"name":"wp","href":"https:\/\/api.w.org\/{rel}","templated":true}]}}