{"id":9204,"date":"2024-03-19T16:13:57","date_gmt":"2024-03-19T13:13:57","guid":{"rendered":"https:\/\/roysis.com\/tr\/?page_id=9204"},"modified":"2024-03-21T11:10:44","modified_gmt":"2024-03-21T08:10:44","slug":"cevre-ve-isg-politikamiz","status":"publish","type":"page","link":"https:\/\/roysis.com\/tr\/cevre-ve-isg-politikamiz\/","title":{"rendered":"\u00c7evre ve \u0130SG Politikam\u0131z"},"content":{"rendered":"<section class=\"l-section wpb_row height_custom\"><div class=\"l-section-h i-cf\"><div class=\"g-cols vc_row via_grid cols_1 laptops-cols_inherit tablets-cols_inherit mobiles-cols_1 valign_top type_default stacking_default\"><div class=\"wpb_column vc_column_container\"><div class=\"vc_column-inner\"><div class=\"g-cols wpb_row via_grid cols_1 laptops-cols_inherit tablets-cols_inherit mobiles-cols_1 valign_top type_default stacking_default\" style=\"--gap:3rem;\"><div class=\"wpb_column vc_column_container\"><div class=\"vc_column-inner\"><div class=\"wpb_text_column\"><div class=\"wpb_wrapper\"><p>Roysis Etiket ve Barkod Bask\u0131 Sistemleri olarak t\u00fcm faaliyetlerimizi yasal mevzuatlara uygun bir \u015fekilde yapmaya \u00f6zen g\u00f6sterip, a\u015fa\u011f\u0131daki her bir faaliyetin \u00c7evre ve \u0130SG Politikam\u0131z\u0131n bir par\u00e7as\u0131 oldu\u011funu kabul ederiz.<br \/>\nY\u00fcr\u00fcrl\u00fckte bulunan ve bizi ilgilendiren t\u00fcm \u00e7evre, i\u015f sa\u011fl\u0131\u011f\u0131 ve g\u00fcvenli\u011fi mevzuatlar\u0131na ve idari d\u00fczenlemelere uymay\u0131,<\/p>\n<p>\u00dcretim faaliyetlerimiz sonucu ortaya \u00e7\u0131kacak at\u0131klar ve emisyonlarla ilgili her t\u00fcrl\u00fc \u00e7evre kirlili\u011fini kayna\u011f\u0131nda \u00f6nleyici tedbirler almay\u0131,<\/p>\n<p>At\u0131klar\u0131n, hammadde ve kaynaklar\u0131n\u0131n al\u0131m\u0131ndan ba\u015flayarak azalt\u0131lmas\u0131n\u0131 ve bu at\u0131klar\u0131n bir \u015fekilde ayr\u0131\u015ft\u0131r\u0131lmas\u0131n\u0131,<\/p>\n<p>T\u00fcm kat\u0131, s\u0131v\u0131 ve gaz at\u0131klar\u0131m\u0131z\u0131 kontrol alt\u0131nda tutmay\u0131, yasal d\u00fczenlemeler kapsam\u0131nda at\u0131k bertaraf\u0131n\u0131 ger\u00e7ekle\u015ftirmeyi,<\/p>\n<p>Geri kazan\u0131m\u0131 olmayan t\u00fcm at\u0131klar\u0131m\u0131z\u0131, kontroll\u00fc olarak bertaraf etmeyi ve\/veya ettirmeyi,<br \/>\nEnerji, hammadde ve do\u011fal kaynaklar\u0131m\u0131z\u0131n kullan\u0131m\u0131n\u0131 m\u00fcmk\u00fcn oldu\u011fu kadar azaltmay\u0131 ve\/veya olabildi\u011fince verimli kullanmay\u0131,<\/p>\n<p>\u00c7al\u0131\u015fanlar\u0131m\u0131za yasal mevzuatlara uygun, can ve mal bak\u0131m\u0131ndan g\u00fcvenli ve sa\u011fl\u0131kl\u0131 bir \u00e7al\u0131\u015fma ortam\u0131 sunmay\u0131, faaliyetlerimiz sebebiyle olu\u015facak meslek hastal\u0131klar\u0131 ve i\u015f kazalar\u0131n\u0131 \u00f6nlemek amac\u0131yla, tehlike ve riskleri s\u00fcrekli g\u00f6zden ge\u00e7irerek etkin \u00f6nlemler almay\u0131,<\/p>\n<p>\u00c7al\u0131\u015fanlar\u0131m\u0131z\u0131 \u00e7evre, i\u015f sa\u011fl\u0131\u011f\u0131 ve g\u00fcvenli\u011fi y\u00f6netim sistemleri hakk\u0131nda s\u00fcrekli g\u00fcncel bilgilerle bilgilendirmeyi,<\/p>\n<p>\u00c7al\u0131\u015fanlar\u0131m\u0131za sa\u011fl\u0131k, emniyet ve \u00e7evre (SE\u00c7) konusunda e\u011fitimler vermeyi, misafir ve ziyaret\u00e7ilere bilgilendirmeler ve uyar\u0131larda bulunmay\u0131,<\/p>\n<p>\u0130\u015fyeri ve eklentilerinde; \u00e7al\u0131\u015fanlar\u0131n, ziyaret\u00e7ilerin ve i\u015fyeri d\u0131\u015f\u0131nda \u00e7al\u0131\u015fan \u015firket personelimizin sa\u011fl\u0131k ve g\u00fcvenliklerini temin etmek i\u00e7in y\u00fcr\u00fcrl\u00fckte bulunan \u0130SG mevzuatlar\u0131na ve \u0130SG ile ilgili di\u011fer gerekliliklere uygun olarak her t\u00fcrl\u00fc tedbiri almay\u0131, ara\u00e7 gere\u00e7 ve ki\u015fisel koruyucu ekipmanlar\u0131 bulundurmay\u0131, gerekti\u011finde kullan\u0131lmas\u0131n\u0131 sa\u011flamay\u0131,<\/p>\n<p>\u00c7evre ve i\u015f sa\u011fl\u0131\u011f\u0131 g\u00fcvenli\u011fi y\u00f6netim sistemlerimizi d\u00fczenli g\u00f6zden ge\u00e7irmelerle g\u00fcncel tutmay\u0131 ve t\u00fcm faaliyetlerimizde s\u00fcrekli iyile\u015ftirme ilkesine uymay\u0131, beyan ve taahh\u00fct ederiz.<\/p>\n<\/div><\/div><\/div><\/div><\/div><div class=\"w-separator size_medium\"><\/div><\/div><\/div><\/div><\/div><\/section>\n","protected":false},"excerpt":{"rendered":"Roysis Etiket ve Barkod Bask\u0131 Sistemleri olarak t\u00fcm faaliyetlerimizi yasal mevzuatlara uygun bir \u015fekilde yapmaya \u00f6zen g\u00f6sterip, a\u015fa\u011f\u0131daki her bir faaliyetin \u00c7evre ve \u0130SG Politikam\u0131z\u0131n bir par\u00e7as\u0131 oldu\u011funu kabul ederiz. Y\u00fcr\u00fcrl\u00fckte bulunan ve bizi ilgilendiren t\u00fcm \u00e7evre, i\u015f sa\u011fl\u0131\u011f\u0131 ve g\u00fcvenli\u011fi mevzuatlar\u0131na ve idari d\u00fczenlemelere uymay\u0131, \u00dcretim faaliyetlerimiz sonucu ortaya \u00e7\u0131kacak at\u0131klar ve emisyonlarla ilgili...","protected":false},"author":1,"featured_media":9288,"parent":0,"menu_order":0,"comment_status":"closed","ping_status":"closed","template":"","meta":{"_acf_changed":false,"footnotes":""},"class_list":["post-9204","page","type-page","status-publish","has-post-thumbnail","hentry"],"acf":[],"yoast_head":"<!-- This site is optimized with the Yoast SEO plugin v23.9 - https:\/\/yoast.com\/wordpress\/plugins\/seo\/ -->\n<title>\u00c7evre ve \u0130SG Politikam\u0131z | ROYS\u0130S | Etiket ve Barkod Bask\u0131 Sistemleri<\/title>\n<meta name=\"robots\" content=\"index, follow, max-snippet:-1, max-image-preview:large, max-video-preview:-1\" \/>\n<link rel=\"canonical\" href=\"https:\/\/roysis.com\/tr\/cevre-ve-isg-politikamiz\/\" \/>\n<meta property=\"og:locale\" content=\"tr_TR\" \/>\n<meta property=\"og:type\" content=\"article\" \/>\n<meta property=\"og:title\" content=\"\u00c7evre ve \u0130SG Politikam\u0131z | ROYS\u0130S | Etiket ve Barkod Bask\u0131 Sistemleri\" \/>\n<meta property=\"og:url\" content=\"https:\/\/roysis.com\/tr\/cevre-ve-isg-politikamiz\/\" \/>\n<meta property=\"og:site_name\" content=\"ROYS\u0130S | Etiket ve Barkod Bask\u0131 Sistemleri\" \/>\n<meta property=\"article:modified_time\" content=\"2024-03-21T08:10:44+00:00\" \/>\n<meta property=\"og:image\" content=\"https:\/\/roysis.com\/tr\/wp-content\/uploads\/2024\/03\/cevre-ve-isg-politikamiz.jpg\" \/>\n\t<meta property=\"og:image:width\" content=\"950\" \/>\n\t<meta property=\"og:image:height\" content=\"634\" \/>\n\t<meta property=\"og:image:type\" content=\"image\/jpeg\" \/>\n<meta name=\"twitter:card\" content=\"summary_large_image\" \/>\n<meta name=\"twitter:label1\" content=\"Tahmini okuma s\u00fcresi\" \/>\n\t<meta name=\"twitter:data1\" content=\"2 dakika\" \/>\n<script type=\"application\/ld+json\" class=\"yoast-schema-graph\">{\"@context\":\"https:\/\/schema.org\",\"@graph\":[{\"@type\":\"WebPage\",\"@id\":\"https:\/\/roysis.com\/tr\/cevre-ve-isg-politikamiz\/\",\"url\":\"https:\/\/roysis.com\/tr\/cevre-ve-isg-politikamiz\/\",\"name\":\"\u00c7evre ve \u0130SG Politikam\u0131z | ROYS\u0130S | Etiket ve Barkod Bask\u0131 Sistemleri\",\"isPartOf\":{\"@id\":\"https:\/\/roysis.com\/tr\/#website\"},\"primaryImageOfPage\":{\"@id\":\"https:\/\/roysis.com\/tr\/cevre-ve-isg-politikamiz\/#primaryimage\"},\"image\":{\"@id\":\"https:\/\/roysis.com\/tr\/cevre-ve-isg-politikamiz\/#primaryimage\"},\"thumbnailUrl\":\"https:\/\/roysis.com\/tr\/wp-content\/uploads\/2024\/03\/cevre-ve-isg-politikamiz.jpg\",\"datePublished\":\"2024-03-19T13:13:57+00:00\",\"dateModified\":\"2024-03-21T08:10:44+00:00\",\"breadcrumb\":{\"@id\":\"https:\/\/roysis.com\/tr\/cevre-ve-isg-politikamiz\/#breadcrumb\"},\"inLanguage\":\"tr\",\"potentialAction\":[{\"@type\":\"ReadAction\",\"target\":[\"https:\/\/roysis.com\/tr\/cevre-ve-isg-politikamiz\/\"]}]},{\"@type\":\"ImageObject\",\"inLanguage\":\"tr\",\"@id\":\"https:\/\/roysis.com\/tr\/cevre-ve-isg-politikamiz\/#primaryimage\",\"url\":\"https:\/\/roysis.com\/tr\/wp-content\/uploads\/2024\/03\/cevre-ve-isg-politikamiz.jpg\",\"contentUrl\":\"https:\/\/roysis.com\/tr\/wp-content\/uploads\/2024\/03\/cevre-ve-isg-politikamiz.jpg\",\"width\":950,\"height\":634},{\"@type\":\"BreadcrumbList\",\"@id\":\"https:\/\/roysis.com\/tr\/cevre-ve-isg-politikamiz\/#breadcrumb\",\"itemListElement\":[{\"@type\":\"ListItem\",\"position\":1,\"name\":\"Anasayfa\",\"item\":\"https:\/\/roysis.com\/tr\/\"},{\"@type\":\"ListItem\",\"position\":2,\"name\":\"\u00c7evre ve \u0130SG Politikam\u0131z\"}]},{\"@type\":\"WebSite\",\"@id\":\"https:\/\/roysis.com\/tr\/#website\",\"url\":\"https:\/\/roysis.com\/tr\/\",\"name\":\"ROYS\u0130S | Etiket ve Barkod Bask\u0131 Sistemleri\",\"description\":\"\",\"publisher\":{\"@id\":\"https:\/\/roysis.com\/tr\/#organization\"},\"potentialAction\":[{\"@type\":\"SearchAction\",\"target\":{\"@type\":\"EntryPoint\",\"urlTemplate\":\"https:\/\/roysis.com\/tr\/?s={search_term_string}\"},\"query-input\":{\"@type\":\"PropertyValueSpecification\",\"valueRequired\":true,\"valueName\":\"search_term_string\"}}],\"inLanguage\":\"tr\"},{\"@type\":\"Organization\",\"@id\":\"https:\/\/roysis.com\/tr\/#organization\",\"name\":\"ROYS\u0130S | Etiket ve Barkod Bask\u0131 Sistemleri\",\"url\":\"https:\/\/roysis.com\/tr\/\",\"logo\":{\"@type\":\"ImageObject\",\"inLanguage\":\"tr\",\"@id\":\"https:\/\/roysis.com\/tr\/#\/schema\/logo\/image\/\",\"url\":\"https:\/\/roysis.com\/tr\/wp-content\/uploads\/2017\/07\/roysis-logo.png\",\"contentUrl\":\"https:\/\/roysis.com\/tr\/wp-content\/uploads\/2017\/07\/roysis-logo.png\",\"width\":4500,\"height\":1475,\"caption\":\"ROYS\u0130S | Etiket ve Barkod Bask\u0131 Sistemleri\"},\"image\":{\"@id\":\"https:\/\/roysis.com\/tr\/#\/schema\/logo\/image\/\"}}]}<\/script>\n<!-- \/ Yoast SEO plugin. -->","yoast_head_json":{"title":"\u00c7evre ve \u0130SG Politikam\u0131z | ROYS\u0130S | Etiket ve Barkod Bask\u0131 Sistemleri","robots":{"index":"index","follow":"follow","max-snippet":"max-snippet:-1","max-image-preview":"max-image-preview:large","max-video-preview":"max-video-preview:-1"},"canonical":"https:\/\/roysis.com\/tr\/cevre-ve-isg-politikamiz\/","og_locale":"tr_TR","og_type":"article","og_title":"\u00c7evre ve \u0130SG Politikam\u0131z | ROYS\u0130S | Etiket ve Barkod Bask\u0131 Sistemleri","og_url":"https:\/\/roysis.com\/tr\/cevre-ve-isg-politikamiz\/","og_site_name":"ROYS\u0130S | Etiket ve Barkod Bask\u0131 Sistemleri","article_modified_time":"2024-03-21T08:10:44+00:00","og_image":[{"width":950,"height":634,"url":"https:\/\/roysis.com\/tr\/wp-content\/uploads\/2024\/03\/cevre-ve-isg-politikamiz.jpg","type":"image\/jpeg"}],"twitter_card":"summary_large_image","twitter_misc":{"Tahmini okuma s\u00fcresi":"2 dakika"},"schema":{"@context":"https:\/\/schema.org","@graph":[{"@type":"WebPage","@id":"https:\/\/roysis.com\/tr\/cevre-ve-isg-politikamiz\/","url":"https:\/\/roysis.com\/tr\/cevre-ve-isg-politikamiz\/","name":"\u00c7evre ve \u0130SG Politikam\u0131z | ROYS\u0130S | Etiket ve Barkod Bask\u0131 Sistemleri","isPartOf":{"@id":"https:\/\/roysis.com\/tr\/#website"},"primaryImageOfPage":{"@id":"https:\/\/roysis.com\/tr\/cevre-ve-isg-politikamiz\/#primaryimage"},"image":{"@id":"https:\/\/roysis.com\/tr\/cevre-ve-isg-politikamiz\/#primaryimage"},"thumbnailUrl":"https:\/\/roysis.com\/tr\/wp-content\/uploads\/2024\/03\/cevre-ve-isg-politikamiz.jpg","datePublished":"2024-03-19T13:13:57+00:00","dateModified":"2024-03-21T08:10:44+00:00","breadcrumb":{"@id":"https:\/\/roysis.com\/tr\/cevre-ve-isg-politikamiz\/#breadcrumb"},"inLanguage":"tr","potentialAction":[{"@type":"ReadAction","target":["https:\/\/roysis.com\/tr\/cevre-ve-isg-politikamiz\/"]}]},{"@type":"ImageObject","inLanguage":"tr","@id":"https:\/\/roysis.com\/tr\/cevre-ve-isg-politikamiz\/#primaryimage","url":"https:\/\/roysis.com\/tr\/wp-content\/uploads\/2024\/03\/cevre-ve-isg-politikamiz.jpg","contentUrl":"https:\/\/roysis.com\/tr\/wp-content\/uploads\/2024\/03\/cevre-ve-isg-politikamiz.jpg","width":950,"height":634},{"@type":"BreadcrumbList","@id":"https:\/\/roysis.com\/tr\/cevre-ve-isg-politikamiz\/#breadcrumb","itemListElement":[{"@type":"ListItem","position":1,"name":"Anasayfa","item":"https:\/\/roysis.com\/tr\/"},{"@type":"ListItem","position":2,"name":"\u00c7evre ve \u0130SG Politikam\u0131z"}]},{"@type":"WebSite","@id":"https:\/\/roysis.com\/tr\/#website","url":"https:\/\/roysis.com\/tr\/","name":"ROYS\u0130S | Etiket ve Barkod Bask\u0131 Sistemleri","description":"","publisher":{"@id":"https:\/\/roysis.com\/tr\/#organization"},"potentialAction":[{"@type":"SearchAction","target":{"@type":"EntryPoint","urlTemplate":"https:\/\/roysis.com\/tr\/?s={search_term_string}"},"query-input":{"@type":"PropertyValueSpecification","valueRequired":true,"valueName":"search_term_string"}}],"inLanguage":"tr"},{"@type":"Organization","@id":"https:\/\/roysis.com\/tr\/#organization","name":"ROYS\u0130S | Etiket ve Barkod Bask\u0131 Sistemleri","url":"https:\/\/roysis.com\/tr\/","logo":{"@type":"ImageObject","inLanguage":"tr","@id":"https:\/\/roysis.com\/tr\/#\/schema\/logo\/image\/","url":"https:\/\/roysis.com\/tr\/wp-content\/uploads\/2017\/07\/roysis-logo.png","contentUrl":"https:\/\/roysis.com\/tr\/wp-content\/uploads\/2017\/07\/roysis-logo.png","width":4500,"height":1475,"caption":"ROYS\u0130S | Etiket ve Barkod Bask\u0131 Sistemleri"},"image":{"@id":"https:\/\/roysis.com\/tr\/#\/schema\/logo\/image\/"}}]}},"_links":{"self":[{"href":"https:\/\/roysis.com\/tr\/wp-json\/wp\/v2\/pages\/9204","targetHints":{"allow":["GET"]}}],"collection":[{"href":"https:\/\/roysis.com\/tr\/wp-json\/wp\/v2\/pages"}],"about":[{"href":"https:\/\/roysis.com\/tr\/wp-json\/wp\/v2\/types\/page"}],"author":[{"embeddable":true,"href":"https:\/\/roysis.com\/tr\/wp-json\/wp\/v2\/users\/1"}],"replies":[{"embeddable":true,"href":"https:\/\/roysis.com\/tr\/wp-json\/wp\/v2\/comments?post=9204"}],"version-history":[{"count":6,"href":"https:\/\/roysis.com\/tr\/wp-json\/wp\/v2\/pages\/9204\/revisions"}],"predecessor-version":[{"id":9347,"href":"https:\/\/roysis.com\/tr\/wp-json\/wp\/v2\/pages\/9204\/revisions\/9347"}],"wp:featuredmedia":[{"embeddable":true,"href":"https:\/\/roysis.com\/tr\/wp-json\/wp\/v2\/media\/9288"}],"wp:attachment":[{"href":"https:\/\/roysis.com\/tr\/wp-json\/wp\/v2\/media?parent=9204"}],"curies":[{"name":"wp","href":"https:\/\/api.w.org\/{rel}","templated":true}]}}