{"id":9208,"date":"2024-03-19T16:20:00","date_gmt":"2024-03-19T13:20:00","guid":{"rendered":"https:\/\/roysis.com\/tr\/?page_id=9208"},"modified":"2024-03-21T11:10:14","modified_gmt":"2024-03-21T08:10:14","slug":"insan-haklari-ve-sosyal-sorumluluk-politikamiz","status":"publish","type":"page","link":"https:\/\/roysis.com\/tr\/insan-haklari-ve-sosyal-sorumluluk-politikamiz\/","title":{"rendered":"\u0130nsan Haklar\u0131 ve Sosyal Sorumluluk Politikam\u0131z"},"content":{"rendered":"<section class=\"l-section wpb_row height_custom\"><div class=\"l-section-h i-cf\"><div class=\"g-cols vc_row via_grid cols_1 laptops-cols_inherit tablets-cols_inherit mobiles-cols_1 valign_top type_default stacking_default\"><div class=\"wpb_column vc_column_container\"><div class=\"vc_column-inner\"><div class=\"g-cols wpb_row via_grid cols_1 laptops-cols_inherit tablets-cols_inherit mobiles-cols_1 valign_top type_default stacking_default\" style=\"--gap:3rem;\"><div class=\"wpb_column vc_column_container\"><div class=\"vc_column-inner\"><div class=\"wpb_text_column\"><div class=\"wpb_wrapper\"><p>Roysis Etiket ve Barkod Bask\u0131 Sistemleri olarak \u00e7al\u0131\u015fanlar\u0131m\u0131z, m\u00fc\u015fterilerimiz ve tedarik\u00e7ilerimizle birlikte faaliyetlerimizi \u00e7a\u011f\u0131n gerekleri, d\u00fcr\u00fcstl\u00fck ve g\u00fcven i\u00e7inde s\u00fcrd\u00fcrmeyi hedeflemekteyiz. Toplum bilinci ile \u00fcretim tesisimizde t\u00fcm i\u015f ortaklar\u0131m\u0131za \u015firket politikam\u0131z\u0131 sunmakta \u00f6ncelikle yasalar\u0131m\u0131za, m\u00fc\u015fterilerimizin \u00fcretim prosed\u00fcrlerine ve sosyal standartlara uygun olarak \u00e7al\u0131\u015fmakta ve onlar\u0131 bu anlay\u0131\u015fa ortak olmaya davet etmekteyiz.<\/p>\n<p>Firmam\u0131z \u015firket politikas\u0131 a\u015fa\u011f\u0131da belirtilmi\u015f kriterleri i\u00e7ermektedir.<\/p>\n<p>Firmam\u0131zda \u00e7al\u0131\u015fma ya\u015f\u0131 yasalar\u0131n belirledi\u011fi gibi olup, \u00e7ocuk i\u015f\u00e7i \u00e7al\u0131\u015ft\u0131r\u0131lmas\u0131na m\u00fcsaade edilmemekte ve desteklenmemektedir.<br \/>\n\u0130\u015fletmedeki \u00e7al\u0131\u015fanlar\u0131n tehlikeli i\u015flerde \u00e7al\u0131\u015f\u0131lmas\u0131na m\u00fcsaade edilmemekte ve desteklenmemektedir.<\/p>\n<p>\u015eirketimiz \u00e7al\u0131\u015fanlar\u0131n\u0131 hi\u00e7bir konuda bask\u0131 alt\u0131nda \u00e7al\u0131\u015ft\u0131rmamaktad\u0131r. T\u00fcm \u00e7al\u0131\u015fanlar e\u015fit \u015fartlar alt\u0131nda kendi r\u0131zalar\u0131 ile uygun pozisyonlarda istihdam edilmektedir.<\/p>\n<p>T\u00fcm \u00e7al\u0131\u015fanlar\u0131n\u0131n sa\u011fl\u0131\u011f\u0131 ve g\u00fcvenli\u011fi i\u00e7in yasal gereklilikleri yerine getirmekte, personelin t\u00fcm sa\u011fl\u0131k ve g\u00fcvenlik risklerini \u00f6nlemek i\u00e7in gerekli tedbirleri almakta ve e\u011fitim olanaklar\u0131 ile geli\u015fimlerini destekleyip i\u015f sa\u011fl\u0131\u011f\u0131 ve g\u00fcvenli\u011fini sa\u011flamaktad\u0131r.<\/p>\n<p>\u00c7al\u0131\u015fanlar\u0131m\u0131z\u0131n \u00e7al\u0131\u015fma ortam\u0131 yeterli donan\u0131ma sahip olup, temel ihtiya\u00e7lar\u0131n\u0131 hijyenik ko\u015fullarda sa\u011flamalar\u0131 i\u00e7in her t\u00fcrl\u00fc imkan sunulmaktad\u0131r.<\/p>\n<p>\u00c7al\u0131\u015fanlar\u0131m\u0131z \u00f6zg\u00fcr olduklar\u0131 gibi toplu s\u00f6zle\u015fme ve birlik kurma konusunda da \u00f6zg\u00fcrd\u00fcrler.<\/p>\n<p>\u00c7al\u0131\u015fanlar\u0131m\u0131z fikir, inan\u00e7 \u00f6zg\u00fcrl\u00fc\u011f\u00fcne sahip olup, hi\u00e7bir \u00e7al\u0131\u015fan\u0131m\u0131za dil, din, \u0131rk, cinsiyet, sosyal s\u0131n\u0131f, ya\u015f ve birlik \u00fcyeli\u011fi gibi konularda ayr\u0131mc\u0131l\u0131k uygulanmamaktad\u0131r.<\/p>\n<p>ROYSIS \u00e7al\u0131\u015fma saatlerini yasalar\u0131n \u00f6ng\u00f6rd\u00fc\u011f\u00fc \u015fekilde d\u00fczenlemekte, d\u00fczenli olarak fazla mesai yapmamakta ve \u00e7al\u0131\u015fanlar\u0131na haftada iki g\u00fcn izin vermektedir.<\/p>\n<p>\u00dccret politikas\u0131 \u00e7al\u0131\u015fanlar\u0131m\u0131z\u0131n bilgi ve becerilerine g\u00f6re de\u011ferlendirilmekte ve asgari \u00fccretin alt\u0131nda \u00f6deme yap\u0131lmamaktad\u0131r.<\/p>\n<p>\u00c7al\u0131\u015fanlar istek ve \u015fik\u00e2yetlerini i\u015f\u00e7i temsilcileri vas\u0131tas\u0131 ile y\u00f6netime bildirmekte ve bu konular\u0131n \u00e7\u00f6z\u00fcmleri y\u00f6netim taraf\u0131ndan analiz edilerek sonu\u00e7land\u0131r\u0131lmaktad\u0131r.<\/p>\n<p>Hi\u00e7bir \u00e7al\u0131\u015fan\u0131m\u0131z fiziki veya maddi disiplin kurallar\u0131nca disipline edilmemekte, \u00e7al\u0131\u015fanlar\u0131m\u0131z\u0131n geli\u015fimi e\u011fitimler ve talimatlar ile sa\u011flanmaktad\u0131r.<\/p>\n<p>\u015eirket politikas\u0131ndaki t\u00fcm kriterleri sosyal y\u00f6netim ve kalite y\u00f6netim sistemleri ile kontrol alt\u0131na almakta ve \u00e7a\u011fda\u015f bir y\u00f6netim sistemi ile y\u00f6netmekte, faaliyetlerini s\u00fcrd\u00fcrmeyi t\u00fcm tedarik\u00e7ileri ve i\u015f ortaklar\u0131 ile birlikte hedeflemektedir.<\/p>\n<p>\u0130\u015fveren ve \u00e7al\u0131\u015fanlar aras\u0131nda sosyal haklar ve \u00e7al\u0131\u015fma ko\u015fullar\u0131 konusunda d\u00fczenli toplant\u0131lar yap\u0131lmaktad\u0131r.<\/p>\n<p>Gen\u00e7 i\u015f\u00e7i \u00e7al\u0131\u015fma saatleri 40 saat, 18 ya\u015f \u00fcst\u00fc \u00e7al\u0131\u015fma saatleri 45 saattir.<\/p>\n<\/div><\/div><\/div><\/div><\/div><div class=\"w-separator size_medium\"><\/div><\/div><\/div><\/div><\/div><\/section>\n","protected":false},"excerpt":{"rendered":"Roysis Etiket ve Barkod Bask\u0131 Sistemleri olarak \u00e7al\u0131\u015fanlar\u0131m\u0131z, m\u00fc\u015fterilerimiz ve tedarik\u00e7ilerimizle birlikte faaliyetlerimizi \u00e7a\u011f\u0131n gerekleri, d\u00fcr\u00fcstl\u00fck ve g\u00fcven i\u00e7inde s\u00fcrd\u00fcrmeyi hedeflemekteyiz. Toplum bilinci ile \u00fcretim tesisimizde t\u00fcm i\u015f ortaklar\u0131m\u0131za \u015firket politikam\u0131z\u0131 sunmakta \u00f6ncelikle yasalar\u0131m\u0131za, m\u00fc\u015fterilerimizin \u00fcretim prosed\u00fcrlerine ve sosyal standartlara uygun olarak \u00e7al\u0131\u015fmakta ve onlar\u0131 bu anlay\u0131\u015fa ortak olmaya davet etmekteyiz. Firmam\u0131z \u015firket politikas\u0131 a\u015fa\u011f\u0131da...","protected":false},"author":1,"featured_media":9249,"parent":0,"menu_order":0,"comment_status":"closed","ping_status":"closed","template":"","meta":{"_acf_changed":false,"footnotes":""},"class_list":["post-9208","page","type-page","status-publish","has-post-thumbnail","hentry"],"acf":[],"yoast_head":"<!-- This site is optimized with the Yoast SEO plugin v23.9 - https:\/\/yoast.com\/wordpress\/plugins\/seo\/ -->\n<title>\u0130nsan Haklar\u0131 ve Sosyal Sorumluluk Politikam\u0131z | ROYS\u0130S | Etiket ve Barkod Bask\u0131 Sistemleri<\/title>\n<meta name=\"robots\" content=\"index, follow, max-snippet:-1, max-image-preview:large, max-video-preview:-1\" \/>\n<link rel=\"canonical\" href=\"https:\/\/roysis.com\/tr\/insan-haklari-ve-sosyal-sorumluluk-politikamiz\/\" \/>\n<meta property=\"og:locale\" content=\"tr_TR\" \/>\n<meta property=\"og:type\" content=\"article\" \/>\n<meta property=\"og:title\" content=\"\u0130nsan Haklar\u0131 ve Sosyal Sorumluluk Politikam\u0131z | ROYS\u0130S | Etiket ve Barkod Bask\u0131 Sistemleri\" \/>\n<meta property=\"og:url\" content=\"https:\/\/roysis.com\/tr\/insan-haklari-ve-sosyal-sorumluluk-politikamiz\/\" \/>\n<meta property=\"og:site_name\" content=\"ROYS\u0130S | Etiket ve Barkod Bask\u0131 Sistemleri\" \/>\n<meta property=\"article:modified_time\" content=\"2024-03-21T08:10:14+00:00\" \/>\n<meta property=\"og:image\" content=\"https:\/\/roysis.com\/tr\/wp-content\/uploads\/2024\/03\/insan-haklari-ve-sosyal-sorumluluk-politikamiz.jpg\" \/>\n\t<meta property=\"og:image:width\" content=\"950\" \/>\n\t<meta property=\"og:image:height\" content=\"633\" \/>\n\t<meta property=\"og:image:type\" content=\"image\/jpeg\" \/>\n<meta name=\"twitter:card\" content=\"summary_large_image\" \/>\n<meta name=\"twitter:label1\" content=\"Tahmini okuma s\u00fcresi\" \/>\n\t<meta name=\"twitter:data1\" content=\"3 dakika\" \/>\n<script type=\"application\/ld+json\" class=\"yoast-schema-graph\">{\"@context\":\"https:\/\/schema.org\",\"@graph\":[{\"@type\":\"WebPage\",\"@id\":\"https:\/\/roysis.com\/tr\/insan-haklari-ve-sosyal-sorumluluk-politikamiz\/\",\"url\":\"https:\/\/roysis.com\/tr\/insan-haklari-ve-sosyal-sorumluluk-politikamiz\/\",\"name\":\"\u0130nsan Haklar\u0131 ve Sosyal Sorumluluk Politikam\u0131z | ROYS\u0130S | Etiket ve Barkod Bask\u0131 Sistemleri\",\"isPartOf\":{\"@id\":\"https:\/\/roysis.com\/tr\/#website\"},\"primaryImageOfPage\":{\"@id\":\"https:\/\/roysis.com\/tr\/insan-haklari-ve-sosyal-sorumluluk-politikamiz\/#primaryimage\"},\"image\":{\"@id\":\"https:\/\/roysis.com\/tr\/insan-haklari-ve-sosyal-sorumluluk-politikamiz\/#primaryimage\"},\"thumbnailUrl\":\"https:\/\/roysis.com\/tr\/wp-content\/uploads\/2024\/03\/insan-haklari-ve-sosyal-sorumluluk-politikamiz.jpg\",\"datePublished\":\"2024-03-19T13:20:00+00:00\",\"dateModified\":\"2024-03-21T08:10:14+00:00\",\"breadcrumb\":{\"@id\":\"https:\/\/roysis.com\/tr\/insan-haklari-ve-sosyal-sorumluluk-politikamiz\/#breadcrumb\"},\"inLanguage\":\"tr\",\"potentialAction\":[{\"@type\":\"ReadAction\",\"target\":[\"https:\/\/roysis.com\/tr\/insan-haklari-ve-sosyal-sorumluluk-politikamiz\/\"]}]},{\"@type\":\"ImageObject\",\"inLanguage\":\"tr\",\"@id\":\"https:\/\/roysis.com\/tr\/insan-haklari-ve-sosyal-sorumluluk-politikamiz\/#primaryimage\",\"url\":\"https:\/\/roysis.com\/tr\/wp-content\/uploads\/2024\/03\/insan-haklari-ve-sosyal-sorumluluk-politikamiz.jpg\",\"contentUrl\":\"https:\/\/roysis.com\/tr\/wp-content\/uploads\/2024\/03\/insan-haklari-ve-sosyal-sorumluluk-politikamiz.jpg\",\"width\":950,\"height\":633},{\"@type\":\"BreadcrumbList\",\"@id\":\"https:\/\/roysis.com\/tr\/insan-haklari-ve-sosyal-sorumluluk-politikamiz\/#breadcrumb\",\"itemListElement\":[{\"@type\":\"ListItem\",\"position\":1,\"name\":\"Anasayfa\",\"item\":\"https:\/\/roysis.com\/tr\/\"},{\"@type\":\"ListItem\",\"position\":2,\"name\":\"\u0130nsan Haklar\u0131 ve Sosyal Sorumluluk Politikam\u0131z\"}]},{\"@type\":\"WebSite\",\"@id\":\"https:\/\/roysis.com\/tr\/#website\",\"url\":\"https:\/\/roysis.com\/tr\/\",\"name\":\"ROYS\u0130S | Etiket ve Barkod Bask\u0131 Sistemleri\",\"description\":\"\",\"publisher\":{\"@id\":\"https:\/\/roysis.com\/tr\/#organization\"},\"potentialAction\":[{\"@type\":\"SearchAction\",\"target\":{\"@type\":\"EntryPoint\",\"urlTemplate\":\"https:\/\/roysis.com\/tr\/?s={search_term_string}\"},\"query-input\":{\"@type\":\"PropertyValueSpecification\",\"valueRequired\":true,\"valueName\":\"search_term_string\"}}],\"inLanguage\":\"tr\"},{\"@type\":\"Organization\",\"@id\":\"https:\/\/roysis.com\/tr\/#organization\",\"name\":\"ROYS\u0130S | Etiket ve Barkod Bask\u0131 Sistemleri\",\"url\":\"https:\/\/roysis.com\/tr\/\",\"logo\":{\"@type\":\"ImageObject\",\"inLanguage\":\"tr\",\"@id\":\"https:\/\/roysis.com\/tr\/#\/schema\/logo\/image\/\",\"url\":\"https:\/\/roysis.com\/tr\/wp-content\/uploads\/2017\/07\/roysis-logo.png\",\"contentUrl\":\"https:\/\/roysis.com\/tr\/wp-content\/uploads\/2017\/07\/roysis-logo.png\",\"width\":4500,\"height\":1475,\"caption\":\"ROYS\u0130S | Etiket ve Barkod Bask\u0131 Sistemleri\"},\"image\":{\"@id\":\"https:\/\/roysis.com\/tr\/#\/schema\/logo\/image\/\"}}]}<\/script>\n<!-- \/ Yoast SEO plugin. -->","yoast_head_json":{"title":"\u0130nsan Haklar\u0131 ve Sosyal Sorumluluk Politikam\u0131z | ROYS\u0130S | Etiket ve Barkod Bask\u0131 Sistemleri","robots":{"index":"index","follow":"follow","max-snippet":"max-snippet:-1","max-image-preview":"max-image-preview:large","max-video-preview":"max-video-preview:-1"},"canonical":"https:\/\/roysis.com\/tr\/insan-haklari-ve-sosyal-sorumluluk-politikamiz\/","og_locale":"tr_TR","og_type":"article","og_title":"\u0130nsan Haklar\u0131 ve Sosyal Sorumluluk Politikam\u0131z | ROYS\u0130S | Etiket ve Barkod Bask\u0131 Sistemleri","og_url":"https:\/\/roysis.com\/tr\/insan-haklari-ve-sosyal-sorumluluk-politikamiz\/","og_site_name":"ROYS\u0130S | Etiket ve Barkod Bask\u0131 Sistemleri","article_modified_time":"2024-03-21T08:10:14+00:00","og_image":[{"width":950,"height":633,"url":"https:\/\/roysis.com\/tr\/wp-content\/uploads\/2024\/03\/insan-haklari-ve-sosyal-sorumluluk-politikamiz.jpg","type":"image\/jpeg"}],"twitter_card":"summary_large_image","twitter_misc":{"Tahmini okuma s\u00fcresi":"3 dakika"},"schema":{"@context":"https:\/\/schema.org","@graph":[{"@type":"WebPage","@id":"https:\/\/roysis.com\/tr\/insan-haklari-ve-sosyal-sorumluluk-politikamiz\/","url":"https:\/\/roysis.com\/tr\/insan-haklari-ve-sosyal-sorumluluk-politikamiz\/","name":"\u0130nsan Haklar\u0131 ve Sosyal Sorumluluk Politikam\u0131z | ROYS\u0130S | Etiket ve Barkod Bask\u0131 Sistemleri","isPartOf":{"@id":"https:\/\/roysis.com\/tr\/#website"},"primaryImageOfPage":{"@id":"https:\/\/roysis.com\/tr\/insan-haklari-ve-sosyal-sorumluluk-politikamiz\/#primaryimage"},"image":{"@id":"https:\/\/roysis.com\/tr\/insan-haklari-ve-sosyal-sorumluluk-politikamiz\/#primaryimage"},"thumbnailUrl":"https:\/\/roysis.com\/tr\/wp-content\/uploads\/2024\/03\/insan-haklari-ve-sosyal-sorumluluk-politikamiz.jpg","datePublished":"2024-03-19T13:20:00+00:00","dateModified":"2024-03-21T08:10:14+00:00","breadcrumb":{"@id":"https:\/\/roysis.com\/tr\/insan-haklari-ve-sosyal-sorumluluk-politikamiz\/#breadcrumb"},"inLanguage":"tr","potentialAction":[{"@type":"ReadAction","target":["https:\/\/roysis.com\/tr\/insan-haklari-ve-sosyal-sorumluluk-politikamiz\/"]}]},{"@type":"ImageObject","inLanguage":"tr","@id":"https:\/\/roysis.com\/tr\/insan-haklari-ve-sosyal-sorumluluk-politikamiz\/#primaryimage","url":"https:\/\/roysis.com\/tr\/wp-content\/uploads\/2024\/03\/insan-haklari-ve-sosyal-sorumluluk-politikamiz.jpg","contentUrl":"https:\/\/roysis.com\/tr\/wp-content\/uploads\/2024\/03\/insan-haklari-ve-sosyal-sorumluluk-politikamiz.jpg","width":950,"height":633},{"@type":"BreadcrumbList","@id":"https:\/\/roysis.com\/tr\/insan-haklari-ve-sosyal-sorumluluk-politikamiz\/#breadcrumb","itemListElement":[{"@type":"ListItem","position":1,"name":"Anasayfa","item":"https:\/\/roysis.com\/tr\/"},{"@type":"ListItem","position":2,"name":"\u0130nsan Haklar\u0131 ve Sosyal Sorumluluk Politikam\u0131z"}]},{"@type":"WebSite","@id":"https:\/\/roysis.com\/tr\/#website","url":"https:\/\/roysis.com\/tr\/","name":"ROYS\u0130S | Etiket ve Barkod Bask\u0131 Sistemleri","description":"","publisher":{"@id":"https:\/\/roysis.com\/tr\/#organization"},"potentialAction":[{"@type":"SearchAction","target":{"@type":"EntryPoint","urlTemplate":"https:\/\/roysis.com\/tr\/?s={search_term_string}"},"query-input":{"@type":"PropertyValueSpecification","valueRequired":true,"valueName":"search_term_string"}}],"inLanguage":"tr"},{"@type":"Organization","@id":"https:\/\/roysis.com\/tr\/#organization","name":"ROYS\u0130S | Etiket ve Barkod Bask\u0131 Sistemleri","url":"https:\/\/roysis.com\/tr\/","logo":{"@type":"ImageObject","inLanguage":"tr","@id":"https:\/\/roysis.com\/tr\/#\/schema\/logo\/image\/","url":"https:\/\/roysis.com\/tr\/wp-content\/uploads\/2017\/07\/roysis-logo.png","contentUrl":"https:\/\/roysis.com\/tr\/wp-content\/uploads\/2017\/07\/roysis-logo.png","width":4500,"height":1475,"caption":"ROYS\u0130S | Etiket ve Barkod Bask\u0131 Sistemleri"},"image":{"@id":"https:\/\/roysis.com\/tr\/#\/schema\/logo\/image\/"}}]}},"_links":{"self":[{"href":"https:\/\/roysis.com\/tr\/wp-json\/wp\/v2\/pages\/9208","targetHints":{"allow":["GET"]}}],"collection":[{"href":"https:\/\/roysis.com\/tr\/wp-json\/wp\/v2\/pages"}],"about":[{"href":"https:\/\/roysis.com\/tr\/wp-json\/wp\/v2\/types\/page"}],"author":[{"embeddable":true,"href":"https:\/\/roysis.com\/tr\/wp-json\/wp\/v2\/users\/1"}],"replies":[{"embeddable":true,"href":"https:\/\/roysis.com\/tr\/wp-json\/wp\/v2\/comments?post=9208"}],"version-history":[{"count":6,"href":"https:\/\/roysis.com\/tr\/wp-json\/wp\/v2\/pages\/9208\/revisions"}],"predecessor-version":[{"id":9345,"href":"https:\/\/roysis.com\/tr\/wp-json\/wp\/v2\/pages\/9208\/revisions\/9345"}],"wp:featuredmedia":[{"embeddable":true,"href":"https:\/\/roysis.com\/tr\/wp-json\/wp\/v2\/media\/9249"}],"wp:attachment":[{"href":"https:\/\/roysis.com\/tr\/wp-json\/wp\/v2\/media?parent=9208"}],"curies":[{"name":"wp","href":"https:\/\/api.w.org\/{rel}","templated":true}]}}